{"id":3510,"date":"2024-11-12T07:04:30","date_gmt":"2024-11-12T07:04:30","guid":{"rendered":"https:\/\/lamiaselfie.com\/product\/guld-baggrund-2x2-meter\/"},"modified":"2024-11-12T07:04:30","modified_gmt":"2024-11-12T07:04:30","slug":"guld-baggrund-2x2-meter","status":"publish","type":"product","link":"https:\/\/lamiaselfie.com\/da\/product\/guld-baggrund-2x2-meter\/","title":{"rendered":"Guld Baggrund (2&#215;2 meter)"},"content":{"rendered":"<p><strong>Guld Baggrund (2&#215;2 meter) &#8211; Perfekt til din Partyselfie!<\/strong><\/p>\n<p>Skab den perfekte, festlige ramme til dine billeder med vores guld baggrund (2&#215;2 meter)! Denne baggrund giver et elegant og glitrende touch, der er ideel til alle tidligere til fester, events eller fejring af specielle lejligheder. Uanset om du holder en nyt\u00e5rsfest, en f\u00f8dselsdag eller en festlig samling, vil denne baggrund sikre, at dine Partyselfies f\u00e5r et luksuri\u00f8st og glamour\u00f8st udtryk.  <\/p>\n<p><strong>Specifikationer:<\/strong><\/p>\n<ul>\n<li><strong>St\u00f8rrelse:<\/strong> 2&#215;2 meter &#8211; Perfekt til at skabe et imponerende fotohj\u00f8rne.<\/li>\n<li><strong>Selvkl\u00e6bende tape i toppen<\/strong> &#8211; Lad at h\u00e6nge op og hurtigt at s\u00e6tte p\u00e5 plads.<\/li>\n<li><strong>Placeringsvejledning:<\/strong> Da baggrunden er 2 meter bred og 2 meter h\u00f8j, anbefales det at placere din Partyselfie maks. 1,5 meter fra baggrunden for at f\u00e5 den optimale d\u00e6kning p\u00e5 billederne. <\/li>\n<li>Alternativt kan flere baggrunde s\u00e6ttes sammen, eller du kan arrangere dem ovenp\u00e5 hinanden for endnu bedre d\u00e6kning og st\u00f8rre effekt.<\/li>\n<\/ul>\n<p>Guld baggrunden er ideel til at tilf\u00f8je en ekstra festlig og glamour\u00f8s atmosf\u00e6re til dine billeder. Bestil din guld baggrund til Partyselfie i dag og g\u00f8r din fejring endnu mere uforglemmelig!<\/p>\n","protected":false},"excerpt":{"rendered":"<p><strong>Guld Baggrund (2&#215;2 meter) &#8211; Skab den perfekte ramme til din Partyselfie!<\/strong><\/p>\n<p>Denne 2&#215;2 meter guld baggrund er perfekt til at skabe en festlig og glamour\u00f8s ramme til dine Partyselfies! Den er let at ops\u00e6tte med selvkl\u00e6bende tape og giver en smuk, glitrende effekt til dine billeder. S\u00e6t den op alene eller kombiner\u00e9r flere baggrunde for ekstra d\u00e6kning.  <\/p>\n","protected":false},"featured_media":3038,"template":"","meta":{"site-sidebar-layout":"default","site-content-layout":"","ast-site-content-layout":"default","site-content-style":"default","site-sidebar-style":"default","ast-global-header-display":"","ast-banner-title-visibility":"","ast-main-header-display":"","ast-hfb-above-header-display":"","ast-hfb-below-header-display":"","ast-hfb-mobile-header-display":"","site-post-title":"","ast-breadcrumbs-content":"","ast-featured-img":"","footer-sml-layout":"","theme-transparent-header-meta":"default","adv-header-id-meta":"","stick-header-meta":"","header-above-stick-meta":"","header-main-stick-meta":"","header-below-stick-meta":"","astra-migrate-meta-layouts":"default","ast-page-background-enabled":"default","ast-page-background-meta":{"desktop":{"background-color":"var(--ast-global-color-4)","background-image":"","background-repeat":"repeat","background-position":"center center","background-size":"auto","background-attachment":"scroll","background-type":"","background-media":"","overlay-type":"","overlay-color":"","overlay-opacity":"","overlay-gradient":""},"tablet":{"background-color":"","background-image":"","background-repeat":"repeat","background-position":"center center","background-size":"auto","background-attachment":"scroll","background-type":"","background-media":"","overlay-type":"","overlay-color":"","overlay-opacity":"","overlay-gradient":""},"mobile":{"background-color":"","background-image":"","background-repeat":"repeat","background-position":"center center","background-size":"auto","background-attachment":"scroll","background-type":"","background-media":"","overlay-type":"","overlay-color":"","overlay-opacity":"","overlay-gradient":""}},"ast-content-background-meta":{"desktop":{"background-color":"var(--ast-global-color-5)","background-image":"","background-repeat":"repeat","background-position":"center center","background-size":"auto","background-attachment":"scroll","background-type":"","background-media":"","overlay-type":"","overlay-color":"","overlay-opacity":"","overlay-gradient":""},"tablet":{"background-color":"var(--ast-global-color-5)","background-image":"","background-repeat":"repeat","background-position":"center center","background-size":"auto","background-attachment":"scroll","background-type":"","background-media":"","overlay-type":"","overlay-color":"","overlay-opacity":"","overlay-gradient":""},"mobile":{"background-color":"var(--ast-global-color-5)","background-image":"","background-repeat":"repeat","background-position":"center center","background-size":"auto","background-attachment":"scroll","background-type":"","background-media":"","overlay-type":"","overlay-color":"","overlay-opacity":"","overlay-gradient":""}}},"product_cat":[122],"product_tag":[],"mwb_booking_cost":[],"mwb_booking_service":[],"class_list":{"0":"post-3510","1":"product","2":"type-product","3":"status-publish","4":"has-post-thumbnail","6":"product_cat-baggrunde","7":"desktop-align-left","8":"tablet-align-left","9":"mobile-align-left","11":"first","12":"instock","13":"sale","14":"taxable","15":"shipping-taxable","16":"purchasable","17":"product-type-simple"},"_links":{"self":[{"href":"https:\/\/lamiaselfie.com\/da\/wp-json\/wp\/v2\/product\/3510","targetHints":{"allow":["GET"]}}],"collection":[{"href":"https:\/\/lamiaselfie.com\/da\/wp-json\/wp\/v2\/product"}],"about":[{"href":"https:\/\/lamiaselfie.com\/da\/wp-json\/wp\/v2\/types\/product"}],"version-history":[{"count":0,"href":"https:\/\/lamiaselfie.com\/da\/wp-json\/wp\/v2\/product\/3510\/revisions"}],"wp:featuredmedia":[{"embeddable":true,"href":"https:\/\/lamiaselfie.com\/da\/wp-json\/wp\/v2\/media\/3038"}],"wp:attachment":[{"href":"https:\/\/lamiaselfie.com\/da\/wp-json\/wp\/v2\/media?parent=3510"}],"wp:term":[{"taxonomy":"product_cat","embeddable":true,"href":"https:\/\/lamiaselfie.com\/da\/wp-json\/wp\/v2\/product_cat?post=3510"},{"taxonomy":"product_tag","embeddable":true,"href":"https:\/\/lamiaselfie.com\/da\/wp-json\/wp\/v2\/product_tag?post=3510"},{"taxonomy":"mwb_booking_cost","embeddable":true,"href":"https:\/\/lamiaselfie.com\/da\/wp-json\/wp\/v2\/mwb_booking_cost?post=3510"},{"taxonomy":"mwb_booking_service","embeddable":true,"href":"https:\/\/lamiaselfie.com\/da\/wp-json\/wp\/v2\/mwb_booking_service?post=3510"}],"curies":[{"name":"wp","href":"https:\/\/api.w.org\/{rel}","templated":true}]}}