{"id":3511,"date":"2024-11-12T06:36:06","date_gmt":"2024-11-12T06:36:06","guid":{"rendered":"https:\/\/lamiaselfie.com\/product\/nytaar-rekvisitter\/"},"modified":"2024-11-12T06:36:06","modified_gmt":"2024-11-12T06:36:06","slug":"nytaar-rekvisitter","status":"publish","type":"product","link":"https:\/\/lamiaselfie.com\/da\/product\/nytaar-rekvisitter\/","title":{"rendered":"Nyt\u00e5r Rekvisitter"},"content":{"rendered":"<p><strong>Nyt\u00e5rspakken &#8211; Skab den perfekte nyt\u00e5rsfest til din Partyselfie!<\/strong><\/p>\n<p>S\u00e6t gang i festlighederne og g\u00f8r din nyt\u00e5rsaften uforglemmelig med vores komplette Nyt\u00e5rspakke! Denne pakke indeholder alt, hvad du beh\u00f8ver for at skabe den perfekte ramme til de bedste nyt\u00e5rsbilleder og selfies. Fra glitrende rekvisitter til en stilfuld baggrund &#8211; vi har samlet de perfekte elementer, der g\u00f8r dit nyt\u00e5rsfest b\u00e5de glamour\u00f8st og sjovt.  <\/p>\n<p><strong>Pakken indeholder:<\/strong><\/p>\n<ul>\n<li><strong>Festlige rekvisitter<\/strong> &#8211; Fra champagneglas til glitter og stjerner, alt du beh\u00f8ver for at g\u00f8re dine billeder sjove og festlige.<\/li>\n<li><strong>Rekvisitholder<\/strong> &#8211; En praktisk holder til at organisere alle de sjove rekvisitter og g\u00f8re det nemt for g\u00e6sterne at finde de perfekte accessories.<\/li>\n<li><strong>Baggrund<\/strong> &#8211; En stilfuld og festlig baggrund, der s\u00e6tter den perfekte stemning for alle dine nyt\u00e5rsbilleder og selfies.<\/li>\n<li><strong>&#8220;Tag en Selfie&#8221; Plakat<\/strong> &#8211; En opfordrende plakat, der f\u00e5r alle til at tage del i festlighederne og skabe sjove minder.<\/li>\n<\/ul>\n<p>Med Nyt\u00e5rspakken er du klar til at fejre det nye \u00e5r med stil. Bestil din pakke i dag og g\u00f8r din nyt\u00e5rsfest til noget helt s\u00e6rligt!<\/p>\n","protected":false},"excerpt":{"rendered":"<p><strong>Nyt\u00e5rspakken &#8211; Skab den perfekte nyt\u00e5rsfest til din Partyselfie!<\/strong><\/p>\n<p>Fejr det nye \u00e5r med stil! Vores Nyt\u00e5rspakke indeholder festlige rekvisitter, en praktisk rekvisitholder, en stilfuld baggrund og en &#8220;Tag en Selfie&#8221;-plakat &#8211; alt du beh\u00f8ver for at skabe fantastiske nyt\u00e5rsbilleder og sjove \u00f8jeblikke. <\/p>\n","protected":false},"featured_media":3033,"template":"","meta":{"site-sidebar-layout":"default","site-content-layout":"","ast-site-content-layout":"default","site-content-style":"default","site-sidebar-style":"default","ast-global-header-display":"","ast-banner-title-visibility":"","ast-main-header-display":"","ast-hfb-above-header-display":"","ast-hfb-below-header-display":"","ast-hfb-mobile-header-display":"","site-post-title":"","ast-breadcrumbs-content":"","ast-featured-img":"","footer-sml-layout":"","theme-transparent-header-meta":"default","adv-header-id-meta":"","stick-header-meta":"","header-above-stick-meta":"","header-main-stick-meta":"","header-below-stick-meta":"","astra-migrate-meta-layouts":"default","ast-page-background-enabled":"default","ast-page-background-meta":{"desktop":{"background-color":"var(--ast-global-color-4)","background-image":"","background-repeat":"repeat","background-position":"center center","background-size":"auto","background-attachment":"scroll","background-type":"","background-media":"","overlay-type":"","overlay-color":"","overlay-opacity":"","overlay-gradient":""},"tablet":{"background-color":"","background-image":"","background-repeat":"repeat","background-position":"center center","background-size":"auto","background-attachment":"scroll","background-type":"","background-media":"","overlay-type":"","overlay-color":"","overlay-opacity":"","overlay-gradient":""},"mobile":{"background-color":"","background-image":"","background-repeat":"repeat","background-position":"center center","background-size":"auto","background-attachment":"scroll","background-type":"","background-media":"","overlay-type":"","overlay-color":"","overlay-opacity":"","overlay-gradient":""}},"ast-content-background-meta":{"desktop":{"background-color":"var(--ast-global-color-5)","background-image":"","background-repeat":"repeat","background-position":"center center","background-size":"auto","background-attachment":"scroll","background-type":"","background-media":"","overlay-type":"","overlay-color":"","overlay-opacity":"","overlay-gradient":""},"tablet":{"background-color":"var(--ast-global-color-5)","background-image":"","background-repeat":"repeat","background-position":"center center","background-size":"auto","background-attachment":"scroll","background-type":"","background-media":"","overlay-type":"","overlay-color":"","overlay-opacity":"","overlay-gradient":""},"mobile":{"background-color":"var(--ast-global-color-5)","background-image":"","background-repeat":"repeat","background-position":"center center","background-size":"auto","background-attachment":"scroll","background-type":"","background-media":"","overlay-type":"","overlay-color":"","overlay-opacity":"","overlay-gradient":""}}},"product_cat":[109],"product_tag":[],"mwb_booking_cost":[],"mwb_booking_service":[],"class_list":{"0":"post-3511","1":"product","2":"type-product","3":"status-publish","4":"has-post-thumbnail","6":"product_cat-pakker-da","7":"desktop-align-left","8":"tablet-align-left","9":"mobile-align-left","11":"first","12":"instock","13":"sale","14":"taxable","15":"shipping-taxable","16":"purchasable","17":"product-type-simple"},"_links":{"self":[{"href":"https:\/\/lamiaselfie.com\/da\/wp-json\/wp\/v2\/product\/3511","targetHints":{"allow":["GET"]}}],"collection":[{"href":"https:\/\/lamiaselfie.com\/da\/wp-json\/wp\/v2\/product"}],"about":[{"href":"https:\/\/lamiaselfie.com\/da\/wp-json\/wp\/v2\/types\/product"}],"version-history":[{"count":0,"href":"https:\/\/lamiaselfie.com\/da\/wp-json\/wp\/v2\/product\/3511\/revisions"}],"wp:featuredmedia":[{"embeddable":true,"href":"https:\/\/lamiaselfie.com\/da\/wp-json\/wp\/v2\/media\/3033"}],"wp:attachment":[{"href":"https:\/\/lamiaselfie.com\/da\/wp-json\/wp\/v2\/media?parent=3511"}],"wp:term":[{"taxonomy":"product_cat","embeddable":true,"href":"https:\/\/lamiaselfie.com\/da\/wp-json\/wp\/v2\/product_cat?post=3511"},{"taxonomy":"product_tag","embeddable":true,"href":"https:\/\/lamiaselfie.com\/da\/wp-json\/wp\/v2\/product_tag?post=3511"},{"taxonomy":"mwb_booking_cost","embeddable":true,"href":"https:\/\/lamiaselfie.com\/da\/wp-json\/wp\/v2\/mwb_booking_cost?post=3511"},{"taxonomy":"mwb_booking_service","embeddable":true,"href":"https:\/\/lamiaselfie.com\/da\/wp-json\/wp\/v2\/mwb_booking_service?post=3511"}],"curies":[{"name":"wp","href":"https:\/\/api.w.org\/{rel}","templated":true}]}}