{"id":3513,"date":"2024-11-12T07:08:34","date_gmt":"2024-11-12T07:08:34","guid":{"rendered":"https:\/\/lamiaselfie.com\/product\/soelv-baggrund-2x2-meter\/"},"modified":"2024-11-12T07:08:34","modified_gmt":"2024-11-12T07:08:34","slug":"soelv-baggrund-2x2-meter","status":"publish","type":"product","link":"https:\/\/lamiaselfie.com\/da\/product\/soelv-baggrund-2x2-meter\/","title":{"rendered":"S\u00f8lv Baggrund (2&#215;2 meter)"},"content":{"rendered":"<p><strong>S\u00f8lv Baggrund (2&#215;2 meter) &#8211; Den perfekte baggrund til din Partyselfie!<\/strong><\/p>\n<p>Skab et stilfuldt og glamour\u00f8st fotohj\u00f8rne med vores S\u00f8lv Baggrund (2&#215;2 meter)! Denne smukke s\u00f8lvfarvede baggrund er ideel til at give dine billeder et moderne og festligt pr\u00e6g. Uanset om du holder en nyt\u00e5rsfest, en f\u00f8dselsdag eller en anden festlig begivenhed, vil denne baggrund sikre, at dine Partyselfies ser fantastiske ud med et ekstra touch af elegance.  <\/p>\n<p><strong>Specifikationer:<\/strong><\/p>\n<ul>\n<li><strong>St\u00f8rrelse:<\/strong> 2&#215;2 meter &#8211; Passer perfekt til b\u00e5de sm\u00e5 og store fotohj\u00f8rner.<\/li>\n<li><strong>Selvkl\u00e6bende tape i toppen<\/strong> &#8211; G\u00f8r det nemt at h\u00e6nge baggrunden op hurtigt og stabilt.<\/li>\n<li><strong>Placeringsvejledning:<\/strong> Da baggrunden er 2 meter bred og 2 meter h\u00f8j, anbefales det at placere din Partyselfie maks. 1,5 meter fra baggrunden for at sikre, at baggrunden d\u00e6kker hele billedet. <\/li>\n<li>Alternativt kan flere baggrunde s\u00e6ttes sammen, eller du kan arrangere dem ovenp\u00e5 hinanden for endnu bedre d\u00e6kning og en imponerende effekt.<\/li>\n<\/ul>\n<p>S\u00f8lv baggrunden giver en smuk og moderne vibe til dine festbilleder, og den er ideel til at skabe en festlig og elegant stemning. Bestil din S\u00f8lv Baggrund i dag og g\u00f8r din n\u00e6ste fest endnu mere fantastisk!<\/p>\n","protected":false},"excerpt":{"rendered":"<p><strong>S\u00f8lv Baggrund (2&#215;2 meter) &#8211; Den perfekte baggrund til din Partyselfie!<\/strong><\/p>\n<p>Skab et stilfuldt og festligt fotohj\u00f8rne med denne 2&#215;2 meter S\u00f8lv Baggrund. Med selvkl\u00e6bende tape er den nem at ops\u00e6tte, og den giver dine Partyselfies et moderne og glamour\u00f8st udtryk. S\u00e6t den op alene eller kombiner flere baggrunde for ekstra d\u00e6kning.  <\/p>\n","protected":false},"featured_media":3053,"template":"","meta":{"site-sidebar-layout":"default","site-content-layout":"","ast-site-content-layout":"default","site-content-style":"default","site-sidebar-style":"default","ast-global-header-display":"","ast-banner-title-visibility":"","ast-main-header-display":"","ast-hfb-above-header-display":"","ast-hfb-below-header-display":"","ast-hfb-mobile-header-display":"","site-post-title":"","ast-breadcrumbs-content":"","ast-featured-img":"","footer-sml-layout":"","theme-transparent-header-meta":"default","adv-header-id-meta":"","stick-header-meta":"","header-above-stick-meta":"","header-main-stick-meta":"","header-below-stick-meta":"","astra-migrate-meta-layouts":"default","ast-page-background-enabled":"default","ast-page-background-meta":{"desktop":{"background-color":"var(--ast-global-color-4)","background-image":"","background-repeat":"repeat","background-position":"center center","background-size":"auto","background-attachment":"scroll","background-type":"","background-media":"","overlay-type":"","overlay-color":"","overlay-opacity":"","overlay-gradient":""},"tablet":{"background-color":"","background-image":"","background-repeat":"repeat","background-position":"center center","background-size":"auto","background-attachment":"scroll","background-type":"","background-media":"","overlay-type":"","overlay-color":"","overlay-opacity":"","overlay-gradient":""},"mobile":{"background-color":"","background-image":"","background-repeat":"repeat","background-position":"center center","background-size":"auto","background-attachment":"scroll","background-type":"","background-media":"","overlay-type":"","overlay-color":"","overlay-opacity":"","overlay-gradient":""}},"ast-content-background-meta":{"desktop":{"background-color":"var(--ast-global-color-5)","background-image":"","background-repeat":"repeat","background-position":"center center","background-size":"auto","background-attachment":"scroll","background-type":"","background-media":"","overlay-type":"","overlay-color":"","overlay-opacity":"","overlay-gradient":""},"tablet":{"background-color":"var(--ast-global-color-5)","background-image":"","background-repeat":"repeat","background-position":"center center","background-size":"auto","background-attachment":"scroll","background-type":"","background-media":"","overlay-type":"","overlay-color":"","overlay-opacity":"","overlay-gradient":""},"mobile":{"background-color":"var(--ast-global-color-5)","background-image":"","background-repeat":"repeat","background-position":"center center","background-size":"auto","background-attachment":"scroll","background-type":"","background-media":"","overlay-type":"","overlay-color":"","overlay-opacity":"","overlay-gradient":""}}},"product_cat":[122],"product_tag":[],"mwb_booking_cost":[],"mwb_booking_service":[],"class_list":{"0":"post-3513","1":"product","2":"type-product","3":"status-publish","4":"has-post-thumbnail","6":"product_cat-baggrunde","7":"desktop-align-left","8":"tablet-align-left","9":"mobile-align-left","11":"first","12":"instock","13":"sale","14":"taxable","15":"shipping-taxable","16":"purchasable","17":"product-type-simple"},"_links":{"self":[{"href":"https:\/\/lamiaselfie.com\/da\/wp-json\/wp\/v2\/product\/3513","targetHints":{"allow":["GET"]}}],"collection":[{"href":"https:\/\/lamiaselfie.com\/da\/wp-json\/wp\/v2\/product"}],"about":[{"href":"https:\/\/lamiaselfie.com\/da\/wp-json\/wp\/v2\/types\/product"}],"version-history":[{"count":0,"href":"https:\/\/lamiaselfie.com\/da\/wp-json\/wp\/v2\/product\/3513\/revisions"}],"wp:featuredmedia":[{"embeddable":true,"href":"https:\/\/lamiaselfie.com\/da\/wp-json\/wp\/v2\/media\/3053"}],"wp:attachment":[{"href":"https:\/\/lamiaselfie.com\/da\/wp-json\/wp\/v2\/media?parent=3513"}],"wp:term":[{"taxonomy":"product_cat","embeddable":true,"href":"https:\/\/lamiaselfie.com\/da\/wp-json\/wp\/v2\/product_cat?post=3513"},{"taxonomy":"product_tag","embeddable":true,"href":"https:\/\/lamiaselfie.com\/da\/wp-json\/wp\/v2\/product_tag?post=3513"},{"taxonomy":"mwb_booking_cost","embeddable":true,"href":"https:\/\/lamiaselfie.com\/da\/wp-json\/wp\/v2\/mwb_booking_cost?post=3513"},{"taxonomy":"mwb_booking_service","embeddable":true,"href":"https:\/\/lamiaselfie.com\/da\/wp-json\/wp\/v2\/mwb_booking_service?post=3513"}],"curies":[{"name":"wp","href":"https:\/\/api.w.org\/{rel}","templated":true}]}}