{"id":3524,"date":"2024-11-12T07:44:11","date_gmt":"2024-11-12T07:44:11","guid":{"rendered":"https:\/\/lamiaselfie.com\/product\/just-married-i-stof-paa-snor\/"},"modified":"2024-11-12T07:44:11","modified_gmt":"2024-11-12T07:44:11","slug":"just-married-i-stof-paa-snor","status":"publish","type":"product","link":"https:\/\/lamiaselfie.com\/da\/product\/just-married-i-stof-paa-snor\/","title":{"rendered":"Just Married i stof &#8211; p\u00e5 snor"},"content":{"rendered":"<p><strong>Just Married i stof &#8211; p\u00e5 snor &#8211; En smuk og rustik guirlande til jeres bryllup<\/strong><\/p>\n<p>Tilf\u00f8j et personligt og rustikt touch til jeres bryllup med denne smukke <strong>Just Married i stof<\/strong> guirlande. Fremstillet af naturligt <strong>s\u00e6kkel\u00e6rred<\/strong> og h\u00e6ngt op p\u00e5 en <strong>natursnor<\/strong>, bringer dette banner et tidl\u00f8st og romantisk udtryk til jeres store dag. Den perfekte detalje til at markere jeres f\u00f8rste fest som \u00e6gtefolk og til at skabe den rette stemning til bryllupsreceptionen eller som baggrund for jeres bryllupsbilleder.  <\/p>\n<p><strong>Pakken indeholder:<\/strong><\/p>\n<ul>\n<li><strong>Guirlande af s\u00e6kkel\u00e6rred<\/strong> &#8211; Elegant og naturlig guirlande med &#8220;Just Married&#8221;-bogstaver trykt p\u00e5 den ene side.<\/li>\n<li><strong>Bogstavr\u00e6kke p\u00e5 ca. 160 cm <\/strong>  (med snor ca. 265 cm) &#8211; Passer perfekt til b\u00e5de sm\u00e5 og store bryllupsarrangementer, og den h\u00e6nger flot som en smuk dekoration.<\/li>\n<li><strong>Hvert flag ca. 13&#215;19 cm <\/strong>  &#8211; Smukke og stilfulde flag, der h\u00e6nger elegant p\u00e5 snoren.<\/li>\n<li><strong>Perfekt til bryllupsbilleder<\/strong> &#8211; Denne guirlande fungerer b\u00e5de som en smuk dekoration og som en uundv\u00e6rlig baggrund for uforglemmelige bryllupsfotos.<\/li>\n<\/ul>\n<p>Skab en romantisk og rustik atmosf\u00e6re til jeres bryllup med denne <strong>Just Married i stof<\/strong> guirlande. Bestil din pakke i dag og lad denne smukke detalje v\u00e6re med til at fejre jeres k\u00e6rlighed p\u00e5 den bedste m\u00e5de!<\/p>\n","protected":false},"excerpt":{"rendered":"<p><strong>Just Married i stof &#8211; p\u00e5 snor &#8211; En smuk og rustik guirlande til brylluppet!<\/strong><\/p>\n<p>Fejr k\u00e6rligheden med denne <strong>Just Married i stof<\/strong> guirlande lavet af <strong>s\u00e6kkel\u00e6rred<\/strong> p\u00e5 natursnor. Med en bogstavr\u00e6kke p\u00e5 ca. 160 cm (265 cm inkl. snor) og flag, der m\u00e5ler 13&#215;19 cm, f\u00e5r du en romantisk og rustik dekoration, der er perfekt til bryllupsbilleder og festligheder.  <\/p>\n","protected":false},"featured_media":3123,"template":"","meta":{"site-sidebar-layout":"default","site-content-layout":"","ast-site-content-layout":"default","site-content-style":"default","site-sidebar-style":"default","ast-global-header-display":"","ast-banner-title-visibility":"","ast-main-header-display":"","ast-hfb-above-header-display":"","ast-hfb-below-header-display":"","ast-hfb-mobile-header-display":"","site-post-title":"","ast-breadcrumbs-content":"","ast-featured-img":"","footer-sml-layout":"","theme-transparent-header-meta":"default","adv-header-id-meta":"","stick-header-meta":"","header-above-stick-meta":"","header-main-stick-meta":"","header-below-stick-meta":"","astra-migrate-meta-layouts":"default","ast-page-background-enabled":"default","ast-page-background-meta":{"desktop":{"background-color":"var(--ast-global-color-4)","background-image":"","background-repeat":"repeat","background-position":"center center","background-size":"auto","background-attachment":"scroll","background-type":"","background-media":"","overlay-type":"","overlay-color":"","overlay-opacity":"","overlay-gradient":""},"tablet":{"background-color":"","background-image":"","background-repeat":"repeat","background-position":"center center","background-size":"auto","background-attachment":"scroll","background-type":"","background-media":"","overlay-type":"","overlay-color":"","overlay-opacity":"","overlay-gradient":""},"mobile":{"background-color":"","background-image":"","background-repeat":"repeat","background-position":"center center","background-size":"auto","background-attachment":"scroll","background-type":"","background-media":"","overlay-type":"","overlay-color":"","overlay-opacity":"","overlay-gradient":""}},"ast-content-background-meta":{"desktop":{"background-color":"var(--ast-global-color-5)","background-image":"","background-repeat":"repeat","background-position":"center center","background-size":"auto","background-attachment":"scroll","background-type":"","background-media":"","overlay-type":"","overlay-color":"","overlay-opacity":"","overlay-gradient":""},"tablet":{"background-color":"var(--ast-global-color-5)","background-image":"","background-repeat":"repeat","background-position":"center center","background-size":"auto","background-attachment":"scroll","background-type":"","background-media":"","overlay-type":"","overlay-color":"","overlay-opacity":"","overlay-gradient":""},"mobile":{"background-color":"var(--ast-global-color-5)","background-image":"","background-repeat":"repeat","background-position":"center center","background-size":"auto","background-attachment":"scroll","background-type":"","background-media":"","overlay-type":"","overlay-color":"","overlay-opacity":"","overlay-gradient":""}}},"product_cat":[128],"product_tag":[],"mwb_booking_cost":[],"mwb_booking_service":[],"class_list":{"0":"post-3524","1":"product","2":"type-product","3":"status-publish","4":"has-post-thumbnail","6":"product_cat-plakater-guirlander-da","7":"desktop-align-left","8":"tablet-align-left","9":"mobile-align-left","11":"first","12":"instock","13":"sale","14":"taxable","15":"shipping-taxable","16":"purchasable","17":"product-type-simple"},"_links":{"self":[{"href":"https:\/\/lamiaselfie.com\/da\/wp-json\/wp\/v2\/product\/3524","targetHints":{"allow":["GET"]}}],"collection":[{"href":"https:\/\/lamiaselfie.com\/da\/wp-json\/wp\/v2\/product"}],"about":[{"href":"https:\/\/lamiaselfie.com\/da\/wp-json\/wp\/v2\/types\/product"}],"version-history":[{"count":0,"href":"https:\/\/lamiaselfie.com\/da\/wp-json\/wp\/v2\/product\/3524\/revisions"}],"wp:featuredmedia":[{"embeddable":true,"href":"https:\/\/lamiaselfie.com\/da\/wp-json\/wp\/v2\/media\/3123"}],"wp:attachment":[{"href":"https:\/\/lamiaselfie.com\/da\/wp-json\/wp\/v2\/media?parent=3524"}],"wp:term":[{"taxonomy":"product_cat","embeddable":true,"href":"https:\/\/lamiaselfie.com\/da\/wp-json\/wp\/v2\/product_cat?post=3524"},{"taxonomy":"product_tag","embeddable":true,"href":"https:\/\/lamiaselfie.com\/da\/wp-json\/wp\/v2\/product_tag?post=3524"},{"taxonomy":"mwb_booking_cost","embeddable":true,"href":"https:\/\/lamiaselfie.com\/da\/wp-json\/wp\/v2\/mwb_booking_cost?post=3524"},{"taxonomy":"mwb_booking_service","embeddable":true,"href":"https:\/\/lamiaselfie.com\/da\/wp-json\/wp\/v2\/mwb_booking_service?post=3524"}],"curies":[{"name":"wp","href":"https:\/\/api.w.org\/{rel}","templated":true}]}}