{"id":3549,"date":"2024-11-12T07:30:33","date_gmt":"2024-11-12T07:30:33","guid":{"rendered":"https:\/\/lamiaselfie.com\/product\/luksus-tillykke-med-foedselsdagen-rekvisitter\/"},"modified":"2024-11-12T07:30:33","modified_gmt":"2024-11-12T07:30:33","slug":"luksus-tillykke-med-foedselsdagen-rekvisitter","status":"publish","type":"product","link":"https:\/\/lamiaselfie.com\/da\/product\/luksus-tillykke-med-foedselsdagen-rekvisitter\/","title":{"rendered":"Luksus Tillykke med f\u00f8dselsdagen Rekvisitter"},"content":{"rendered":"<p><strong>Luksus Happy Birthday Rekvisitter &#8211; G\u00f8r din f\u00f8dselsdag endnu mere glamor\u00f8s!<\/strong><\/p>\n<p>L\u00f8ft din f\u00f8dselsdagsfest til et nyt niveau med vores <strong>Luksus Happy Birthday Rekvisitter<\/strong>! Denne eksklusive samling af f\u00e6rdigsamlede rekvisitter i de elegante farver <strong>sort<\/strong>, <strong>guld<\/strong>, og <strong>s\u00f8lv<\/strong> tilf\u00f8jer et luksuri\u00f8st touch til dine billeder og s\u00e6tter den perfekte stemning til din fejring. Uanset om du fejrer en rund f\u00f8dselsdag eller bare \u00f8nsker at g\u00f8re dagen ekstra speciel, er disse rekvisitter den perfekte m\u00e5de at skabe uforglemmelige billeder p\u00e5. <\/p>\n<p><strong>Pakken indeholder:<\/strong><\/p>\n<ul>\n<li><strong>21 f\u00e6rdigsamlede rekvisitter<\/strong> &#8211; Alle rekvisitter er klar til brug, s\u00e5 du kan komme hurtigt i gang med at tage sjove og stilfulde billeder.<\/li>\n<li><strong>Farvetema i sort, guld og s\u00f8lv<\/strong> &#8211; Det perfekte luksuri\u00f8se tema til din f\u00f8dselsdagsfest, der tilf\u00f8jer glamour og elegance til dine billeder.<\/li>\n<li><strong>Perfekte til stilfulde billeder<\/strong> &#8211; Fra elegante hatte og sjove skilte til festlige tilbeh\u00f8r, der bringer ekstra fest og energi til dine billeder.<\/li>\n<\/ul>\n<p>Skab fantastiske og luksuri\u00f8se festminder med vores <strong>Luksus Happy Birthday Rekvisitter<\/strong>. Bestil din pakke i dag og bring glamour og elegance til din f\u00f8dselsdagsfejring!<\/p>\n","protected":false},"excerpt":{"rendered":"<p><strong>Luksus Happy Birthday Rekvisitter &#8211; G\u00f8r din f\u00f8dselsdag endnu mere glamor\u00f8s!<\/strong><\/p>\n<p>Tilf\u00f8j et eksklusivt touch til dine f\u00f8dselsdagsbilleder med vores <strong>Luksus Happy Birthday Rekvisitter<\/strong>. Denne pakke indeholder 21 f\u00e6rdigsamlede rekvisitter i sort, guld og s\u00f8lv, der giver dine billeder et stilfuldt og glamour\u00f8st pr\u00e6g. <\/p>\n","protected":false},"featured_media":3098,"template":"","meta":{"site-sidebar-layout":"default","site-content-layout":"","ast-site-content-layout":"default","site-content-style":"default","site-sidebar-style":"default","ast-global-header-display":"","ast-banner-title-visibility":"","ast-main-header-display":"","ast-hfb-above-header-display":"","ast-hfb-below-header-display":"","ast-hfb-mobile-header-display":"","site-post-title":"","ast-breadcrumbs-content":"","ast-featured-img":"","footer-sml-layout":"","theme-transparent-header-meta":"default","adv-header-id-meta":"","stick-header-meta":"","header-above-stick-meta":"","header-main-stick-meta":"","header-below-stick-meta":"","astra-migrate-meta-layouts":"default","ast-page-background-enabled":"default","ast-page-background-meta":{"desktop":{"background-color":"var(--ast-global-color-4)","background-image":"","background-repeat":"repeat","background-position":"center center","background-size":"auto","background-attachment":"scroll","background-type":"","background-media":"","overlay-type":"","overlay-color":"","overlay-opacity":"","overlay-gradient":""},"tablet":{"background-color":"","background-image":"","background-repeat":"repeat","background-position":"center center","background-size":"auto","background-attachment":"scroll","background-type":"","background-media":"","overlay-type":"","overlay-color":"","overlay-opacity":"","overlay-gradient":""},"mobile":{"background-color":"","background-image":"","background-repeat":"repeat","background-position":"center center","background-size":"auto","background-attachment":"scroll","background-type":"","background-media":"","overlay-type":"","overlay-color":"","overlay-opacity":"","overlay-gradient":""}},"ast-content-background-meta":{"desktop":{"background-color":"var(--ast-global-color-5)","background-image":"","background-repeat":"repeat","background-position":"center center","background-size":"auto","background-attachment":"scroll","background-type":"","background-media":"","overlay-type":"","overlay-color":"","overlay-opacity":"","overlay-gradient":""},"tablet":{"background-color":"var(--ast-global-color-5)","background-image":"","background-repeat":"repeat","background-position":"center center","background-size":"auto","background-attachment":"scroll","background-type":"","background-media":"","overlay-type":"","overlay-color":"","overlay-opacity":"","overlay-gradient":""},"mobile":{"background-color":"var(--ast-global-color-5)","background-image":"","background-repeat":"repeat","background-position":"center center","background-size":"auto","background-attachment":"scroll","background-type":"","background-media":"","overlay-type":"","overlay-color":"","overlay-opacity":"","overlay-gradient":""}}},"product_cat":[136],"product_tag":[],"mwb_booking_cost":[],"mwb_booking_service":[],"class_list":{"0":"post-3549","1":"product","2":"type-product","3":"status-publish","4":"has-post-thumbnail","6":"product_cat-rekvisitter-da","7":"desktop-align-left","8":"tablet-align-left","9":"mobile-align-left","11":"first","12":"instock","13":"sale","14":"taxable","15":"shipping-taxable","16":"purchasable","17":"product-type-simple"},"_links":{"self":[{"href":"https:\/\/lamiaselfie.com\/da\/wp-json\/wp\/v2\/product\/3549","targetHints":{"allow":["GET"]}}],"collection":[{"href":"https:\/\/lamiaselfie.com\/da\/wp-json\/wp\/v2\/product"}],"about":[{"href":"https:\/\/lamiaselfie.com\/da\/wp-json\/wp\/v2\/types\/product"}],"version-history":[{"count":0,"href":"https:\/\/lamiaselfie.com\/da\/wp-json\/wp\/v2\/product\/3549\/revisions"}],"wp:featuredmedia":[{"embeddable":true,"href":"https:\/\/lamiaselfie.com\/da\/wp-json\/wp\/v2\/media\/3098"}],"wp:attachment":[{"href":"https:\/\/lamiaselfie.com\/da\/wp-json\/wp\/v2\/media?parent=3549"}],"wp:term":[{"taxonomy":"product_cat","embeddable":true,"href":"https:\/\/lamiaselfie.com\/da\/wp-json\/wp\/v2\/product_cat?post=3549"},{"taxonomy":"product_tag","embeddable":true,"href":"https:\/\/lamiaselfie.com\/da\/wp-json\/wp\/v2\/product_tag?post=3549"},{"taxonomy":"mwb_booking_cost","embeddable":true,"href":"https:\/\/lamiaselfie.com\/da\/wp-json\/wp\/v2\/mwb_booking_cost?post=3549"},{"taxonomy":"mwb_booking_service","embeddable":true,"href":"https:\/\/lamiaselfie.com\/da\/wp-json\/wp\/v2\/mwb_booking_service?post=3549"}],"curies":[{"name":"wp","href":"https:\/\/api.w.org\/{rel}","templated":true}]}}