{"id":3559,"date":"2024-11-12T07:28:14","date_gmt":"2024-11-12T07:28:14","guid":{"rendered":"https:\/\/lamiaselfie.com\/product\/tillykke-med-foedselsdagen-rekvisitter\/"},"modified":"2024-11-12T07:28:14","modified_gmt":"2024-11-12T07:28:14","slug":"tillykke-med-foedselsdagen-rekvisitter","status":"publish","type":"product","link":"https:\/\/lamiaselfie.com\/da\/product\/tillykke-med-foedselsdagen-rekvisitter\/","title":{"rendered":"Tillykke med f\u00f8dselsdagen Rekvisitter"},"content":{"rendered":"<p><strong>Happy Birthday Rekvisitter &#8211; Festlige rekvisitter til uforglemmelige f\u00f8dselsdagsbilleder!<\/strong><\/p>\n<p>G\u00f8r din f\u00f8dselsdag endnu sjovere og mere festlig med vores <strong>Happy Birthday Rekvisitter<\/strong>! Denne pakke indeholder en r\u00e6kke festligt sammensatte rekvisitter, der er klar til at blive brugt, s\u00e5 du og dine g\u00e6ster kan skabe de sjoveste og mest mindev\u00e6rdige billeder. Uanset om det er til en stor fest eller en lille samling, vil disse rekvisitter tilf\u00f8je et ekstra festligt touch til din f\u00f8dselsdagsfejring. <\/p>\n<p><strong>Pakken indeholder:<\/strong><\/p>\n<ul>\n<li><strong>F\u00e6rdigsamlede rekvisitter<\/strong> &#8211; Ingen samling kr\u00e6ves! Rekvisitterne er allerede samlet og klar til brug, s\u00e5 du hurtigt kan komme i gang med at tage sjove billeder. <\/li>\n<li><strong>Festligt design<\/strong> &#8211; Fra farverige hatte og brillanter til sjove skilte og rekvisitter, der giver liv og gl\u00e6de til dine billeder.<\/li>\n<li><strong>Perfekt til alle f\u00f8dselsdagsfejringer<\/strong> &#8211; Uanset om det er en rund f\u00f8dselsdag eller en fest for enhver anledning, er disse rekvisitter den perfekte m\u00e5de at g\u00f8re dine billeder ekstra festlige og farverige p\u00e5.<\/li>\n<\/ul>\n<p>Skab festlige og uforglemmelige \u00f8jeblikke med vores <strong>Happy Birthday Rekvisitter<\/strong>. Bestil dem i dag og bring ekstra sjov og energi til din f\u00f8dselsdagsfest!<\/p>\n","protected":false},"excerpt":{"rendered":"<p><strong>Happy Birthday Rekvisitter &#8211; Festlige rekvisitter til uforglemmelige f\u00f8dselsdagsbilleder!<\/strong><\/p>\n<p>G\u00f8r din f\u00f8dselsdag ekstra festlig med vores <strong>Happy Birthday Rekvisitter<\/strong>! Denne pakke indeholder f\u00e6rdigsamlede rekvisitter, der tilf\u00f8jer farve og sjov til dine billeder, s\u00e5 du kan skabe de bedste festminder.<\/p>\n","protected":false},"featured_media":3093,"template":"","meta":{"site-sidebar-layout":"default","site-content-layout":"","ast-site-content-layout":"default","site-content-style":"default","site-sidebar-style":"default","ast-global-header-display":"","ast-banner-title-visibility":"","ast-main-header-display":"","ast-hfb-above-header-display":"","ast-hfb-below-header-display":"","ast-hfb-mobile-header-display":"","site-post-title":"","ast-breadcrumbs-content":"","ast-featured-img":"","footer-sml-layout":"","theme-transparent-header-meta":"default","adv-header-id-meta":"","stick-header-meta":"","header-above-stick-meta":"","header-main-stick-meta":"","header-below-stick-meta":"","astra-migrate-meta-layouts":"default","ast-page-background-enabled":"default","ast-page-background-meta":{"desktop":{"background-color":"var(--ast-global-color-4)","background-image":"","background-repeat":"repeat","background-position":"center center","background-size":"auto","background-attachment":"scroll","background-type":"","background-media":"","overlay-type":"","overlay-color":"","overlay-opacity":"","overlay-gradient":""},"tablet":{"background-color":"","background-image":"","background-repeat":"repeat","background-position":"center center","background-size":"auto","background-attachment":"scroll","background-type":"","background-media":"","overlay-type":"","overlay-color":"","overlay-opacity":"","overlay-gradient":""},"mobile":{"background-color":"","background-image":"","background-repeat":"repeat","background-position":"center center","background-size":"auto","background-attachment":"scroll","background-type":"","background-media":"","overlay-type":"","overlay-color":"","overlay-opacity":"","overlay-gradient":""}},"ast-content-background-meta":{"desktop":{"background-color":"var(--ast-global-color-5)","background-image":"","background-repeat":"repeat","background-position":"center center","background-size":"auto","background-attachment":"scroll","background-type":"","background-media":"","overlay-type":"","overlay-color":"","overlay-opacity":"","overlay-gradient":""},"tablet":{"background-color":"var(--ast-global-color-5)","background-image":"","background-repeat":"repeat","background-position":"center center","background-size":"auto","background-attachment":"scroll","background-type":"","background-media":"","overlay-type":"","overlay-color":"","overlay-opacity":"","overlay-gradient":""},"mobile":{"background-color":"var(--ast-global-color-5)","background-image":"","background-repeat":"repeat","background-position":"center center","background-size":"auto","background-attachment":"scroll","background-type":"","background-media":"","overlay-type":"","overlay-color":"","overlay-opacity":"","overlay-gradient":""}}},"product_cat":[136],"product_tag":[],"mwb_booking_cost":[],"mwb_booking_service":[],"class_list":{"0":"post-3559","1":"product","2":"type-product","3":"status-publish","4":"has-post-thumbnail","6":"product_cat-rekvisitter-da","7":"desktop-align-left","8":"tablet-align-left","9":"mobile-align-left","11":"first","12":"instock","13":"sale","14":"taxable","15":"shipping-taxable","16":"purchasable","17":"product-type-simple"},"_links":{"self":[{"href":"https:\/\/lamiaselfie.com\/da\/wp-json\/wp\/v2\/product\/3559","targetHints":{"allow":["GET"]}}],"collection":[{"href":"https:\/\/lamiaselfie.com\/da\/wp-json\/wp\/v2\/product"}],"about":[{"href":"https:\/\/lamiaselfie.com\/da\/wp-json\/wp\/v2\/types\/product"}],"version-history":[{"count":0,"href":"https:\/\/lamiaselfie.com\/da\/wp-json\/wp\/v2\/product\/3559\/revisions"}],"wp:featuredmedia":[{"embeddable":true,"href":"https:\/\/lamiaselfie.com\/da\/wp-json\/wp\/v2\/media\/3093"}],"wp:attachment":[{"href":"https:\/\/lamiaselfie.com\/da\/wp-json\/wp\/v2\/media?parent=3559"}],"wp:term":[{"taxonomy":"product_cat","embeddable":true,"href":"https:\/\/lamiaselfie.com\/da\/wp-json\/wp\/v2\/product_cat?post=3559"},{"taxonomy":"product_tag","embeddable":true,"href":"https:\/\/lamiaselfie.com\/da\/wp-json\/wp\/v2\/product_tag?post=3559"},{"taxonomy":"mwb_booking_cost","embeddable":true,"href":"https:\/\/lamiaselfie.com\/da\/wp-json\/wp\/v2\/mwb_booking_cost?post=3559"},{"taxonomy":"mwb_booking_service","embeddable":true,"href":"https:\/\/lamiaselfie.com\/da\/wp-json\/wp\/v2\/mwb_booking_service?post=3559"}],"curies":[{"name":"wp","href":"https:\/\/api.w.org\/{rel}","templated":true}]}}