{"id":3569,"date":"2024-11-12T07:18:29","date_gmt":"2024-11-12T07:18:29","guid":{"rendered":"https:\/\/lamiaselfie.com\/product\/kobber-baggrund-2x2-meter\/"},"modified":"2024-11-12T07:18:29","modified_gmt":"2024-11-12T07:18:29","slug":"kobber-baggrund-2x2-meter","status":"publish","type":"product","link":"https:\/\/lamiaselfie.com\/da\/product\/kobber-baggrund-2x2-meter\/","title":{"rendered":"Kobber Baggrund (2&#215;2 meter)"},"content":{"rendered":"<p><strong>Kobber Baggrund (2&#215;2 meter) &#8211; Den perfekte baggrund til din Partyselfie!<\/strong><\/p>\n<p>Tilf\u00f8j varme, elegance og en smule glamour til din fest med vores <strong>Kobber Baggrund (2&#215;2 meter)<\/strong>! Denne smukke kobberfarvede baggrund giver et sofistikeret og moderne pr\u00e6g til dine billeder, hvilket g\u00f8r den ideel til en r\u00e6kke festlige lejligheder som nyt\u00e5r, f\u00f8dselsdage, jubil\u00e6er eller enhver begivenhed, der fortjener et ekstra festligt touch. G\u00f8r dine <strong>Partyselfies<\/strong> uforglemmelige med en baggrund, der b\u00e5de er i\u00f8jnefaldende og elegant. <\/p>\n<p><strong>Specifikationer:<\/strong><\/p>\n<ul>\n<li><strong>St\u00f8rrelse:<\/strong> 2&#215;2 meter &#8211; Ideel til b\u00e5de sm\u00e5 og store fotohj\u00f8rner, der sikrer et professionelt og fuldendt look.<\/li>\n<li><strong>Selvkl\u00e6bende tape i toppen<\/strong> &#8211; Nem ops\u00e6tning, der g\u00f8r det hurtigt og problemfrit at h\u00e6nge baggrunden op.<\/li>\n<li><strong>Placeringsvejledning:<\/strong> Da baggrunden er 2 meter bred og 2 meter h\u00f8j, anbefales det at placere din Partyselfie maks. 1,5 meter fra baggrunden for at f\u00e5 den bedste d\u00e6kning p\u00e5 dine billeder. <\/li>\n<li>Du kan ogs\u00e5 kombinere flere baggrunde til ekstra d\u00e6kning eller placere flere baggrunde ovenp\u00e5 hinanden for at opn\u00e5 et endnu mere imponerende resultat.<\/li>\n<\/ul>\n<p>Med en <strong>Kobber Baggrund<\/strong> f\u00e5r du et stilfuldt og glitrende look, der vil g\u00f8re dine billeder og Partyselfies ekstra specielle. Bestil din baggrund i dag og g\u00f8r din fest til noget helt s\u00e6rligt!<\/p>\n","protected":false},"excerpt":{"rendered":"<p><strong>Kobber Baggrund (2&#215;2 meter) &#8211; Den perfekte baggrund til din Partyselfie!<\/strong><\/p>\n<p>Giv dine Partyselfies et elegant og moderne touch med denne 2&#215;2 meter <strong>Kobber Baggrund<\/strong>. Den er nem at ops\u00e6tte med selvkl\u00e6bende tape og tilf\u00f8jer varme og glamour til dine billeder. Kombin\u00e9r flere baggrunde for ekstra d\u00e6kning og et imponerende resultat.  <\/p>\n","protected":false},"featured_media":3073,"template":"","meta":{"site-sidebar-layout":"default","site-content-layout":"","ast-site-content-layout":"default","site-content-style":"default","site-sidebar-style":"default","ast-global-header-display":"","ast-banner-title-visibility":"","ast-main-header-display":"","ast-hfb-above-header-display":"","ast-hfb-below-header-display":"","ast-hfb-mobile-header-display":"","site-post-title":"","ast-breadcrumbs-content":"","ast-featured-img":"","footer-sml-layout":"","theme-transparent-header-meta":"default","adv-header-id-meta":"","stick-header-meta":"","header-above-stick-meta":"","header-main-stick-meta":"","header-below-stick-meta":"","astra-migrate-meta-layouts":"default","ast-page-background-enabled":"default","ast-page-background-meta":{"desktop":{"background-color":"var(--ast-global-color-4)","background-image":"","background-repeat":"repeat","background-position":"center center","background-size":"auto","background-attachment":"scroll","background-type":"","background-media":"","overlay-type":"","overlay-color":"","overlay-opacity":"","overlay-gradient":""},"tablet":{"background-color":"","background-image":"","background-repeat":"repeat","background-position":"center center","background-size":"auto","background-attachment":"scroll","background-type":"","background-media":"","overlay-type":"","overlay-color":"","overlay-opacity":"","overlay-gradient":""},"mobile":{"background-color":"","background-image":"","background-repeat":"repeat","background-position":"center center","background-size":"auto","background-attachment":"scroll","background-type":"","background-media":"","overlay-type":"","overlay-color":"","overlay-opacity":"","overlay-gradient":""}},"ast-content-background-meta":{"desktop":{"background-color":"var(--ast-global-color-5)","background-image":"","background-repeat":"repeat","background-position":"center center","background-size":"auto","background-attachment":"scroll","background-type":"","background-media":"","overlay-type":"","overlay-color":"","overlay-opacity":"","overlay-gradient":""},"tablet":{"background-color":"var(--ast-global-color-5)","background-image":"","background-repeat":"repeat","background-position":"center center","background-size":"auto","background-attachment":"scroll","background-type":"","background-media":"","overlay-type":"","overlay-color":"","overlay-opacity":"","overlay-gradient":""},"mobile":{"background-color":"var(--ast-global-color-5)","background-image":"","background-repeat":"repeat","background-position":"center center","background-size":"auto","background-attachment":"scroll","background-type":"","background-media":"","overlay-type":"","overlay-color":"","overlay-opacity":"","overlay-gradient":""}}},"product_cat":[122],"product_tag":[],"mwb_booking_cost":[],"mwb_booking_service":[],"class_list":{"0":"post-3569","1":"product","2":"type-product","3":"status-publish","4":"has-post-thumbnail","6":"product_cat-baggrunde","7":"desktop-align-left","8":"tablet-align-left","9":"mobile-align-left","11":"first","12":"instock","13":"sale","14":"taxable","15":"shipping-taxable","16":"purchasable","17":"product-type-simple"},"_links":{"self":[{"href":"https:\/\/lamiaselfie.com\/da\/wp-json\/wp\/v2\/product\/3569","targetHints":{"allow":["GET"]}}],"collection":[{"href":"https:\/\/lamiaselfie.com\/da\/wp-json\/wp\/v2\/product"}],"about":[{"href":"https:\/\/lamiaselfie.com\/da\/wp-json\/wp\/v2\/types\/product"}],"version-history":[{"count":0,"href":"https:\/\/lamiaselfie.com\/da\/wp-json\/wp\/v2\/product\/3569\/revisions"}],"wp:featuredmedia":[{"embeddable":true,"href":"https:\/\/lamiaselfie.com\/da\/wp-json\/wp\/v2\/media\/3073"}],"wp:attachment":[{"href":"https:\/\/lamiaselfie.com\/da\/wp-json\/wp\/v2\/media?parent=3569"}],"wp:term":[{"taxonomy":"product_cat","embeddable":true,"href":"https:\/\/lamiaselfie.com\/da\/wp-json\/wp\/v2\/product_cat?post=3569"},{"taxonomy":"product_tag","embeddable":true,"href":"https:\/\/lamiaselfie.com\/da\/wp-json\/wp\/v2\/product_tag?post=3569"},{"taxonomy":"mwb_booking_cost","embeddable":true,"href":"https:\/\/lamiaselfie.com\/da\/wp-json\/wp\/v2\/mwb_booking_cost?post=3569"},{"taxonomy":"mwb_booking_service","embeddable":true,"href":"https:\/\/lamiaselfie.com\/da\/wp-json\/wp\/v2\/mwb_booking_service?post=3569"}],"curies":[{"name":"wp","href":"https:\/\/api.w.org\/{rel}","templated":true}]}}