{"id":3573,"date":"2024-11-12T07:15:03","date_gmt":"2024-11-12T07:15:03","guid":{"rendered":"https:\/\/lamiaselfie.com\/product\/rosegold-baggrund-2x2-meter\/"},"modified":"2024-11-12T07:15:03","modified_gmt":"2024-11-12T07:15:03","slug":"rosegold-baggrund-2x2-meter","status":"publish","type":"product","link":"https:\/\/lamiaselfie.com\/da\/product\/rosegold-baggrund-2x2-meter\/","title":{"rendered":"Rosegold Baggrund (2&#215;2 meter)"},"content":{"rendered":"<p><strong>Rosegold Baggrund (2&#215;2 meter) &#8211; Den perfekte baggrund til din Partyselfie!<\/strong><\/p>\n<p>Tilf\u00f8j et elegant og glamour\u00f8st touch til dine billeder med vores <strong>Rosegold Baggrund (2&#215;2 meter)<\/strong>! Denne smukke rosegold-farvede baggrund er ideel til enhver festlig begivenhed og giver dine Partyselfies et sofistikeret og stilfuldt udtryk. Uanset om du fejrer en f\u00f8dselsdag, nyt\u00e5r eller en anden fest, vil denne baggrund v\u00e6re med til at skabe et imponerende og festligt fotohj\u00f8rne. <\/p>\n<p><strong>Specifikationer:<\/strong><\/p>\n<ul>\n<li><strong>St\u00f8rrelse:<\/strong> 2&#215;2 meter &#8211; Perfekt til at skabe et imponerende fotohj\u00f8rne til b\u00e5de sm\u00e5 og store fester.<\/li>\n<li><strong>Selvkl\u00e6bende tape i toppen<\/strong> &#8211; G\u00f8r det nemt og hurtigt at h\u00e6nge baggrunden op uden besv\u00e6r.<\/li>\n<li><strong>Placeringsvejledning:<\/strong> Da baggrunden er 2 meter bred og 2 meter h\u00f8j, anbefales det at placere din Partyselfie maks. 1,5 meter fra baggrunden for at sikre, at den d\u00e6kker hele billedet. <\/li>\n<li>Alternativt kan du kombinere flere baggrunde for en st\u00f8rre d\u00e6kning, eller du kan arrangere flere baggrunde ovenp\u00e5 hinanden for et endnu mere imponerende resultat.<\/li>\n<\/ul>\n<p>Med en <strong>Rosegold Baggrund<\/strong> f\u00e5r du et festligt og elegant look, der passer perfekt til at fange de bedste Partyselfies og skabe fantastiske minder. Bestil din baggrund i dag og g\u00f8r din fest endnu mere spektakul\u00e6r!<\/p>\n","protected":false},"excerpt":{"rendered":"<p><strong>Rosegold Baggrund (2&#215;2 meter) &#8211; Den perfekte baggrund til din Partyselfie!<\/strong><\/p>\n<p>Skab et glamour\u00f8st fotohj\u00f8rne med denne 2&#215;2 meter <strong>Rosegold Baggrund<\/strong>. Nem at ops\u00e6tte med selvkl\u00e6bende tape, den giver dine Partyselfies et stilfuldt og festligt touch. Kombiner flere baggrunde for ekstra d\u00e6kning og en endnu flottere effekt.  <\/p>\n","protected":false},"featured_media":3058,"template":"","meta":{"site-sidebar-layout":"default","site-content-layout":"","ast-site-content-layout":"default","site-content-style":"default","site-sidebar-style":"default","ast-global-header-display":"","ast-banner-title-visibility":"","ast-main-header-display":"","ast-hfb-above-header-display":"","ast-hfb-below-header-display":"","ast-hfb-mobile-header-display":"","site-post-title":"","ast-breadcrumbs-content":"","ast-featured-img":"","footer-sml-layout":"","theme-transparent-header-meta":"default","adv-header-id-meta":"","stick-header-meta":"","header-above-stick-meta":"","header-main-stick-meta":"","header-below-stick-meta":"","astra-migrate-meta-layouts":"default","ast-page-background-enabled":"default","ast-page-background-meta":{"desktop":{"background-color":"var(--ast-global-color-4)","background-image":"","background-repeat":"repeat","background-position":"center center","background-size":"auto","background-attachment":"scroll","background-type":"","background-media":"","overlay-type":"","overlay-color":"","overlay-opacity":"","overlay-gradient":""},"tablet":{"background-color":"","background-image":"","background-repeat":"repeat","background-position":"center center","background-size":"auto","background-attachment":"scroll","background-type":"","background-media":"","overlay-type":"","overlay-color":"","overlay-opacity":"","overlay-gradient":""},"mobile":{"background-color":"","background-image":"","background-repeat":"repeat","background-position":"center center","background-size":"auto","background-attachment":"scroll","background-type":"","background-media":"","overlay-type":"","overlay-color":"","overlay-opacity":"","overlay-gradient":""}},"ast-content-background-meta":{"desktop":{"background-color":"var(--ast-global-color-5)","background-image":"","background-repeat":"repeat","background-position":"center center","background-size":"auto","background-attachment":"scroll","background-type":"","background-media":"","overlay-type":"","overlay-color":"","overlay-opacity":"","overlay-gradient":""},"tablet":{"background-color":"var(--ast-global-color-5)","background-image":"","background-repeat":"repeat","background-position":"center center","background-size":"auto","background-attachment":"scroll","background-type":"","background-media":"","overlay-type":"","overlay-color":"","overlay-opacity":"","overlay-gradient":""},"mobile":{"background-color":"var(--ast-global-color-5)","background-image":"","background-repeat":"repeat","background-position":"center center","background-size":"auto","background-attachment":"scroll","background-type":"","background-media":"","overlay-type":"","overlay-color":"","overlay-opacity":"","overlay-gradient":""}}},"product_cat":[122],"product_tag":[],"mwb_booking_cost":[],"mwb_booking_service":[],"class_list":{"0":"post-3573","1":"product","2":"type-product","3":"status-publish","4":"has-post-thumbnail","6":"product_cat-baggrunde","7":"desktop-align-left","8":"tablet-align-left","9":"mobile-align-left","11":"first","12":"instock","13":"sale","14":"taxable","15":"shipping-taxable","16":"purchasable","17":"product-type-simple"},"_links":{"self":[{"href":"https:\/\/lamiaselfie.com\/da\/wp-json\/wp\/v2\/product\/3573","targetHints":{"allow":["GET"]}}],"collection":[{"href":"https:\/\/lamiaselfie.com\/da\/wp-json\/wp\/v2\/product"}],"about":[{"href":"https:\/\/lamiaselfie.com\/da\/wp-json\/wp\/v2\/types\/product"}],"version-history":[{"count":0,"href":"https:\/\/lamiaselfie.com\/da\/wp-json\/wp\/v2\/product\/3573\/revisions"}],"wp:featuredmedia":[{"embeddable":true,"href":"https:\/\/lamiaselfie.com\/da\/wp-json\/wp\/v2\/media\/3058"}],"wp:attachment":[{"href":"https:\/\/lamiaselfie.com\/da\/wp-json\/wp\/v2\/media?parent=3573"}],"wp:term":[{"taxonomy":"product_cat","embeddable":true,"href":"https:\/\/lamiaselfie.com\/da\/wp-json\/wp\/v2\/product_cat?post=3573"},{"taxonomy":"product_tag","embeddable":true,"href":"https:\/\/lamiaselfie.com\/da\/wp-json\/wp\/v2\/product_tag?post=3573"},{"taxonomy":"mwb_booking_cost","embeddable":true,"href":"https:\/\/lamiaselfie.com\/da\/wp-json\/wp\/v2\/mwb_booking_cost?post=3573"},{"taxonomy":"mwb_booking_service","embeddable":true,"href":"https:\/\/lamiaselfie.com\/da\/wp-json\/wp\/v2\/mwb_booking_service?post=3573"}],"curies":[{"name":"wp","href":"https:\/\/api.w.org\/{rel}","templated":true}]}}