{"id":3603,"date":"2025-01-23T06:33:04","date_gmt":"2025-01-23T06:33:04","guid":{"rendered":"https:\/\/lamiaselfie.com\/?post_type=product&#038;p=3603"},"modified":"2025-01-23T06:35:08","modified_gmt":"2025-01-23T06:35:08","slug":"la-mia-selfie","status":"publish","type":"product","link":"https:\/\/lamiaselfie.com\/da\/product\/la-mia-selfie\/","title":{"rendered":"La Mia Selfie"},"content":{"rendered":"<p>LamiaSelfie on t\u00e4ydellinen aktivitet til bryllupper, konfirmationer, f\u00f8dselsdage, firmafester og alle other festlige arrangementer. Med LamiaSelfie kan du og dine g\u00e6ster tage sjove billeder, der automatisk uploades til dit personlige galleri p\u00e5 lamiaselfie.com, hvor I nemt kan downloade, dele, eller vise dem som et slideshow. Kaikki voivat my\u00f6s suoraan puhelimitse skannata QR-koodin ja saada kuvansa suoraan puhelimitse.<\/p>\n<p>10 hyv\u00e4\u00e4 syyt\u00e4 LamiaSelfien katsomiseen:<\/p>\n<ol>\n<li>Paras arvio Trustpilotissa arvosanalla 4,9 ja yli 4300 ilmoitusta!<\/li>\n<li>Billeder i knivskarp kvalitet<\/li>\n<li>Slideshow-funktion til visning p\u00e5 sk\u00e6rm med det samme*<\/li>\n<li>Tilaa laskut logolla tai hashtagilla oman online editorisi kautta.<\/li>\n<li>K\u00e4yt\u00e4nn\u00f6llinen QR-toiminto uusien laskujen lataamiseen<\/li>\n<li>Laskujen l\u00e4hett\u00e4minen linkin tai QR-koodin kautta.<\/li>\n<li>Ylikansallinen tuki \u2013 me olemme se, joka ei ole viel\u00e4 valmis.<\/li>\n<li>Rekvisitter og aktivitetskort alltid inkluderet*<\/li>\n<li>Fri fragt tur\/retur<\/li>\n<li>Forsikring er inkluderet<\/li>\n<\/ol>\n<p>*Med vores onlineportal \u2013 kr\u00e6ver WiFi og egen sk\u00e6rm\/computer\/projektor.<\/p>\n<p>Gratis festpakke med rekvisitter og aktivitetskort f\u00f8lger med, uanset hvilken begivenhed du v\u00e6lger.<\/p>\n<p>Oletko valmis ottamaan LamiaSelfien? Lej en ekstra LamiaSelfie hintaan 795 kr. Sopii erinomaisesti juhliin, joissa on yli 100 juhlijaa tai tapahtumaa eri paikkakunnilla. Tilaa se ekstraudstyr, kun varaat f\u00f8rste LamiaSelfie-esiintymisesi.<\/p>\n<p>Pr\u00f8v ogs\u00e5 itses seneste tilf\u00f8jelse: LamiaGreetings \u2013 en lydg\u00e6stebog. Book LamiaGreetings sammen med LamiaSelfie for kun 400 kroner \ud83e\udd73. Med LamiaGreetings f\u00e5r du b\u00e5de billeder og personlige hilsner fra festen. Dine g\u00e6ster kan indtale en besked til brudeparret, konfirmanden eller f\u00f8dselaren. N\u00e5r du returnerer LamiaGreetings, sender vi dig et link til alle beskederne, som du kan lytte til igen og igen \u2728 \u2013 en sk\u00f8n m\u00e5de at genopleve de bedste \u00f8jeblikke!<\/p>\n<p>S\u00e5dan booker du LamiaGreetings:<br \/>\nLamiaGreetings kan kun bookes sammen med LamiaSelfie:<\/p>\n<ol>\n<li>N\u00e4yt\u00e4 LamiaSelfie ja katso sivulle \ud83d\udc4f\ud83c\udffc<\/li>\n<li>Tilf\u00f8j LamiaGreetings via popuppen, der vises, or tilf\u00f8j den til til din kurv HER<\/li>\n<li>G\u00e5 til betaling \u2013 rabatten p\u00e5 600 kroner fratr\u00e6kkes automatisk<\/li>\n<li>L\u00e6n dig tilbage og gl\u00e6d dig til dit arrangement \ud83e\udef6<\/li>\n<\/ol>\n<p>G\u00f8r din fest endnu mere mindev\u00e6rdig med LamiaSelfie \u2013 din guarantee for skarpe billeder og fantastisk service!<\/p>\n","protected":false},"excerpt":{"rendered":"<p>Med LamiaSelfie f\u00e5r du underholdning i verdensklasse til dit arrangement \u2013 uanset om du skal holde bryllup, konfirmation, f\u00f8dselsdag eller firmafest, s\u00e5 er LamiaSelfie altid et festligt og mindev\u00e6rdigt indslag \ud83e\udd73. P\u00e5 dagen f\u00e5r I sjov og uforglemmelig underholdning, og efter festen st\u00e5r I tilbage med en samling billeder, der indfanger stemningen i allerbedste kvalitet. Til den helt store forn\u00f8jelse, n\u00e5r I vil forevige de sjove og gode tider fra fest. Katsokaa ja lukekaa \ud83d\udc47\ud83c\udffc\u2026<\/p>\n","protected":false},"featured_media":402,"template":"","meta":{"site-sidebar-layout":"default","site-content-layout":"","ast-site-content-layout":"default","site-content-style":"default","site-sidebar-style":"default","ast-global-header-display":"","ast-banner-title-visibility":"","ast-main-header-display":"","ast-hfb-above-header-display":"","ast-hfb-below-header-display":"","ast-hfb-mobile-header-display":"","site-post-title":"","ast-breadcrumbs-content":"","ast-featured-img":"","footer-sml-layout":"","theme-transparent-header-meta":"default","adv-header-id-meta":"","stick-header-meta":"","header-above-stick-meta":"","header-main-stick-meta":"","header-below-stick-meta":"","astra-migrate-meta-layouts":"set","ast-page-background-enabled":"default","ast-page-background-meta":{"desktop":{"background-color":"var(--ast-global-color-4)","background-image":"","background-repeat":"repeat","background-position":"center center","background-size":"auto","background-attachment":"scroll","background-type":"","background-media":"","overlay-type":"","overlay-color":"","overlay-opacity":"","overlay-gradient":""},"tablet":{"background-color":"","background-image":"","background-repeat":"repeat","background-position":"center center","background-size":"auto","background-attachment":"scroll","background-type":"","background-media":"","overlay-type":"","overlay-color":"","overlay-opacity":"","overlay-gradient":""},"mobile":{"background-color":"","background-image":"","background-repeat":"repeat","background-position":"center center","background-size":"auto","background-attachment":"scroll","background-type":"","background-media":"","overlay-type":"","overlay-color":"","overlay-opacity":"","overlay-gradient":""}},"ast-content-background-meta":{"desktop":{"background-color":"var(--ast-global-color-5)","background-image":"","background-repeat":"repeat","background-position":"center center","background-size":"auto","background-attachment":"scroll","background-type":"","background-media":"","overlay-type":"","overlay-color":"","overlay-opacity":"","overlay-gradient":""},"tablet":{"background-color":"var(--ast-global-color-5)","background-image":"","background-repeat":"repeat","background-position":"center center","background-size":"auto","background-attachment":"scroll","background-type":"","background-media":"","overlay-type":"","overlay-color":"","overlay-opacity":"","overlay-gradient":""},"mobile":{"background-color":"var(--ast-global-color-5)","background-image":"","background-repeat":"repeat","background-position":"center center","background-size":"auto","background-attachment":"scroll","background-type":"","background-media":"","overlay-type":"","overlay-color":"","overlay-opacity":"","overlay-gradient":""}}},"product_cat":[121],"product_tag":[],"mwb_booking_cost":[],"mwb_booking_service":[],"class_list":{"0":"post-3603","1":"product","2":"type-product","3":"status-publish","4":"has-post-thumbnail","6":"product_cat-booking-da","7":"desktop-align-left","8":"tablet-align-left","9":"mobile-align-left","11":"first","12":"instock","13":"virtual","14":"taxable","15":"purchasable","16":"product-type-mwb_booking"},"_links":{"self":[{"href":"https:\/\/lamiaselfie.com\/da\/wp-json\/wp\/v2\/product\/3603","targetHints":{"allow":["GET"]}}],"collection":[{"href":"https:\/\/lamiaselfie.com\/da\/wp-json\/wp\/v2\/product"}],"about":[{"href":"https:\/\/lamiaselfie.com\/da\/wp-json\/wp\/v2\/types\/product"}],"version-history":[{"count":1,"href":"https:\/\/lamiaselfie.com\/da\/wp-json\/wp\/v2\/product\/3603\/revisions"}],"predecessor-version":[{"id":3604,"href":"https:\/\/lamiaselfie.com\/da\/wp-json\/wp\/v2\/product\/3603\/revisions\/3604"}],"wp:featuredmedia":[{"embeddable":true,"href":"https:\/\/lamiaselfie.com\/da\/wp-json\/wp\/v2\/media\/402"}],"wp:attachment":[{"href":"https:\/\/lamiaselfie.com\/da\/wp-json\/wp\/v2\/media?parent=3603"}],"wp:term":[{"taxonomy":"product_cat","embeddable":true,"href":"https:\/\/lamiaselfie.com\/da\/wp-json\/wp\/v2\/product_cat?post=3603"},{"taxonomy":"product_tag","embeddable":true,"href":"https:\/\/lamiaselfie.com\/da\/wp-json\/wp\/v2\/product_tag?post=3603"},{"taxonomy":"mwb_booking_cost","embeddable":true,"href":"https:\/\/lamiaselfie.com\/da\/wp-json\/wp\/v2\/mwb_booking_cost?post=3603"},{"taxonomy":"mwb_booking_service","embeddable":true,"href":"https:\/\/lamiaselfie.com\/da\/wp-json\/wp\/v2\/mwb_booking_service?post=3603"}],"curies":[{"name":"wp","href":"https:\/\/api.w.org\/{rel}","templated":true}]}}