{"id":3528,"date":"2024-11-12T07:40:41","date_gmt":"2024-11-12T07:40:41","guid":{"rendered":"https:\/\/lamiaselfie.com\/product\/se-on-tytto\/"},"modified":"2024-11-12T07:40:41","modified_gmt":"2024-11-12T07:40:41","slug":"se-on-tytto","status":"publish","type":"product","link":"https:\/\/lamiaselfie.com\/fi\/product\/se-on-tytto\/","title":{"rendered":"Se on tytt\u00f6"},"content":{"rendered":"<p><strong>It&#8217;s a Girl &#8211; Perfekt pynt til din babyshower eller k\u00f8n afsl\u00f8ring!<\/strong><\/p>\n<p>Fejr den gl\u00e6delige nyhed med vores smukke <strong>It&#8217;s a Girl<\/strong> pynt, der tilf\u00f8jer et strejf af elegance og fest till enhver babyshower eller k\u00f8n afsl\u00f8ring. Denne dekorationspakke i fine lyser\u00f8de nuancer indeholder alt, du beh\u00f8ver for at skabe an fantastisk og mindev\u00e6rdig atmosf\u00e6re. Fra de delikate pompomer till den smukke guirlande, vil din fejring blive fyldt med farve og gl\u00e6de.  <\/p>\n<p><strong>Pakken indeholder:<\/strong><\/p>\n<ul>\n<li><strong>7 saml-selv pompomer af silkepapir<\/strong> &#8211; Skab den perfekte feststemning med disse lette og luftige pompomer, som er nemme at samle og h\u00e6nge op.<\/li>\n<li><strong>10 balloner<\/strong> &#8211; Lyser\u00f8de balloner, der tilf\u00f8jer ekstra liv og farve til rummet og f\u00e5r din fest til at str\u00e5le.<\/li>\n<li><strong>&#8221;It&#8217;s a Girl&#8221; guirlande<\/strong> &#8211; En festlig og i\u00f8jnefaldende guirlande, der fejrer den kommende lille pige p\u00e5 den smukkeste m\u00e5de.<\/li>\n<li><strong>&#8221;Mommy to be&#8221; sk\u00e6rf<\/strong> &#8211; G\u00f8r den kommende mor til festens stjerne med dette sk\u00e6rf, der markerer hendes rolle som &#8221;Mommy to be&#8221;.<\/li>\n<\/ul>\n<p>Skab den perfect ramme for din fejring med vores <strong>It&#8217;s a Girl<\/strong> pynt. Bestil din pakke i dag og giv din babyshower eller k\u00f8n afsl\u00f8ring et magisk og festligt pr\u00e6g!<\/p>\n","protected":false},"excerpt":{"rendered":"<p><strong>It&#8217;s a Girl &#8211; Perfekt pynt til babyshower og k\u00f8n afsl\u00f8ring!<\/strong><\/p>\n<p>Fejr den store nyhed med vores <strong>It&#8217;s a Girl<\/strong> pynt! Pakken sis\u00e4lt\u00e4\u00e4 7 saml-selv pompomer, 10 balloner, yhden &#8221;It&#8217;s a Girl&#8221;-guirlande ja yhden &#8221;Mommy to be&#8221;-sk\u00e6rf i fine lyser\u00f8de nuancer &#8211; perfekt til din babyshower eller k\u00f8n afsl\u00f8ring. <\/p>\n","protected":false},"featured_media":3119,"template":"","meta":{"site-sidebar-layout":"default","site-content-layout":"","ast-site-content-layout":"default","site-content-style":"default","site-sidebar-style":"default","ast-global-header-display":"","ast-banner-title-visibility":"","ast-main-header-display":"","ast-hfb-above-header-display":"","ast-hfb-below-header-display":"","ast-hfb-mobile-header-display":"","site-post-title":"","ast-breadcrumbs-content":"","ast-featured-img":"","footer-sml-layout":"","theme-transparent-header-meta":"default","adv-header-id-meta":"","stick-header-meta":"","header-above-stick-meta":"","header-main-stick-meta":"","header-below-stick-meta":"","astra-migrate-meta-layouts":"default","ast-page-background-enabled":"default","ast-page-background-meta":{"desktop":{"background-color":"var(--ast-global-color-4)","background-image":"","background-repeat":"repeat","background-position":"center center","background-size":"auto","background-attachment":"scroll","background-type":"","background-media":"","overlay-type":"","overlay-color":"","overlay-opacity":"","overlay-gradient":""},"tablet":{"background-color":"","background-image":"","background-repeat":"repeat","background-position":"center center","background-size":"auto","background-attachment":"scroll","background-type":"","background-media":"","overlay-type":"","overlay-color":"","overlay-opacity":"","overlay-gradient":""},"mobile":{"background-color":"","background-image":"","background-repeat":"repeat","background-position":"center center","background-size":"auto","background-attachment":"scroll","background-type":"","background-media":"","overlay-type":"","overlay-color":"","overlay-opacity":"","overlay-gradient":""}},"ast-content-background-meta":{"desktop":{"background-color":"var(--ast-global-color-5)","background-image":"","background-repeat":"repeat","background-position":"center center","background-size":"auto","background-attachment":"scroll","background-type":"","background-media":"","overlay-type":"","overlay-color":"","overlay-opacity":"","overlay-gradient":""},"tablet":{"background-color":"var(--ast-global-color-5)","background-image":"","background-repeat":"repeat","background-position":"center center","background-size":"auto","background-attachment":"scroll","background-type":"","background-media":"","overlay-type":"","overlay-color":"","overlay-opacity":"","overlay-gradient":""},"mobile":{"background-color":"var(--ast-global-color-5)","background-image":"","background-repeat":"repeat","background-position":"center center","background-size":"auto","background-attachment":"scroll","background-type":"","background-media":"","overlay-type":"","overlay-color":"","overlay-opacity":"","overlay-gradient":""}}},"product_cat":[127],"product_tag":[],"mwb_booking_cost":[],"mwb_booking_service":[],"class_list":{"0":"post-3528","1":"product","2":"type-product","3":"status-publish","4":"has-post-thumbnail","6":"product_cat-plakater-guirlander","7":"desktop-align-left","8":"tablet-align-left","9":"mobile-align-left","11":"first","12":"instock","13":"sale","14":"taxable","15":"shipping-taxable","16":"purchasable","17":"product-type-simple"},"_links":{"self":[{"href":"https:\/\/lamiaselfie.com\/fi\/wp-json\/wp\/v2\/product\/3528","targetHints":{"allow":["GET"]}}],"collection":[{"href":"https:\/\/lamiaselfie.com\/fi\/wp-json\/wp\/v2\/product"}],"about":[{"href":"https:\/\/lamiaselfie.com\/fi\/wp-json\/wp\/v2\/types\/product"}],"version-history":[{"count":0,"href":"https:\/\/lamiaselfie.com\/fi\/wp-json\/wp\/v2\/product\/3528\/revisions"}],"wp:featuredmedia":[{"embeddable":true,"href":"https:\/\/lamiaselfie.com\/fi\/wp-json\/wp\/v2\/media\/3119"}],"wp:attachment":[{"href":"https:\/\/lamiaselfie.com\/fi\/wp-json\/wp\/v2\/media?parent=3528"}],"wp:term":[{"taxonomy":"product_cat","embeddable":true,"href":"https:\/\/lamiaselfie.com\/fi\/wp-json\/wp\/v2\/product_cat?post=3528"},{"taxonomy":"product_tag","embeddable":true,"href":"https:\/\/lamiaselfie.com\/fi\/wp-json\/wp\/v2\/product_tag?post=3528"},{"taxonomy":"mwb_booking_cost","embeddable":true,"href":"https:\/\/lamiaselfie.com\/fi\/wp-json\/wp\/v2\/mwb_booking_cost?post=3528"},{"taxonomy":"mwb_booking_service","embeddable":true,"href":"https:\/\/lamiaselfie.com\/fi\/wp-json\/wp\/v2\/mwb_booking_service?post=3528"}],"curies":[{"name":"wp","href":"https:\/\/api.w.org\/{rel}","templated":true}]}}