{"id":3533,"date":"2024-11-12T07:38:06","date_gmt":"2024-11-12T07:38:06","guid":{"rendered":"https:\/\/lamiaselfie.com\/product\/se-on-poika\/"},"modified":"2024-11-12T07:38:06","modified_gmt":"2024-11-12T07:38:06","slug":"se-on-poika","status":"publish","type":"product","link":"https:\/\/lamiaselfie.com\/fi\/product\/se-on-poika\/","title":{"rendered":"Se on poika"},"content":{"rendered":"<p><strong>It&#8217;s a Boy &#8211; Perfekt pynt til den store babyshower eller k\u00f8n afsl\u00f8ring!<\/strong><\/p>\n<p>Hanki vauvalle <strong>vauvakylpyl\u00e4<\/strong> tai <strong>hanki h\u00e4nelle<\/strong> uusi spesiaalikortti h\u00e4nen <strong>It&#8217;s a Boy<\/strong> -lehtesi avulla! Denne dekorationspakke indeholder alt, hvad du beh\u00f8ver for at skabe den perfekte atmosf\u00e6re med fine lysebl\u00e5 nuancer. Fra farverige pompomer till en smuk &#8221;It&#8217;s a Boy&#8221;-guirlande, vil denne pynt bringe gl\u00e6de og festlighed til din fejring.  <\/p>\n<p><strong>Pakken indeholder:<\/strong><\/p>\n<ul>\n<li><strong>7 saml-selv pompomer af silkepapir<\/strong> &#8211; Skab den perfekte festlige stemning med disse smukke og fyldige pompomer, som er lette at samle og h\u00e6nge op.<\/li>\n<li><strong>10 balloner<\/strong> &#8211; Farverige og luftige balloner, der tilf\u00f8jer et ekstra festligt element til rummet.<\/li>\n<li><strong>&#8221;It&#8217;s a Boy&#8221; guirlande<\/strong> &#8211; En smuk og i\u00f8jnefaldende guirlande, der fejrer den sp\u00e6ndende nyhed p\u00e5 en stilfuld m\u00e5de.<\/li>\n<li><strong>&#8221;Mommy to be&#8221; sk\u00e6rf<\/strong> &#8211; G\u00f8r den kommende mor til centrum for opm\u00e6rksomheden med dette festlige og charmerende sk\u00e6rf, der markerer hendes specielle rolle.<\/li>\n<\/ul>\n<p>Skab en mindev\u00e6rdig og smuk fejring med vores <strong>It&#8217;s a Boy<\/strong> pynt. Bestil din pakke i dag og g\u00f8r den store dag endnu mere festlig og uforglemmelig!<\/p>\n","protected":false},"excerpt":{"rendered":"<p><strong>It&#8217;s a Boy &#8211; Perfekt pynt til babyshower og k\u00f8n afsl\u00f8ring!<\/strong><\/p>\n<p>Fejr den store dag med vores <strong>It&#8217;s a Boy<\/strong> pynt! Pakken indeholder 7 saml-selv pompomer, 10 balloner, en &#8221;It&#8217;s a Boy&#8221;-guirlande og et &#8221;Mommy to be&#8221;-sk\u00e6rf &#8211; alt i fine lysebl\u00e5 nuancer, der skaber den perfekte festlige atmosf\u00e6re. <\/p>\n","protected":false},"featured_media":3114,"template":"","meta":{"site-sidebar-layout":"default","site-content-layout":"","ast-site-content-layout":"default","site-content-style":"default","site-sidebar-style":"default","ast-global-header-display":"","ast-banner-title-visibility":"","ast-main-header-display":"","ast-hfb-above-header-display":"","ast-hfb-below-header-display":"","ast-hfb-mobile-header-display":"","site-post-title":"","ast-breadcrumbs-content":"","ast-featured-img":"","footer-sml-layout":"","theme-transparent-header-meta":"default","adv-header-id-meta":"","stick-header-meta":"","header-above-stick-meta":"","header-main-stick-meta":"","header-below-stick-meta":"","astra-migrate-meta-layouts":"default","ast-page-background-enabled":"default","ast-page-background-meta":{"desktop":{"background-color":"var(--ast-global-color-4)","background-image":"","background-repeat":"repeat","background-position":"center center","background-size":"auto","background-attachment":"scroll","background-type":"","background-media":"","overlay-type":"","overlay-color":"","overlay-opacity":"","overlay-gradient":""},"tablet":{"background-color":"","background-image":"","background-repeat":"repeat","background-position":"center center","background-size":"auto","background-attachment":"scroll","background-type":"","background-media":"","overlay-type":"","overlay-color":"","overlay-opacity":"","overlay-gradient":""},"mobile":{"background-color":"","background-image":"","background-repeat":"repeat","background-position":"center center","background-size":"auto","background-attachment":"scroll","background-type":"","background-media":"","overlay-type":"","overlay-color":"","overlay-opacity":"","overlay-gradient":""}},"ast-content-background-meta":{"desktop":{"background-color":"var(--ast-global-color-5)","background-image":"","background-repeat":"repeat","background-position":"center center","background-size":"auto","background-attachment":"scroll","background-type":"","background-media":"","overlay-type":"","overlay-color":"","overlay-opacity":"","overlay-gradient":""},"tablet":{"background-color":"var(--ast-global-color-5)","background-image":"","background-repeat":"repeat","background-position":"center center","background-size":"auto","background-attachment":"scroll","background-type":"","background-media":"","overlay-type":"","overlay-color":"","overlay-opacity":"","overlay-gradient":""},"mobile":{"background-color":"var(--ast-global-color-5)","background-image":"","background-repeat":"repeat","background-position":"center center","background-size":"auto","background-attachment":"scroll","background-type":"","background-media":"","overlay-type":"","overlay-color":"","overlay-opacity":"","overlay-gradient":""}}},"product_cat":[127],"product_tag":[],"mwb_booking_cost":[],"mwb_booking_service":[],"class_list":{"0":"post-3533","1":"product","2":"type-product","3":"status-publish","4":"has-post-thumbnail","6":"product_cat-plakater-guirlander","7":"desktop-align-left","8":"tablet-align-left","9":"mobile-align-left","11":"first","12":"instock","13":"sale","14":"taxable","15":"shipping-taxable","16":"purchasable","17":"product-type-simple"},"_links":{"self":[{"href":"https:\/\/lamiaselfie.com\/fi\/wp-json\/wp\/v2\/product\/3533","targetHints":{"allow":["GET"]}}],"collection":[{"href":"https:\/\/lamiaselfie.com\/fi\/wp-json\/wp\/v2\/product"}],"about":[{"href":"https:\/\/lamiaselfie.com\/fi\/wp-json\/wp\/v2\/types\/product"}],"version-history":[{"count":0,"href":"https:\/\/lamiaselfie.com\/fi\/wp-json\/wp\/v2\/product\/3533\/revisions"}],"wp:featuredmedia":[{"embeddable":true,"href":"https:\/\/lamiaselfie.com\/fi\/wp-json\/wp\/v2\/media\/3114"}],"wp:attachment":[{"href":"https:\/\/lamiaselfie.com\/fi\/wp-json\/wp\/v2\/media?parent=3533"}],"wp:term":[{"taxonomy":"product_cat","embeddable":true,"href":"https:\/\/lamiaselfie.com\/fi\/wp-json\/wp\/v2\/product_cat?post=3533"},{"taxonomy":"product_tag","embeddable":true,"href":"https:\/\/lamiaselfie.com\/fi\/wp-json\/wp\/v2\/product_tag?post=3533"},{"taxonomy":"mwb_booking_cost","embeddable":true,"href":"https:\/\/lamiaselfie.com\/fi\/wp-json\/wp\/v2\/mwb_booking_cost?post=3533"},{"taxonomy":"mwb_booking_service","embeddable":true,"href":"https:\/\/lamiaselfie.com\/fi\/wp-json\/wp\/v2\/mwb_booking_service?post=3533"}],"curies":[{"name":"wp","href":"https:\/\/api.w.org\/{rel}","templated":true}]}}