{"id":3609,"date":"2025-01-23T06:33:04","date_gmt":"2025-01-23T06:33:04","guid":{"rendered":"https:\/\/lamiaselfie.com\/product\/la-mia-selfie\/"},"modified":"2025-01-23T08:58:09","modified_gmt":"2025-01-23T08:58:09","slug":"la-mia-selfie","status":"publish","type":"product","link":"https:\/\/lamiaselfie.com\/fi\/product\/la-mia-selfie\/","title":{"rendered":"La Mia Selfie"},"content":{"rendered":"<p>LamiaSelfie on loistava aktiviteetti h\u00e4ihin, konfirmaatioihin, syntym\u00e4p\u00e4iville, yritysjuhliin ja kaikkiin muihin juhlatilaisuuksiin. LamiaSelfien avulla sin\u00e4 ja vieraasi voitte ottaa hauskoja kuvia, jotka ladataan automaattisesti henkil\u00f6kohtaiseen galleriaasi osoitteessa lamiaselfie.com, josta voitte helposti ladata, jakaa tai n\u00e4ytt\u00e4\u00e4 niit\u00e4 diaesityksen\u00e4. Kaikki voivat my\u00f6s suoraan puhelimitse skannata QR-koodin ja saada kuvansa suoraan puhelimitse. 10 hyv\u00e4\u00e4 syyt\u00e4 LamiaSelfien katsomiseen:<\/p>\n<ol>\n<li>Paras arvio Trustpilotissa arvosanalla 4,9 ja yli 4300 ilmoitusta!<\/li>\n<li>Kuvien ter\u00e4v\u00e4 laatu<\/li>\n<li>Diaesitystoiminto v\u00e4lit\u00f6nt\u00e4 katselua varten n\u00e4yt\u00f6ll\u00e4*<\/li>\n<li>Tilaa laskut logolla tai hashtagilla oman online editorisi kautta.<\/li>\n<li>K\u00e4yt\u00e4nn\u00f6llinen QR-toiminto uusien laskujen lataamiseen<\/li>\n<li>Laskujen l\u00e4hett\u00e4minen linkin tai QR-koodin kautta.<\/li>\n<li>Ylikansallinen tuki &#8211; me olemme se, joka ei ole viel\u00e4 valmis.<\/li>\n<li>Rekvisiitta ja toimintakortit aina mukana*<\/li>\n<li>Ilmainen toimitus edestakaisin<\/li>\n<li>Vakuutus sis\u00e4ltyy<\/li>\n<\/ol>\n<p>* Verkkoportaalimme avulla &#8211; vaatii WiFin ja oman n\u00e4yt\u00f6n\/tietokoneen\/projektorin. Ilmainen juhlapaketti, jossa on rekvisiittaa ja toimintakortteja, sis\u00e4ltyy riippumatta siit\u00e4, mink\u00e4 tapahtuman valitset. Oletko valmis ottamaan LamiaSelfien? Vuokraa ylim\u00e4\u00e4r\u00e4inen LamiaSelfie hintaan 795 kr. Sopii erinomaisesti juhliin, joissa on yli 100 juhlijaa tai tapahtumaa eri paikkakunnilla. Tilaa se extras, only varaat ensin LamiaSelfie-esiintymisesi. Kokeile my\u00f6s sen uusinta lis\u00e4yst\u00e4: LamiaGreetings &#8211; \u00e4\u00e4nivieraskirja. Varaa LamiaGreetings yhdess\u00e4 LamiaSelfien kanssa vain 400 Tanskan kruunulla \ud83e\udd73 LamiaGreetingsin avulla saat sek\u00e4 kuvia ett\u00e4 henkil\u00f6kohtaisia tervehdyksi\u00e4 juhlijoilta. Vieraasi voivat j\u00e4tt\u00e4\u00e4 viestin morsiusparille, konfirmaatiolle tai syntym\u00e4p\u00e4iv\u00e4juhlille. Kun palautat LamiaGreetingsin, l\u00e4het\u00e4mme sinulle linkin kaikkiin viesteihin, jotka voit kuunnella uudelleen ja uudelleen \u2728 &#8211; loistava tapa el\u00e4\u00e4 parhaat hetket uudelleen! Miten LamiaGreetings varataan:<br \/>\nLamiaGreetings voidaan varata vain yhdess\u00e4 LamiaSelfien kanssa:<\/p>\n<ol>\n<li>N\u00e4yt\u00e4 LamiaSelfie ja katso sivulle \ud83d\udc4f\ud83c\udffc<\/li>\n<li>Lis\u00e4\u00e4 LamiaGreetings avautuvan ponnahdusikkunan kautta tai lis\u00e4\u00e4 se ostoskoriin T\u00c4ST\u00c4.<\/li>\n<li>Siirry kassalle &#8211; 600 DKK:n alennus v\u00e4hennet\u00e4\u00e4n automaattisesti.<\/li>\n<li>Istu alas ja odota tapahtumaasi \ud83e\udef6<\/li>\n<\/ol>\n<p>Tee juhlistasi entist\u00e4kin ikimuistoisemmat LamiaSelfien avulla &#8211; takuu ter\u00e4vist\u00e4 kuvista ja hyv\u00e4st\u00e4 palvelusta!<\/p>\n","protected":false},"excerpt":{"rendered":"<p>LamiaSelfien avulla saat maailmanluokan viihdett\u00e4 tapahtumaasi &#8211; olipa kyseess\u00e4 sitten h\u00e4\u00e4t, konfirmaatio, syntym\u00e4p\u00e4iv\u00e4 tai yritysjuhla, LamiaSelfie on aina juhlava ja ikimuistoinen tapahtuma. \ud83e\udd73. Sinulla on hauskaa ja unohtumatonta viihdett\u00e4 juhlap\u00e4iv\u00e4n\u00e4, ja juhlien j\u00e4lkeen sinulle j\u00e4\u00e4 kokoelma kuvia, jotka vangitsevat tunnelman parhaalla mahdollisella laadulla. Omaksi iloksesi, kun haluat ikuistaa juhlien hauskuuden ja hyv\u00e4t hetket. Katsokaa ja lukekaa \ud83d\udc47\ud83c\udffc&#8230;<\/p>\n","protected":false},"featured_media":2724,"template":"","meta":{"site-sidebar-layout":"default","site-content-layout":"","ast-site-content-layout":"default","site-content-style":"default","site-sidebar-style":"default","ast-global-header-display":"","ast-banner-title-visibility":"","ast-main-header-display":"","ast-hfb-above-header-display":"","ast-hfb-below-header-display":"","ast-hfb-mobile-header-display":"","site-post-title":"","ast-breadcrumbs-content":"","ast-featured-img":"","footer-sml-layout":"","theme-transparent-header-meta":"default","adv-header-id-meta":"","stick-header-meta":"","header-above-stick-meta":"","header-main-stick-meta":"","header-below-stick-meta":"","astra-migrate-meta-layouts":"set","ast-page-background-enabled":"default","ast-page-background-meta":{"desktop":{"background-color":"var(--ast-global-color-4)","background-image":"","background-repeat":"repeat","background-position":"center center","background-size":"auto","background-attachment":"scroll","background-type":"","background-media":"","overlay-type":"","overlay-color":"","overlay-opacity":"","overlay-gradient":""},"tablet":{"background-color":"","background-image":"","background-repeat":"repeat","background-position":"center center","background-size":"auto","background-attachment":"scroll","background-type":"","background-media":"","overlay-type":"","overlay-color":"","overlay-opacity":"","overlay-gradient":""},"mobile":{"background-color":"","background-image":"","background-repeat":"repeat","background-position":"center center","background-size":"auto","background-attachment":"scroll","background-type":"","background-media":"","overlay-type":"","overlay-color":"","overlay-opacity":"","overlay-gradient":""}},"ast-content-background-meta":{"desktop":{"background-color":"var(--ast-global-color-5)","background-image":"","background-repeat":"repeat","background-position":"center center","background-size":"auto","background-attachment":"scroll","background-type":"","background-media":"","overlay-type":"","overlay-color":"","overlay-opacity":"","overlay-gradient":""},"tablet":{"background-color":"var(--ast-global-color-5)","background-image":"","background-repeat":"repeat","background-position":"center center","background-size":"auto","background-attachment":"scroll","background-type":"","background-media":"","overlay-type":"","overlay-color":"","overlay-opacity":"","overlay-gradient":""},"mobile":{"background-color":"var(--ast-global-color-5)","background-image":"","background-repeat":"repeat","background-position":"center center","background-size":"auto","background-attachment":"scroll","background-type":"","background-media":"","overlay-type":"","overlay-color":"","overlay-opacity":"","overlay-gradient":""}}},"product_cat":[120],"product_tag":[],"mwb_booking_cost":[],"mwb_booking_service":[],"class_list":{"0":"post-3609","1":"product","2":"type-product","3":"status-publish","4":"has-post-thumbnail","6":"product_cat-varaukset","7":"desktop-align-left","8":"tablet-align-left","9":"mobile-align-left","11":"first","12":"instock","13":"virtual","14":"taxable","15":"purchasable","16":"product-type-mwb_booking"},"_links":{"self":[{"href":"https:\/\/lamiaselfie.com\/fi\/wp-json\/wp\/v2\/product\/3609","targetHints":{"allow":["GET"]}}],"collection":[{"href":"https:\/\/lamiaselfie.com\/fi\/wp-json\/wp\/v2\/product"}],"about":[{"href":"https:\/\/lamiaselfie.com\/fi\/wp-json\/wp\/v2\/types\/product"}],"version-history":[{"count":2,"href":"https:\/\/lamiaselfie.com\/fi\/wp-json\/wp\/v2\/product\/3609\/revisions"}],"predecessor-version":[{"id":3617,"href":"https:\/\/lamiaselfie.com\/fi\/wp-json\/wp\/v2\/product\/3609\/revisions\/3617"}],"wp:featuredmedia":[{"embeddable":true,"href":"https:\/\/lamiaselfie.com\/fi\/wp-json\/wp\/v2\/media\/2724"}],"wp:attachment":[{"href":"https:\/\/lamiaselfie.com\/fi\/wp-json\/wp\/v2\/media?parent=3609"}],"wp:term":[{"taxonomy":"product_cat","embeddable":true,"href":"https:\/\/lamiaselfie.com\/fi\/wp-json\/wp\/v2\/product_cat?post=3609"},{"taxonomy":"product_tag","embeddable":true,"href":"https:\/\/lamiaselfie.com\/fi\/wp-json\/wp\/v2\/product_tag?post=3609"},{"taxonomy":"mwb_booking_cost","embeddable":true,"href":"https:\/\/lamiaselfie.com\/fi\/wp-json\/wp\/v2\/mwb_booking_cost?post=3609"},{"taxonomy":"mwb_booking_service","embeddable":true,"href":"https:\/\/lamiaselfie.com\/fi\/wp-json\/wp\/v2\/mwb_booking_service?post=3609"}],"curies":[{"name":"wp","href":"https:\/\/api.w.org\/{rel}","templated":true}]}}