{"id":3506,"date":"2024-11-12T06:32:39","date_gmt":"2024-11-12T06:32:39","guid":{"rendered":"https:\/\/lamiaselfie.com\/product\/julepakken\/"},"modified":"2024-11-12T06:32:39","modified_gmt":"2024-11-12T06:32:39","slug":"julepakken","status":"publish","type":"product","link":"https:\/\/lamiaselfie.com\/no\/product\/julepakken\/","title":{"rendered":"Julepakken"},"content":{"rendered":"<p><strong>Julepakken &#8211; Skab den perfekte julestemning til din fest!<\/strong><\/p>\n<p>Ho ho hoo &#8211; Vi har samlet den ultimative julepakken, s\u00e5 du nemt kan skabe de bedste rammer for dine jule-selfies og julebilleder! Uansett om du holder julefrokost, en julefest eller bare vil skape en hyggelig julestemning til ditt julearrangement, er denne pakken det perfekte valg for \u00e5 gj\u00f8re din fejring ekstra festlig. <\/p>\n<p><strong>Pakken inneholder:<\/strong><\/p>\n<ul>\n<li><strong>Julerekvisitter<\/strong> &#8211; Festlige rekvisitter, som legger den helt rette julestemningen til dine bilder og gj\u00f8r dine selfies sjovere og mer personlige.<\/li>\n<li><strong>Rekvisitholder<\/strong> &#8211; En praktisk holder, der organiserer dine rekvisitter, s\u00e5 g\u00e6sterne nemt kan v\u00e6lge de sjove accessories.<\/li>\n<li><strong>S\u00f8lvbaggrund<\/strong> &#8211; En elegant og glitrende bakgrunn, som gir dine julebilleder et magisk og festligt touch.<\/li>\n<li><strong>&laquo;Tag en selfie&raquo; Plakat<\/strong> &#8211; En morsom og oppfordrende plakat, der f\u00e5r alle til \u00e5 ta de beste selfies og skape fantastiske minner.<\/li>\n<\/ul>\n<p>Julepakken er perfekt til \u00e5 gj\u00f8re ditt julearrangement uforglemmelig. Bestil din pakke i dag, og skab de bedste billeder og sjoveste \u00f8jeblikke til din julefejring!<\/p>\n","protected":false},"excerpt":{"rendered":"<p><strong>Julepakken &#8211; Skab den perfekte julestemning!<\/strong><\/p>\n<p>Gj\u00f8r din julefeiring uforglemmelig med v\u00e5r julepakke! Pakken inneholder julerekvisitter, en rekvisitholder, en glitrende s\u00f8lvbaggrund og en &laquo;Tag en selfie&raquo;-plakat &#8211; alt du beh\u00f8ver for \u00e5 skape festlige og morsomme julebilleder! <\/p>\n","protected":false},"featured_media":3020,"template":"","meta":{"site-sidebar-layout":"default","site-content-layout":"","ast-site-content-layout":"default","site-content-style":"default","site-sidebar-style":"default","ast-global-header-display":"","ast-banner-title-visibility":"","ast-main-header-display":"","ast-hfb-above-header-display":"","ast-hfb-below-header-display":"","ast-hfb-mobile-header-display":"","site-post-title":"","ast-breadcrumbs-content":"","ast-featured-img":"","footer-sml-layout":"","theme-transparent-header-meta":"default","adv-header-id-meta":"","stick-header-meta":"","header-above-stick-meta":"","header-main-stick-meta":"","header-below-stick-meta":"","astra-migrate-meta-layouts":"default","ast-page-background-enabled":"default","ast-page-background-meta":{"desktop":{"background-color":"var(--ast-global-color-4)","background-image":"","background-repeat":"repeat","background-position":"center center","background-size":"auto","background-attachment":"scroll","background-type":"","background-media":"","overlay-type":"","overlay-color":"","overlay-opacity":"","overlay-gradient":""},"tablet":{"background-color":"","background-image":"","background-repeat":"repeat","background-position":"center center","background-size":"auto","background-attachment":"scroll","background-type":"","background-media":"","overlay-type":"","overlay-color":"","overlay-opacity":"","overlay-gradient":""},"mobile":{"background-color":"","background-image":"","background-repeat":"repeat","background-position":"center center","background-size":"auto","background-attachment":"scroll","background-type":"","background-media":"","overlay-type":"","overlay-color":"","overlay-opacity":"","overlay-gradient":""}},"ast-content-background-meta":{"desktop":{"background-color":"var(--ast-global-color-5)","background-image":"","background-repeat":"repeat","background-position":"center center","background-size":"auto","background-attachment":"scroll","background-type":"","background-media":"","overlay-type":"","overlay-color":"","overlay-opacity":"","overlay-gradient":""},"tablet":{"background-color":"var(--ast-global-color-5)","background-image":"","background-repeat":"repeat","background-position":"center center","background-size":"auto","background-attachment":"scroll","background-type":"","background-media":"","overlay-type":"","overlay-color":"","overlay-opacity":"","overlay-gradient":""},"mobile":{"background-color":"var(--ast-global-color-5)","background-image":"","background-repeat":"repeat","background-position":"center center","background-size":"auto","background-attachment":"scroll","background-type":"","background-media":"","overlay-type":"","overlay-color":"","overlay-opacity":"","overlay-gradient":""}}},"product_cat":[107],"product_tag":[],"mwb_booking_cost":[],"mwb_booking_service":[],"class_list":{"0":"post-3506","1":"product","2":"type-product","3":"status-publish","4":"has-post-thumbnail","6":"product_cat-pakker","7":"desktop-align-left","8":"tablet-align-left","9":"mobile-align-left","11":"first","12":"instock","13":"sale","14":"taxable","15":"shipping-taxable","16":"purchasable","17":"product-type-simple"},"_links":{"self":[{"href":"https:\/\/lamiaselfie.com\/no\/wp-json\/wp\/v2\/product\/3506","targetHints":{"allow":["GET"]}}],"collection":[{"href":"https:\/\/lamiaselfie.com\/no\/wp-json\/wp\/v2\/product"}],"about":[{"href":"https:\/\/lamiaselfie.com\/no\/wp-json\/wp\/v2\/types\/product"}],"version-history":[{"count":0,"href":"https:\/\/lamiaselfie.com\/no\/wp-json\/wp\/v2\/product\/3506\/revisions"}],"wp:featuredmedia":[{"embeddable":true,"href":"https:\/\/lamiaselfie.com\/no\/wp-json\/wp\/v2\/media\/3020"}],"wp:attachment":[{"href":"https:\/\/lamiaselfie.com\/no\/wp-json\/wp\/v2\/media?parent=3506"}],"wp:term":[{"taxonomy":"product_cat","embeddable":true,"href":"https:\/\/lamiaselfie.com\/no\/wp-json\/wp\/v2\/product_cat?post=3506"},{"taxonomy":"product_tag","embeddable":true,"href":"https:\/\/lamiaselfie.com\/no\/wp-json\/wp\/v2\/product_tag?post=3506"},{"taxonomy":"mwb_booking_cost","embeddable":true,"href":"https:\/\/lamiaselfie.com\/no\/wp-json\/wp\/v2\/mwb_booking_cost?post=3506"},{"taxonomy":"mwb_booking_service","embeddable":true,"href":"https:\/\/lamiaselfie.com\/no\/wp-json\/wp\/v2\/mwb_booking_service?post=3506"}],"curies":[{"name":"wp","href":"https:\/\/api.w.org\/{rel}","templated":true}]}}