{"id":3532,"date":"2024-11-12T07:38:06","date_gmt":"2024-11-12T07:38:06","guid":{"rendered":"https:\/\/lamiaselfie.com\/product\/det-er-en-gutt\/"},"modified":"2024-11-12T07:38:06","modified_gmt":"2024-11-12T07:38:06","slug":"det-er-en-gutt","status":"publish","type":"product","link":"https:\/\/lamiaselfie.com\/no\/product\/det-er-en-gutt\/","title":{"rendered":"Det er en gutt"},"content":{"rendered":"<p><strong>It&#8217;s a Boy &#8211; Perfekt pynt til den store babyshower eller kj\u00f8nn afsl\u00f8ring!<\/strong><\/p>\n<p>Gj\u00f8r din <strong>babyshower<\/strong> eller <strong>kj\u00f8nnsavslutning<\/strong> ekstra spesiell med v\u00e5r <strong>It&#8217;s a Boy<\/strong> pynt! Denne dekorasjonspakken inneholder alt, hva du beh\u00f8ver for \u00e5 skape den perfekte atmosf\u00e6re med fine lysebl\u00e5 nyanser. Fra farverige pompomer til en smuk &laquo;It&#8217;s a Boy&raquo;-guirlande, vil denne pynt bringe gl\u00e6de og festlighed til din fejring.  <\/p>\n<p><strong>Pakken inneholder:<\/strong><\/p>\n<ul>\n<li><strong>7 saml-selv pompomer af silkepapir<\/strong> &#8211; Skab den perfekte festlige stemning med disse smukke og fyldige pompomer, som er lette \u00e5 samle og h\u00e6nge op.<\/li>\n<li><strong>10 balloner<\/strong> &#8211; Farverige og luftige balloner, som tilf\u00f8rer et ekstra festligt element til rommet.<\/li>\n<li><strong>&laquo;It&#8217;s a Boy&raquo; guirlande<\/strong> &#8211; En smuk og i\u00f8jnefaldende guirlande, der fejrer den sp\u00e6ndende nyhed p\u00e5 en stilfuld m\u00e5de.<\/li>\n<li><strong>&laquo;Mommy to be&raquo; sk\u00e6rf<\/strong> &#8211; G\u00f8r den kommende mor til centrum for opm\u00e6rksomhed med dette festlige og charmerende sk\u00e6rf, der markerer hendes specielle rolle.<\/li>\n<\/ul>\n<p>Skab en mindev\u00e6rdig og smuk fejring med vores <strong>It&#8217;s a Boy<\/strong> pynt. Bestil din pakke i dag og gj\u00f8r den store dagen enda mer festlig og uforglemmelig!<\/p>\n","protected":false},"excerpt":{"rendered":"<p><strong>It&#8217;s a Boy &#8211; Perfekt pynt til babyshower og kj\u00f8nnsavsl\u00f8ring!<\/strong><\/p>\n<p>Fejr den store dagen med v\u00e5r <strong>It&#8217;s a Boy<\/strong> pynt! Pakken inneholder 7 saml-selv pompomer, 10 balloner, en &laquo;It&#8217;s a Boy&raquo;-guirlande og et &laquo;Mommy to be&raquo;-sk\u00e6rf &#8211; alt i fine lysebl\u00e5 nyanser, der skaber den perfekte festlige atmosf\u00e6re. <\/p>\n","protected":false},"featured_media":3115,"template":"","meta":{"site-sidebar-layout":"default","site-content-layout":"","ast-site-content-layout":"default","site-content-style":"default","site-sidebar-style":"default","ast-global-header-display":"","ast-banner-title-visibility":"","ast-main-header-display":"","ast-hfb-above-header-display":"","ast-hfb-below-header-display":"","ast-hfb-mobile-header-display":"","site-post-title":"","ast-breadcrumbs-content":"","ast-featured-img":"","footer-sml-layout":"","theme-transparent-header-meta":"default","adv-header-id-meta":"","stick-header-meta":"","header-above-stick-meta":"","header-main-stick-meta":"","header-below-stick-meta":"","astra-migrate-meta-layouts":"default","ast-page-background-enabled":"default","ast-page-background-meta":{"desktop":{"background-color":"var(--ast-global-color-4)","background-image":"","background-repeat":"repeat","background-position":"center center","background-size":"auto","background-attachment":"scroll","background-type":"","background-media":"","overlay-type":"","overlay-color":"","overlay-opacity":"","overlay-gradient":""},"tablet":{"background-color":"","background-image":"","background-repeat":"repeat","background-position":"center center","background-size":"auto","background-attachment":"scroll","background-type":"","background-media":"","overlay-type":"","overlay-color":"","overlay-opacity":"","overlay-gradient":""},"mobile":{"background-color":"","background-image":"","background-repeat":"repeat","background-position":"center center","background-size":"auto","background-attachment":"scroll","background-type":"","background-media":"","overlay-type":"","overlay-color":"","overlay-opacity":"","overlay-gradient":""}},"ast-content-background-meta":{"desktop":{"background-color":"var(--ast-global-color-5)","background-image":"","background-repeat":"repeat","background-position":"center center","background-size":"auto","background-attachment":"scroll","background-type":"","background-media":"","overlay-type":"","overlay-color":"","overlay-opacity":"","overlay-gradient":""},"tablet":{"background-color":"var(--ast-global-color-5)","background-image":"","background-repeat":"repeat","background-position":"center center","background-size":"auto","background-attachment":"scroll","background-type":"","background-media":"","overlay-type":"","overlay-color":"","overlay-opacity":"","overlay-gradient":""},"mobile":{"background-color":"var(--ast-global-color-5)","background-image":"","background-repeat":"repeat","background-position":"center center","background-size":"auto","background-attachment":"scroll","background-type":"","background-media":"","overlay-type":"","overlay-color":"","overlay-opacity":"","overlay-gradient":""}}},"product_cat":[131],"product_tag":[],"mwb_booking_cost":[],"mwb_booking_service":[],"class_list":{"0":"post-3532","1":"product","2":"type-product","3":"status-publish","4":"has-post-thumbnail","6":"product_cat-plakater-guirlander-no","7":"desktop-align-left","8":"tablet-align-left","9":"mobile-align-left","11":"first","12":"instock","13":"sale","14":"taxable","15":"shipping-taxable","16":"purchasable","17":"product-type-simple"},"_links":{"self":[{"href":"https:\/\/lamiaselfie.com\/no\/wp-json\/wp\/v2\/product\/3532","targetHints":{"allow":["GET"]}}],"collection":[{"href":"https:\/\/lamiaselfie.com\/no\/wp-json\/wp\/v2\/product"}],"about":[{"href":"https:\/\/lamiaselfie.com\/no\/wp-json\/wp\/v2\/types\/product"}],"version-history":[{"count":0,"href":"https:\/\/lamiaselfie.com\/no\/wp-json\/wp\/v2\/product\/3532\/revisions"}],"wp:featuredmedia":[{"embeddable":true,"href":"https:\/\/lamiaselfie.com\/no\/wp-json\/wp\/v2\/media\/3115"}],"wp:attachment":[{"href":"https:\/\/lamiaselfie.com\/no\/wp-json\/wp\/v2\/media?parent=3532"}],"wp:term":[{"taxonomy":"product_cat","embeddable":true,"href":"https:\/\/lamiaselfie.com\/no\/wp-json\/wp\/v2\/product_cat?post=3532"},{"taxonomy":"product_tag","embeddable":true,"href":"https:\/\/lamiaselfie.com\/no\/wp-json\/wp\/v2\/product_tag?post=3532"},{"taxonomy":"mwb_booking_cost","embeddable":true,"href":"https:\/\/lamiaselfie.com\/no\/wp-json\/wp\/v2\/mwb_booking_cost?post=3532"},{"taxonomy":"mwb_booking_service","embeddable":true,"href":"https:\/\/lamiaselfie.com\/no\/wp-json\/wp\/v2\/mwb_booking_service?post=3532"}],"curies":[{"name":"wp","href":"https:\/\/api.w.org\/{rel}","templated":true}]}}