{"id":3567,"date":"2024-11-12T07:18:29","date_gmt":"2024-11-12T07:18:29","guid":{"rendered":"https:\/\/lamiaselfie.com\/product\/kobber-baggrund-2x2-meter\/"},"modified":"2024-11-12T07:18:29","modified_gmt":"2024-11-12T07:18:29","slug":"kobber-baggrund-2x2-meter","status":"publish","type":"product","link":"https:\/\/lamiaselfie.com\/no\/product\/kobber-baggrund-2x2-meter\/","title":{"rendered":"Kobber Baggrund (2&#215;2 meter)"},"content":{"rendered":"<p><strong>Kobber Baggrund (2&#215;2 meter) &#8211; Den perfekte bakgrunn til din Partyselfie!<\/strong><\/p>\n<p>Tilf\u00f8j varme, elegance og en smule glamour til din fest med vores <strong>Kobber Baggrund (2&#215;2 meter)<\/strong>! Denne vakre kobberfarvede bakgrunnen gir et sofistikert og moderne preg til dine bilder, hvilket g\u00f8r den ideel til en r\u00e6kke festlige lejligheder som nyt\u00e5r, f\u00f8dselsdage, jubil\u00e6er eller enhver begivenhed, der fortjener et ekstra festligt touch. G\u00f8r dine <strong>Partyselfies<\/strong> uforglemmelige med en baggrund, der b\u00e5de er i\u00f8jnefaldende og elegant. <\/p>\n<p><strong>Spesifikasjoner:<\/strong><\/p>\n<ul>\n<li><strong>St\u00f8rrelse:<\/strong> 2&#215;2 meter &#8211; Ideel til b\u00e5de sm\u00e5 og store fotohj\u00f8rner, som sikrer et profesjonelt og fyldig utseende.<\/li>\n<li><strong>Selvkl\u00e6bende tape i toppen<\/strong> &#8211; Nem ops\u00e6tning, der g\u00f8r det hurtigt og problemfrit at h\u00e6nge baggrunden op.<\/li>\n<li><strong>Plasseringsveiledning:<\/strong> Da baggrunden er 2 meter bred og 2 meter h\u00f8j, anbefales det at du plasserer din Partyselfie maks. 1,5 meter fra baggrunden for \u00e5 f\u00e5 den bedste d\u00e6kning p\u00e5 dine billeder. <\/li>\n<li>Du kan ogs\u00e5 kombinere flere baggrunde for ekstra dekning eller plassere flere baggrunde ovenp\u00e5 hverandre for \u00e5 oppn\u00e5 et enda mer imponerende resultat.<\/li>\n<\/ul>\n<p>Med en <strong>Kobber Baggrund<\/strong> f\u00e5r du et stilfullt og glitrende look, som vil gj\u00f8re dine bilder og Partyselfies ekstra spesielle. Bestil din bakgrunn i dag og gj\u00f8r din fest til noe helt spesielt!<\/p>\n","protected":false},"excerpt":{"rendered":"<p><strong>Kobber Baggrund (2&#215;2 meter) &#8211; Den perfekte bakgrunn til din Partyselfie!<\/strong><\/p>\n<p>Gi dine Partyselfies et elegant og moderne preg med denne 2&#215;2 meter <strong>Kobber Baggrund<\/strong>. Den er nem at ops\u00e6tte med selvkl\u00e6bende tape og tilf\u00f8jer varme og glamour til dine billeder. Kombiner flere baggrunde for ekstra dekning og et imponerende resultat.  <\/p>\n","protected":false},"featured_media":3075,"template":"","meta":{"site-sidebar-layout":"default","site-content-layout":"","ast-site-content-layout":"default","site-content-style":"default","site-sidebar-style":"default","ast-global-header-display":"","ast-banner-title-visibility":"","ast-main-header-display":"","ast-hfb-above-header-display":"","ast-hfb-below-header-display":"","ast-hfb-mobile-header-display":"","site-post-title":"","ast-breadcrumbs-content":"","ast-featured-img":"","footer-sml-layout":"","theme-transparent-header-meta":"default","adv-header-id-meta":"","stick-header-meta":"","header-above-stick-meta":"","header-main-stick-meta":"","header-below-stick-meta":"","astra-migrate-meta-layouts":"default","ast-page-background-enabled":"default","ast-page-background-meta":{"desktop":{"background-color":"var(--ast-global-color-4)","background-image":"","background-repeat":"repeat","background-position":"center center","background-size":"auto","background-attachment":"scroll","background-type":"","background-media":"","overlay-type":"","overlay-color":"","overlay-opacity":"","overlay-gradient":""},"tablet":{"background-color":"","background-image":"","background-repeat":"repeat","background-position":"center center","background-size":"auto","background-attachment":"scroll","background-type":"","background-media":"","overlay-type":"","overlay-color":"","overlay-opacity":"","overlay-gradient":""},"mobile":{"background-color":"","background-image":"","background-repeat":"repeat","background-position":"center center","background-size":"auto","background-attachment":"scroll","background-type":"","background-media":"","overlay-type":"","overlay-color":"","overlay-opacity":"","overlay-gradient":""}},"ast-content-background-meta":{"desktop":{"background-color":"var(--ast-global-color-5)","background-image":"","background-repeat":"repeat","background-position":"center center","background-size":"auto","background-attachment":"scroll","background-type":"","background-media":"","overlay-type":"","overlay-color":"","overlay-opacity":"","overlay-gradient":""},"tablet":{"background-color":"var(--ast-global-color-5)","background-image":"","background-repeat":"repeat","background-position":"center center","background-size":"auto","background-attachment":"scroll","background-type":"","background-media":"","overlay-type":"","overlay-color":"","overlay-opacity":"","overlay-gradient":""},"mobile":{"background-color":"var(--ast-global-color-5)","background-image":"","background-repeat":"repeat","background-position":"center center","background-size":"auto","background-attachment":"scroll","background-type":"","background-media":"","overlay-type":"","overlay-color":"","overlay-opacity":"","overlay-gradient":""}}},"product_cat":[124],"product_tag":[],"mwb_booking_cost":[],"mwb_booking_service":[],"class_list":{"0":"post-3567","1":"product","2":"type-product","3":"status-publish","4":"has-post-thumbnail","6":"product_cat-baggrunde-no","7":"desktop-align-left","8":"tablet-align-left","9":"mobile-align-left","11":"first","12":"instock","13":"sale","14":"taxable","15":"shipping-taxable","16":"purchasable","17":"product-type-simple"},"_links":{"self":[{"href":"https:\/\/lamiaselfie.com\/no\/wp-json\/wp\/v2\/product\/3567","targetHints":{"allow":["GET"]}}],"collection":[{"href":"https:\/\/lamiaselfie.com\/no\/wp-json\/wp\/v2\/product"}],"about":[{"href":"https:\/\/lamiaselfie.com\/no\/wp-json\/wp\/v2\/types\/product"}],"version-history":[{"count":0,"href":"https:\/\/lamiaselfie.com\/no\/wp-json\/wp\/v2\/product\/3567\/revisions"}],"wp:featuredmedia":[{"embeddable":true,"href":"https:\/\/lamiaselfie.com\/no\/wp-json\/wp\/v2\/media\/3075"}],"wp:attachment":[{"href":"https:\/\/lamiaselfie.com\/no\/wp-json\/wp\/v2\/media?parent=3567"}],"wp:term":[{"taxonomy":"product_cat","embeddable":true,"href":"https:\/\/lamiaselfie.com\/no\/wp-json\/wp\/v2\/product_cat?post=3567"},{"taxonomy":"product_tag","embeddable":true,"href":"https:\/\/lamiaselfie.com\/no\/wp-json\/wp\/v2\/product_tag?post=3567"},{"taxonomy":"mwb_booking_cost","embeddable":true,"href":"https:\/\/lamiaselfie.com\/no\/wp-json\/wp\/v2\/mwb_booking_cost?post=3567"},{"taxonomy":"mwb_booking_service","embeddable":true,"href":"https:\/\/lamiaselfie.com\/no\/wp-json\/wp\/v2\/mwb_booking_service?post=3567"}],"curies":[{"name":"wp","href":"https:\/\/api.w.org\/{rel}","templated":true}]}}