{"id":3593,"date":"2024-11-12T07:49:36","date_gmt":"2024-11-12T07:49:36","guid":{"rendered":"https:\/\/lamiaselfie.com\/product\/love-pa-snor\/"},"modified":"2024-11-12T07:49:36","modified_gmt":"2024-11-12T07:49:36","slug":"love-pa-snor","status":"publish","type":"product","link":"https:\/\/lamiaselfie.com\/no\/product\/love-pa-snor\/","title":{"rendered":"LOVE &#8211; p\u00e5 snor"},"content":{"rendered":"<p><strong>LOVE &#8211; p\u00e5 snor &#8211; En stilfull og elegant dekorasjon til enhver fejring<\/strong><\/p>\n<p>Tilf\u00f8j et romantisk og elegant touch til din fest med denne <strong>LOVE &#8211; p\u00e5 snor<\/strong> guirlande! Best\u00e5ende av <strong>hvit tekst p\u00e5 sort pap<\/strong>, h\u00e6ngt op p\u00e5 en <strong>sort snor<\/strong>, er denne guirlande perfekt til bryllupper, romantiske fester, eller som en del av din dekorasjon til Valentinsdag eller andre kj\u00e6rlighetsfester. Den kontrastfylte fargekombinasjonen gir et moderne og tidl\u00f8st uttrykk, der let passer ind i enhver indretning.  <\/p>\n<p><strong>Pakken inneholder:<\/strong><\/p>\n<ul>\n<li><strong>&laquo;LOVE&raquo; guirlande p\u00e5 snor<\/strong> &#8211; Bogstaverne &laquo;LOVE&raquo; er trykt i hvit tekst p\u00e5 sort pap og h\u00e6ngt op p\u00e5 en sort snor for et sofistikeret og stilfuldt udseende.<\/li>\n<li><strong>Enkel og elegant<\/strong> &#8211; Denne guirlande skaper en romantisk og festlig stemning uten \u00e5 v\u00e6re for overdrevet, perfekt til b\u00e5de intime og st\u00f8rre fester.<\/li>\n<li><strong>Passer til alle lejligheder<\/strong> &#8211; Uanset om du fejrer et bryllup, en romantisk middag, eller en anden k\u00e6rlighedsfuld begivenhed, vil denne guirlande s\u00e6tte den rette stemning.<\/li>\n<\/ul>\n<p>Skab en vakker og romantisk atmosf\u00e6re med denne <strong>LOVE &#8211; p\u00e5 snor<\/strong> guirlande. Bestil din pakke i dag og tilf\u00f8j et elegant element til din fest.<\/p>\n","protected":false},"excerpt":{"rendered":"<p><strong>LOVE &#8211; p\u00e5 snor &#8211; En stilfull og elegant guirlande til enhver fejring!<\/strong><\/p>\n<p>Tilf\u00f8j et romantisk touch til din fest med <strong>LOVE &#8211; p\u00e5 snor<\/strong>. Hvid tekst p\u00e5 sort pap og sort snor skaber en enkel, men sofistikeret guirlande, der er perfekt til bryllupper, romantiske fester eller enhver k\u00e6rlighedsfuld begivenhed. <\/p>\n","protected":false},"featured_media":3135,"template":"","meta":{"site-sidebar-layout":"default","site-content-layout":"","ast-site-content-layout":"default","site-content-style":"default","site-sidebar-style":"default","ast-global-header-display":"","ast-banner-title-visibility":"","ast-main-header-display":"","ast-hfb-above-header-display":"","ast-hfb-below-header-display":"","ast-hfb-mobile-header-display":"","site-post-title":"","ast-breadcrumbs-content":"","ast-featured-img":"","footer-sml-layout":"","theme-transparent-header-meta":"default","adv-header-id-meta":"","stick-header-meta":"","header-above-stick-meta":"","header-main-stick-meta":"","header-below-stick-meta":"","astra-migrate-meta-layouts":"default","ast-page-background-enabled":"default","ast-page-background-meta":{"desktop":{"background-color":"var(--ast-global-color-4)","background-image":"","background-repeat":"repeat","background-position":"center center","background-size":"auto","background-attachment":"scroll","background-type":"","background-media":"","overlay-type":"","overlay-color":"","overlay-opacity":"","overlay-gradient":""},"tablet":{"background-color":"","background-image":"","background-repeat":"repeat","background-position":"center center","background-size":"auto","background-attachment":"scroll","background-type":"","background-media":"","overlay-type":"","overlay-color":"","overlay-opacity":"","overlay-gradient":""},"mobile":{"background-color":"","background-image":"","background-repeat":"repeat","background-position":"center center","background-size":"auto","background-attachment":"scroll","background-type":"","background-media":"","overlay-type":"","overlay-color":"","overlay-opacity":"","overlay-gradient":""}},"ast-content-background-meta":{"desktop":{"background-color":"var(--ast-global-color-5)","background-image":"","background-repeat":"repeat","background-position":"center center","background-size":"auto","background-attachment":"scroll","background-type":"","background-media":"","overlay-type":"","overlay-color":"","overlay-opacity":"","overlay-gradient":""},"tablet":{"background-color":"var(--ast-global-color-5)","background-image":"","background-repeat":"repeat","background-position":"center center","background-size":"auto","background-attachment":"scroll","background-type":"","background-media":"","overlay-type":"","overlay-color":"","overlay-opacity":"","overlay-gradient":""},"mobile":{"background-color":"var(--ast-global-color-5)","background-image":"","background-repeat":"repeat","background-position":"center center","background-size":"auto","background-attachment":"scroll","background-type":"","background-media":"","overlay-type":"","overlay-color":"","overlay-opacity":"","overlay-gradient":""}}},"product_cat":[131],"product_tag":[],"mwb_booking_cost":[],"mwb_booking_service":[],"class_list":{"0":"post-3593","1":"product","2":"type-product","3":"status-publish","4":"has-post-thumbnail","6":"product_cat-plakater-guirlander-no","7":"desktop-align-left","8":"tablet-align-left","9":"mobile-align-left","11":"first","12":"instock","13":"sale","14":"taxable","15":"shipping-taxable","16":"purchasable","17":"product-type-simple"},"_links":{"self":[{"href":"https:\/\/lamiaselfie.com\/no\/wp-json\/wp\/v2\/product\/3593","targetHints":{"allow":["GET"]}}],"collection":[{"href":"https:\/\/lamiaselfie.com\/no\/wp-json\/wp\/v2\/product"}],"about":[{"href":"https:\/\/lamiaselfie.com\/no\/wp-json\/wp\/v2\/types\/product"}],"version-history":[{"count":0,"href":"https:\/\/lamiaselfie.com\/no\/wp-json\/wp\/v2\/product\/3593\/revisions"}],"wp:featuredmedia":[{"embeddable":true,"href":"https:\/\/lamiaselfie.com\/no\/wp-json\/wp\/v2\/media\/3135"}],"wp:attachment":[{"href":"https:\/\/lamiaselfie.com\/no\/wp-json\/wp\/v2\/media?parent=3593"}],"wp:term":[{"taxonomy":"product_cat","embeddable":true,"href":"https:\/\/lamiaselfie.com\/no\/wp-json\/wp\/v2\/product_cat?post=3593"},{"taxonomy":"product_tag","embeddable":true,"href":"https:\/\/lamiaselfie.com\/no\/wp-json\/wp\/v2\/product_tag?post=3593"},{"taxonomy":"mwb_booking_cost","embeddable":true,"href":"https:\/\/lamiaselfie.com\/no\/wp-json\/wp\/v2\/mwb_booking_cost?post=3593"},{"taxonomy":"mwb_booking_service","embeddable":true,"href":"https:\/\/lamiaselfie.com\/no\/wp-json\/wp\/v2\/mwb_booking_service?post=3593"}],"curies":[{"name":"wp","href":"https:\/\/api.w.org\/{rel}","templated":true}]}}