{"id":3598,"date":"2024-11-12T07:46:43","date_gmt":"2024-11-12T07:46:43","guid":{"rendered":"https:\/\/lamiaselfie.com\/product\/happy-birthday-i-stof-pa-snor\/"},"modified":"2024-11-12T07:46:43","modified_gmt":"2024-11-12T07:46:43","slug":"happy-birthday-i-stof-pa-snor","status":"publish","type":"product","link":"https:\/\/lamiaselfie.com\/no\/product\/happy-birthday-i-stof-pa-snor\/","title":{"rendered":"Happy Birthday i stof &#8211; p\u00e5 snor"},"content":{"rendered":"<p><strong>Happy Birthday i stof &#8211; p\u00e5 snor &#8211; En festlig og rustikk guirlande til din f\u00f8dselsdag<\/strong><\/p>\n<p>Gj\u00f8r din f\u00f8dselsdagsfeiring ekstra spesiell med denne vakre <strong>Happy Birthday i stof<\/strong> guirlande! Denne dekorative guirlande er lavet af naturligt <strong>s\u00e6kkel\u00e6rred<\/strong> og h\u00e6ngt p\u00e5 <strong>natursnor<\/strong>, hvilket giver den et rustikt og tidl\u00f8st udtryk. Den perfekte m\u00e5ten \u00e5 spre f\u00f8dselsdagsglede p\u00e5 og skape den rette stemning til din fest. Med et smukt bogstavtryk p\u00e5 den ene side bliver guirlanden et i\u00f8jnefaldende element i din festdekoration.   <\/p>\n<p><strong>Pakken inneholder:<\/strong><\/p>\n<ul>\n<li><strong>2 guirlander af s\u00e6kkel\u00e6rred<\/strong> &#8211; Hver guirlande er lavet af kvalitetsmateriale og h\u00e6ngt p\u00e5 en natursnor, der giver et naturligt og festligt look.<\/li>\n<li><strong>&laquo;Happy&raquo; ca. 260 cm <\/strong>  med snor &#8211; Den f\u00f8rste guirlande med ordet &laquo;Happy&raquo; i smukt bogstavtryk.<\/li>\n<li><strong>&laquo;Bursdag&raquo; ca. 245 cm <\/strong>  med snor &#8211; Den andre guirlande med ordet &laquo;Birthday&raquo;, som perfekt kompletterer din festdekorasjon.<\/li>\n<li><strong>Hvert flagg ca. 13&#215;19 cm <\/strong>  &#8211; Hvert flagg er en vakker detalj, som henger elegant og fremhever den festlige stemningen.<\/li>\n<li><strong>Bogstavtryk p\u00e5 den ene side<\/strong> &#8211; En flot og tydelig tryk, der g\u00f8r guirlanden b\u00e5de festlig og i\u00f8jnefaldende.<\/li>\n<\/ul>\n<p>Skab en minneverdig og festlig atmosf\u00e6re til din f\u00f8dselsdag med denne <strong>Happy Birthday i stof<\/strong> guirlande. Bestil din pakke i dag og gi din fest et rustikt og sjarmerende preg!<\/p>\n","protected":false},"excerpt":{"rendered":"<p><strong>Happy Birthday i stof &#8211; p\u00e5 snor &#8211; En festlig og rustikk guirlande til f\u00f8dselsdagen!<\/strong><\/p>\n<p>Fejr din f\u00f8dselsdag med stil med <strong>Happy Birthday i stof<\/strong> guirlanden! Best\u00e5ende av 2 guirlander i s\u00e6kkel\u00e6rred p\u00e5 natursnor, med ordet <strong>&laquo;Happy&raquo;<\/strong> (260 cm) og &raquo; <strong>Birthday<\/strong> &raquo; (245 cm), og flagg i st\u00f8rrelse 13&#215;19 cm. Denne rustikke og festlige guirlande skaper en uforglemmelig atmosf\u00e6re til din f\u00f8dselsdag.  <\/p>\n","protected":false},"featured_media":3130,"template":"","meta":{"site-sidebar-layout":"default","site-content-layout":"","ast-site-content-layout":"default","site-content-style":"default","site-sidebar-style":"default","ast-global-header-display":"","ast-banner-title-visibility":"","ast-main-header-display":"","ast-hfb-above-header-display":"","ast-hfb-below-header-display":"","ast-hfb-mobile-header-display":"","site-post-title":"","ast-breadcrumbs-content":"","ast-featured-img":"","footer-sml-layout":"","theme-transparent-header-meta":"default","adv-header-id-meta":"","stick-header-meta":"","header-above-stick-meta":"","header-main-stick-meta":"","header-below-stick-meta":"","astra-migrate-meta-layouts":"default","ast-page-background-enabled":"default","ast-page-background-meta":{"desktop":{"background-color":"var(--ast-global-color-4)","background-image":"","background-repeat":"repeat","background-position":"center center","background-size":"auto","background-attachment":"scroll","background-type":"","background-media":"","overlay-type":"","overlay-color":"","overlay-opacity":"","overlay-gradient":""},"tablet":{"background-color":"","background-image":"","background-repeat":"repeat","background-position":"center center","background-size":"auto","background-attachment":"scroll","background-type":"","background-media":"","overlay-type":"","overlay-color":"","overlay-opacity":"","overlay-gradient":""},"mobile":{"background-color":"","background-image":"","background-repeat":"repeat","background-position":"center center","background-size":"auto","background-attachment":"scroll","background-type":"","background-media":"","overlay-type":"","overlay-color":"","overlay-opacity":"","overlay-gradient":""}},"ast-content-background-meta":{"desktop":{"background-color":"var(--ast-global-color-5)","background-image":"","background-repeat":"repeat","background-position":"center center","background-size":"auto","background-attachment":"scroll","background-type":"","background-media":"","overlay-type":"","overlay-color":"","overlay-opacity":"","overlay-gradient":""},"tablet":{"background-color":"var(--ast-global-color-5)","background-image":"","background-repeat":"repeat","background-position":"center center","background-size":"auto","background-attachment":"scroll","background-type":"","background-media":"","overlay-type":"","overlay-color":"","overlay-opacity":"","overlay-gradient":""},"mobile":{"background-color":"var(--ast-global-color-5)","background-image":"","background-repeat":"repeat","background-position":"center center","background-size":"auto","background-attachment":"scroll","background-type":"","background-media":"","overlay-type":"","overlay-color":"","overlay-opacity":"","overlay-gradient":""}}},"product_cat":[131],"product_tag":[],"mwb_booking_cost":[],"mwb_booking_service":[],"class_list":{"0":"post-3598","1":"product","2":"type-product","3":"status-publish","4":"has-post-thumbnail","6":"product_cat-plakater-guirlander-no","7":"desktop-align-left","8":"tablet-align-left","9":"mobile-align-left","11":"first","12":"instock","13":"sale","14":"taxable","15":"shipping-taxable","16":"purchasable","17":"product-type-simple"},"_links":{"self":[{"href":"https:\/\/lamiaselfie.com\/no\/wp-json\/wp\/v2\/product\/3598","targetHints":{"allow":["GET"]}}],"collection":[{"href":"https:\/\/lamiaselfie.com\/no\/wp-json\/wp\/v2\/product"}],"about":[{"href":"https:\/\/lamiaselfie.com\/no\/wp-json\/wp\/v2\/types\/product"}],"version-history":[{"count":0,"href":"https:\/\/lamiaselfie.com\/no\/wp-json\/wp\/v2\/product\/3598\/revisions"}],"wp:featuredmedia":[{"embeddable":true,"href":"https:\/\/lamiaselfie.com\/no\/wp-json\/wp\/v2\/media\/3130"}],"wp:attachment":[{"href":"https:\/\/lamiaselfie.com\/no\/wp-json\/wp\/v2\/media?parent=3598"}],"wp:term":[{"taxonomy":"product_cat","embeddable":true,"href":"https:\/\/lamiaselfie.com\/no\/wp-json\/wp\/v2\/product_cat?post=3598"},{"taxonomy":"product_tag","embeddable":true,"href":"https:\/\/lamiaselfie.com\/no\/wp-json\/wp\/v2\/product_tag?post=3598"},{"taxonomy":"mwb_booking_cost","embeddable":true,"href":"https:\/\/lamiaselfie.com\/no\/wp-json\/wp\/v2\/mwb_booking_cost?post=3598"},{"taxonomy":"mwb_booking_service","embeddable":true,"href":"https:\/\/lamiaselfie.com\/no\/wp-json\/wp\/v2\/mwb_booking_service?post=3598"}],"curies":[{"name":"wp","href":"https:\/\/api.w.org\/{rel}","templated":true}]}}