{"id":3610,"date":"2025-01-23T06:33:04","date_gmt":"2025-01-23T06:33:04","guid":{"rendered":"https:\/\/lamiaselfie.com\/product\/la-mia-selfie\/"},"modified":"2025-01-23T08:58:54","modified_gmt":"2025-01-23T08:58:54","slug":"la-mia-selfie","status":"publish","type":"product","link":"https:\/\/lamiaselfie.com\/no\/product\/la-mia-selfie\/","title":{"rendered":"La Mia Selfie"},"content":{"rendered":"<p>LamiaSelfie er en flott aktivitet til bryllup, konfirmasjoner, bursdager, firmafester og alle andre festlige begivenheter. Med LamiaSelfie kan du og gjestene dine ta morsomme bilder som automatisk lastes opp til ditt personlige galleri p\u00e5 lamiaselfie.com, hvor du enkelt kan laste dem ned, dele dem eller vise dem som en lysbildefremvisning. Kaikki voivat my\u00f6s suoraan puhelimitse skannata QR-koodin ja saada kuvansa suoraan puhelimitse. 10 hyv\u00e4\u00e4 syyt\u00e4 LamiaSelfien katsomiseen:<\/p>\n<ol>\n<li>Paras arvio Trustpilotissa arvosanalla 4,9 ja yli 4300 ilmoitusta!<\/li>\n<li>Bilder i knivskarp kvalitet<\/li>\n<li>Lysbildeserie-funksjon for \u00f8yeblikkelig visning p\u00e5 skjermen*<\/li>\n<li>Tilaa laskut logolla tai hashtagilla oman online editorisi kautta.<\/li>\n<li>K\u00e4yt\u00e4nn\u00f6llinen QR-toiminto uusien laskujen lataamiseen<\/li>\n<li>Laskujen l\u00e4hett\u00e4minen linkin tai QR-koodin kautta.<\/li>\n<li>Ylikansallinen tuki &#8211; me olemme se, joka ei ole viel\u00e4 valmis.<\/li>\n<li>Rekvisitter og aktivitetskort er alltid inkludert*.<\/li>\n<li>Gratis frakt tur\/retur<\/li>\n<li>Forsikring er inkludert<\/li>\n<\/ol>\n<p>*Med v\u00e5r nettportal &#8211; krever WiFi og egen skjerm\/datamaskin\/projektor. Gratis festpakke med rekvisitter og aktivitetskort inkludert uansett hvilket arrangement du velger. Oletko valmis ottamaan LamiaSelfie? Lei en ekstra LamiaSelfie hintaan 795 kr. Sopii erinomaisesti juhliin, joissa on yli 100 juhlijaa tai tapahtumaa eri paikkakunnilla. Tilaa se ekstrautstyr, bare varaat f\u00f8rste LamiaSelfie-esiintymisesi. Pr\u00f8v ogs\u00e5 det siste tilskuddet: LamiaGreetings &#8211; en gjestebok med lyd. Bestill LamiaGreetings sammen med LamiaSelfie for kun kr 400 \ud83e\udd73 Med LamiaGreetings f\u00e5r du b\u00e5de bilder og personlige hilsener fra festen. Gjestene kan legge igjen en hilsen til brudeparet, konfirmanten eller bursdagsselskapet. N\u00e5r du returnerer LamiaGreetings, sender vi deg en lenke til alle meldingene, som du kan lytte til igjen og igjen \u2728 &#8211; en fin m\u00e5te \u00e5 gjenoppleve de beste \u00f8yeblikkene p\u00e5! Slik bestiller du LamiaGreetings:<br \/>\nLamiaGreetings kan kun bestilles sammen med LamiaSelfie:<\/p>\n<ol>\n<li>N\u00e5 kan du ta en LamiaSelfie eller en katso sivulle \ud83d\udc4f\ud83c\udffc<\/li>\n<li>Legg til LamiaGreetings via popup-vinduet som vises eller legg det i handlekurven din HER<\/li>\n<li>G\u00e5 til kassen &#8211; rabatten p\u00e5 600 DKK trekkes automatisk fra<\/li>\n<li>Len deg tilbake og gled deg til arrangementet \ud83e\udef6<\/li>\n<\/ol>\n<p>Gj\u00f8r festen din enda mer minneverdig med LamiaSelfie &#8211; din garanti for skarpe bilder og god service!<\/p>\n","protected":false},"excerpt":{"rendered":"<p>Med LamiaSelfie f\u00e5r du underholdning i verdensklasse til ditt arrangement &#8211; enten det er bryllup, konfirmasjon, bursdag eller firmafest, LamiaSelfie er alltid et festlig og minneverdig arrangement \ud83e\udd73. Du f\u00e5r morsom og uforglemmelig underholdning p\u00e5 selve dagen, og etter festen sitter du igjen med en samling bilder som fanger stemningen i aller beste kvalitet. Til glede for deg n\u00e5r du vil forevige moroa og de gode \u00f8yeblikkene fra festen. Katsokaa ja lukekaa \ud83d\udc47\ud83c\udffc&#8230;<\/p>\n","protected":false},"featured_media":2725,"template":"","meta":{"site-sidebar-layout":"default","site-content-layout":"","ast-site-content-layout":"default","site-content-style":"default","site-sidebar-style":"default","ast-global-header-display":"","ast-banner-title-visibility":"","ast-main-header-display":"","ast-hfb-above-header-display":"","ast-hfb-below-header-display":"","ast-hfb-mobile-header-display":"","site-post-title":"","ast-breadcrumbs-content":"","ast-featured-img":"","footer-sml-layout":"","theme-transparent-header-meta":"default","adv-header-id-meta":"","stick-header-meta":"","header-above-stick-meta":"","header-main-stick-meta":"","header-below-stick-meta":"","astra-migrate-meta-layouts":"set","ast-page-background-enabled":"default","ast-page-background-meta":{"desktop":{"background-color":"var(--ast-global-color-4)","background-image":"","background-repeat":"repeat","background-position":"center center","background-size":"auto","background-attachment":"scroll","background-type":"","background-media":"","overlay-type":"","overlay-color":"","overlay-opacity":"","overlay-gradient":""},"tablet":{"background-color":"","background-image":"","background-repeat":"repeat","background-position":"center center","background-size":"auto","background-attachment":"scroll","background-type":"","background-media":"","overlay-type":"","overlay-color":"","overlay-opacity":"","overlay-gradient":""},"mobile":{"background-color":"","background-image":"","background-repeat":"repeat","background-position":"center center","background-size":"auto","background-attachment":"scroll","background-type":"","background-media":"","overlay-type":"","overlay-color":"","overlay-opacity":"","overlay-gradient":""}},"ast-content-background-meta":{"desktop":{"background-color":"var(--ast-global-color-5)","background-image":"","background-repeat":"repeat","background-position":"center center","background-size":"auto","background-attachment":"scroll","background-type":"","background-media":"","overlay-type":"","overlay-color":"","overlay-opacity":"","overlay-gradient":""},"tablet":{"background-color":"var(--ast-global-color-5)","background-image":"","background-repeat":"repeat","background-position":"center center","background-size":"auto","background-attachment":"scroll","background-type":"","background-media":"","overlay-type":"","overlay-color":"","overlay-opacity":"","overlay-gradient":""},"mobile":{"background-color":"var(--ast-global-color-5)","background-image":"","background-repeat":"repeat","background-position":"center center","background-size":"auto","background-attachment":"scroll","background-type":"","background-media":"","overlay-type":"","overlay-color":"","overlay-opacity":"","overlay-gradient":""}}},"product_cat":[119],"product_tag":[],"mwb_booking_cost":[],"mwb_booking_service":[],"class_list":{"0":"post-3610","1":"product","2":"type-product","3":"status-publish","4":"has-post-thumbnail","6":"product_cat-booking-no","7":"desktop-align-left","8":"tablet-align-left","9":"mobile-align-left","11":"first","12":"instock","13":"virtual","14":"taxable","15":"purchasable","16":"product-type-mwb_booking"},"_links":{"self":[{"href":"https:\/\/lamiaselfie.com\/no\/wp-json\/wp\/v2\/product\/3610","targetHints":{"allow":["GET"]}}],"collection":[{"href":"https:\/\/lamiaselfie.com\/no\/wp-json\/wp\/v2\/product"}],"about":[{"href":"https:\/\/lamiaselfie.com\/no\/wp-json\/wp\/v2\/types\/product"}],"version-history":[{"count":2,"href":"https:\/\/lamiaselfie.com\/no\/wp-json\/wp\/v2\/product\/3610\/revisions"}],"predecessor-version":[{"id":3618,"href":"https:\/\/lamiaselfie.com\/no\/wp-json\/wp\/v2\/product\/3610\/revisions\/3618"}],"wp:featuredmedia":[{"embeddable":true,"href":"https:\/\/lamiaselfie.com\/no\/wp-json\/wp\/v2\/media\/2725"}],"wp:attachment":[{"href":"https:\/\/lamiaselfie.com\/no\/wp-json\/wp\/v2\/media?parent=3610"}],"wp:term":[{"taxonomy":"product_cat","embeddable":true,"href":"https:\/\/lamiaselfie.com\/no\/wp-json\/wp\/v2\/product_cat?post=3610"},{"taxonomy":"product_tag","embeddable":true,"href":"https:\/\/lamiaselfie.com\/no\/wp-json\/wp\/v2\/product_tag?post=3610"},{"taxonomy":"mwb_booking_cost","embeddable":true,"href":"https:\/\/lamiaselfie.com\/no\/wp-json\/wp\/v2\/mwb_booking_cost?post=3610"},{"taxonomy":"mwb_booking_service","embeddable":true,"href":"https:\/\/lamiaselfie.com\/no\/wp-json\/wp\/v2\/mwb_booking_service?post=3610"}],"curies":[{"name":"wp","href":"https:\/\/api.w.org\/{rel}","templated":true}]}}