{"id":3477,"date":"2024-11-08T07:48:56","date_gmt":"2024-11-08T07:48:56","guid":{"rendered":"https:\/\/lamiaselfie.com\/product\/balloner-guld-37-delar\/"},"modified":"2024-11-08T07:48:56","modified_gmt":"2024-11-08T07:48:56","slug":"balloner-guld-37-delar","status":"publish","type":"product","link":"https:\/\/lamiaselfie.com\/sv\/product\/balloner-guld-37-delar\/","title":{"rendered":"Balloner &#8211; Guld (37 delar)"},"content":{"rendered":"<ul>\n<li>12x guldballong<\/li>\n<li>8x ballonger med skimmer<\/li>\n<li>2x stj\u00e4rnballong<\/li>\n<li>2x hj\u00e4rtballong<\/li>\n<li>1x &#8221;Happy Birthday&#8221; bogstavsboll (ca 40 cm h\u00f6g)<\/li>\n<\/ul>\n<p><strong>Samlet:<\/strong> 37 dele<\/p>\n","protected":false},"excerpt":{"rendered":"<p>Festlig ballongpaket med 37 delar, herunder guld, glimmer, stjerne- og hjerteballoner samt &#8221;Happy Birthday&#8221; bogstavballoner (ca. 40 cm). Perfekt f\u00f6r att skapa en festlig st\u00e4mning och f\u00e5 fantastiska bilder! <\/p>\n","protected":false},"featured_media":2896,"template":"","meta":{"site-sidebar-layout":"default","site-content-layout":"","ast-site-content-layout":"default","site-content-style":"default","site-sidebar-style":"default","ast-global-header-display":"","ast-banner-title-visibility":"","ast-main-header-display":"","ast-hfb-above-header-display":"","ast-hfb-below-header-display":"","ast-hfb-mobile-header-display":"","site-post-title":"","ast-breadcrumbs-content":"","ast-featured-img":"","footer-sml-layout":"","theme-transparent-header-meta":"default","adv-header-id-meta":"","stick-header-meta":"","header-above-stick-meta":"","header-main-stick-meta":"","header-below-stick-meta":"","astra-migrate-meta-layouts":"default","ast-page-background-enabled":"default","ast-page-background-meta":{"desktop":{"background-color":"var(--ast-global-color-4)","background-image":"","background-repeat":"repeat","background-position":"center center","background-size":"auto","background-attachment":"scroll","background-type":"","background-media":"","overlay-type":"","overlay-color":"","overlay-opacity":"","overlay-gradient":""},"tablet":{"background-color":"","background-image":"","background-repeat":"repeat","background-position":"center center","background-size":"auto","background-attachment":"scroll","background-type":"","background-media":"","overlay-type":"","overlay-color":"","overlay-opacity":"","overlay-gradient":""},"mobile":{"background-color":"","background-image":"","background-repeat":"repeat","background-position":"center center","background-size":"auto","background-attachment":"scroll","background-type":"","background-media":"","overlay-type":"","overlay-color":"","overlay-opacity":"","overlay-gradient":""}},"ast-content-background-meta":{"desktop":{"background-color":"var(--ast-global-color-5)","background-image":"","background-repeat":"repeat","background-position":"center center","background-size":"auto","background-attachment":"scroll","background-type":"","background-media":"","overlay-type":"","overlay-color":"","overlay-opacity":"","overlay-gradient":""},"tablet":{"background-color":"var(--ast-global-color-5)","background-image":"","background-repeat":"repeat","background-position":"center center","background-size":"auto","background-attachment":"scroll","background-type":"","background-media":"","overlay-type":"","overlay-color":"","overlay-opacity":"","overlay-gradient":""},"mobile":{"background-color":"var(--ast-global-color-5)","background-image":"","background-repeat":"repeat","background-position":"center center","background-size":"auto","background-attachment":"scroll","background-type":"","background-media":"","overlay-type":"","overlay-color":"","overlay-opacity":"","overlay-gradient":""}}},"product_cat":[113],"product_tag":[],"mwb_booking_cost":[],"mwb_booking_service":[],"class_list":{"0":"post-3477","1":"product","2":"type-product","3":"status-publish","4":"has-post-thumbnail","6":"product_cat-ballonner-tal-sv","7":"desktop-align-left","8":"tablet-align-left","9":"mobile-align-left","11":"first","12":"instock","13":"sale","14":"taxable","15":"shipping-taxable","16":"purchasable","17":"product-type-simple"},"_links":{"self":[{"href":"https:\/\/lamiaselfie.com\/sv\/wp-json\/wp\/v2\/product\/3477","targetHints":{"allow":["GET"]}}],"collection":[{"href":"https:\/\/lamiaselfie.com\/sv\/wp-json\/wp\/v2\/product"}],"about":[{"href":"https:\/\/lamiaselfie.com\/sv\/wp-json\/wp\/v2\/types\/product"}],"version-history":[{"count":0,"href":"https:\/\/lamiaselfie.com\/sv\/wp-json\/wp\/v2\/product\/3477\/revisions"}],"wp:featuredmedia":[{"embeddable":true,"href":"https:\/\/lamiaselfie.com\/sv\/wp-json\/wp\/v2\/media\/2896"}],"wp:attachment":[{"href":"https:\/\/lamiaselfie.com\/sv\/wp-json\/wp\/v2\/media?parent=3477"}],"wp:term":[{"taxonomy":"product_cat","embeddable":true,"href":"https:\/\/lamiaselfie.com\/sv\/wp-json\/wp\/v2\/product_cat?post=3477"},{"taxonomy":"product_tag","embeddable":true,"href":"https:\/\/lamiaselfie.com\/sv\/wp-json\/wp\/v2\/product_tag?post=3477"},{"taxonomy":"mwb_booking_cost","embeddable":true,"href":"https:\/\/lamiaselfie.com\/sv\/wp-json\/wp\/v2\/mwb_booking_cost?post=3477"},{"taxonomy":"mwb_booking_service","embeddable":true,"href":"https:\/\/lamiaselfie.com\/sv\/wp-json\/wp\/v2\/mwb_booking_service?post=3477"}],"curies":[{"name":"wp","href":"https:\/\/api.w.org\/{rel}","templated":true}]}}