{"id":3526,"date":"2024-11-12T07:40:41","date_gmt":"2024-11-12T07:40:41","guid":{"rendered":"https:\/\/lamiaselfie.com\/product\/det-ar-en-tjej\/"},"modified":"2024-11-12T07:40:41","modified_gmt":"2024-11-12T07:40:41","slug":"det-ar-en-tjej","status":"publish","type":"product","link":"https:\/\/lamiaselfie.com\/sv\/product\/det-ar-en-tjej\/","title":{"rendered":"Det \u00e4r en tjej."},"content":{"rendered":"<p><strong>It&#8217;s a Girl &#8211; Perfekt pynt till din babyshower eller k\u00f6nsslussning!<\/strong><\/p>\n<p>Fejr den gl\u00e6delige nyhed med vores smukke <strong>It&#8217;s a Girl<\/strong> pynt, der tilf\u00f8jer et strejf af elegance og fest til enhver babyshower eller k\u00f8n afsl\u00f8ring. Denna dekorationspakke i fin lyser\u00f8de nuancer indeholder alt, du beh\u00f8ver for at skabe en fantastisk og mindev\u00e6rdig atmosf\u00e6re. Fr\u00e5n de delikata pompomererna till den vackra guirlande, kommer din fejring att bli fyldt med farve og gl\u00e6de.  <\/p>\n<p><strong>Pakken indeholder:<\/strong><\/p>\n<ul>\n<li><strong>7 saml-selv pompomer af silkepapir<\/strong> &#8211; Skab den perfekta feststemningen med disse lette og luftige pompomer, som er nemme at samle og h\u00e6nge op.<\/li>\n<li><strong>10 ball<\/strong> oner &#8211; Lyser\u00f8de balloner, som tillf\u00f6r extra liv och f\u00e4rg till rummet och f\u00e5r din fest till att str\u00e5la.<\/li>\n<li><strong>&#8221;It&#8217;s a Girl&#8221; guirlande<\/strong> &#8211; En festlig och i\u00f8jnefaldende guirlande, som fejrar den kommende lille pige p\u00e5 den smukkeste m\u00e5de.<\/li>\n<li><strong>&#8221;Mommy to be&#8221; sk\u00e6r<\/strong> f &#8211; G\u00f8r den kommende morgen til festens stjerne med dette sk\u00e6rf, der markerer hendes rolle som &#8221;Mommy to be&#8221;.<\/li>\n<\/ul>\n<p>Skabba den perfekta ramen f\u00f6r din fejring med v\u00e5r <strong>It&#8217;s a Girl<\/strong> pynt. Best\u00e4ll ditt paket i dag och ge din babyshower eller k\u00f6n afsl\u00f8ring et magisk og festligt pr\u00e6g!<\/p>\n","protected":false},"excerpt":{"rendered":"<p><strong>It&#8217;s a Girl &#8211; Perfekt pynt till babyshower och k\u00f6nsslussning!<\/strong><\/p>\n<p>Fejr den stora nyheten med v\u00e5r <strong>It&#8217;s a Girl<\/strong> pynt! Pakken inneh\u00e5ller 7 saml-selv pompomer, 10 balloner, en &#8221;It&#8217;s a Girl&#8221;-guirlande och en &#8221;Mommy to be&#8221;-sk\u00e6rf i fina lyser\u00f8de nuancer &#8211; perfekt till din babyshower eller k\u00f8n afsl\u00f8ring. <\/p>\n","protected":false},"featured_media":3121,"template":"","meta":{"site-sidebar-layout":"default","site-content-layout":"","ast-site-content-layout":"default","site-content-style":"default","site-sidebar-style":"default","ast-global-header-display":"","ast-banner-title-visibility":"","ast-main-header-display":"","ast-hfb-above-header-display":"","ast-hfb-below-header-display":"","ast-hfb-mobile-header-display":"","site-post-title":"","ast-breadcrumbs-content":"","ast-featured-img":"","footer-sml-layout":"","theme-transparent-header-meta":"default","adv-header-id-meta":"","stick-header-meta":"","header-above-stick-meta":"","header-main-stick-meta":"","header-below-stick-meta":"","astra-migrate-meta-layouts":"default","ast-page-background-enabled":"default","ast-page-background-meta":{"desktop":{"background-color":"var(--ast-global-color-4)","background-image":"","background-repeat":"repeat","background-position":"center center","background-size":"auto","background-attachment":"scroll","background-type":"","background-media":"","overlay-type":"","overlay-color":"","overlay-opacity":"","overlay-gradient":""},"tablet":{"background-color":"","background-image":"","background-repeat":"repeat","background-position":"center center","background-size":"auto","background-attachment":"scroll","background-type":"","background-media":"","overlay-type":"","overlay-color":"","overlay-opacity":"","overlay-gradient":""},"mobile":{"background-color":"","background-image":"","background-repeat":"repeat","background-position":"center center","background-size":"auto","background-attachment":"scroll","background-type":"","background-media":"","overlay-type":"","overlay-color":"","overlay-opacity":"","overlay-gradient":""}},"ast-content-background-meta":{"desktop":{"background-color":"var(--ast-global-color-5)","background-image":"","background-repeat":"repeat","background-position":"center center","background-size":"auto","background-attachment":"scroll","background-type":"","background-media":"","overlay-type":"","overlay-color":"","overlay-opacity":"","overlay-gradient":""},"tablet":{"background-color":"var(--ast-global-color-5)","background-image":"","background-repeat":"repeat","background-position":"center center","background-size":"auto","background-attachment":"scroll","background-type":"","background-media":"","overlay-type":"","overlay-color":"","overlay-opacity":"","overlay-gradient":""},"mobile":{"background-color":"var(--ast-global-color-5)","background-image":"","background-repeat":"repeat","background-position":"center center","background-size":"auto","background-attachment":"scroll","background-type":"","background-media":"","overlay-type":"","overlay-color":"","overlay-opacity":"","overlay-gradient":""}}},"product_cat":[130],"product_tag":[],"mwb_booking_cost":[],"mwb_booking_service":[],"class_list":{"0":"post-3526","1":"product","2":"type-product","3":"status-publish","4":"has-post-thumbnail","6":"product_cat-plakater-guirlander-sv","7":"desktop-align-left","8":"tablet-align-left","9":"mobile-align-left","11":"first","12":"instock","13":"sale","14":"taxable","15":"shipping-taxable","16":"purchasable","17":"product-type-simple"},"_links":{"self":[{"href":"https:\/\/lamiaselfie.com\/sv\/wp-json\/wp\/v2\/product\/3526","targetHints":{"allow":["GET"]}}],"collection":[{"href":"https:\/\/lamiaselfie.com\/sv\/wp-json\/wp\/v2\/product"}],"about":[{"href":"https:\/\/lamiaselfie.com\/sv\/wp-json\/wp\/v2\/types\/product"}],"version-history":[{"count":0,"href":"https:\/\/lamiaselfie.com\/sv\/wp-json\/wp\/v2\/product\/3526\/revisions"}],"wp:featuredmedia":[{"embeddable":true,"href":"https:\/\/lamiaselfie.com\/sv\/wp-json\/wp\/v2\/media\/3121"}],"wp:attachment":[{"href":"https:\/\/lamiaselfie.com\/sv\/wp-json\/wp\/v2\/media?parent=3526"}],"wp:term":[{"taxonomy":"product_cat","embeddable":true,"href":"https:\/\/lamiaselfie.com\/sv\/wp-json\/wp\/v2\/product_cat?post=3526"},{"taxonomy":"product_tag","embeddable":true,"href":"https:\/\/lamiaselfie.com\/sv\/wp-json\/wp\/v2\/product_tag?post=3526"},{"taxonomy":"mwb_booking_cost","embeddable":true,"href":"https:\/\/lamiaselfie.com\/sv\/wp-json\/wp\/v2\/mwb_booking_cost?post=3526"},{"taxonomy":"mwb_booking_service","embeddable":true,"href":"https:\/\/lamiaselfie.com\/sv\/wp-json\/wp\/v2\/mwb_booking_service?post=3526"}],"curies":[{"name":"wp","href":"https:\/\/api.w.org\/{rel}","templated":true}]}}