{"id":3536,"date":"2024-11-12T07:34:30","date_gmt":"2024-11-12T07:34:30","guid":{"rendered":"https:\/\/lamiaselfie.com\/product\/lamarific-rekvisitter-%f0%9f%a6%99\/"},"modified":"2024-11-12T07:34:30","modified_gmt":"2024-11-12T07:34:30","slug":"lamarific-rekvisitter-%f0%9f%a6%99","status":"publish","type":"product","link":"https:\/\/lamiaselfie.com\/sv\/product\/lamarific-rekvisitter-%f0%9f%a6%99\/","title":{"rendered":"Lamarific rekvisitter \ud83e\udd99"},"content":{"rendered":"<p><strong>Lamarific Rekvisitter \ud83e\udd99 &#8211; Skab sjove og festlige billeder med Mexico-inspirerede lamaer!<\/strong><\/p>\n<p>\u00c4r du klar f\u00f6r att g\u00f6ra din fest \u00e4nnu sjovere? Med v\u00e5r <strong>Lamarific Rekvisitter \ud83e\udd99<\/strong> f\u00e5r du de mest festliga och f\u00e4rgglada Mexiko-inspirerade lama rekvisitterna, som kommer att ge massor av humor och liv till dina <strong>Partyselfies<\/strong>! Tag dessa sk\u00f6na och kreativa rekvisita med foran din <strong>Partyselfie<\/strong>, och fang den festlige stemning fra en fantastisk dag fyldt med latter og gode minder. Fr\u00e5n farverige hatte og sjove briller til andre lama-tema rekvisitter, er der masser af muligheder for at skabe unikke billeder.  <\/p>\n<p><strong>Pakken indeholder:<\/strong><\/p>\n<ul>\n<li><strong>Mexico-inspirerede lama rek<\/strong> visitter &#8211; En rad roliga och f\u00e4rgglada rekvisita som ger en festlig och exotisk touch till dina bilder.<\/li>\n<li><strong>Perfekte til sjove Partyselfies<\/strong> &#8211; Tag dine billeder til n\u00e6ste niveau med rekvisitter, der virkelig fanger opm\u00e6rksomheden og skaber fantastiske billeder.<\/li>\n<li><strong>Skabt til at fange stemningen<\/strong> &#8211; Uanset om du holder en temafest, en f\u00f8dselsdag eller en festlig samling, vil disse rekvisitter hj\u00e6lpe dig med at fange den helt rette stemning.<\/li>\n<\/ul>\n<p>Tag del i den festliga st\u00e4mningen och f\u00e5 massor av roliga bilder med v\u00e5r <strong>Lamarific Rekvisitter \ud83e\udd99<\/strong>! Best\u00e4ll din paket i dag och l\u00e5t lamaerne sprida gl\u00e4dje och senare till din n\u00e4sta fest.<\/p>\n","protected":false},"excerpt":{"rendered":"<p><strong>Lamarific Rekvisitter \ud83e\udd99 &#8211; Skab sjove og festlige billeder med Mexico-inspirerede lamaer!<\/strong><\/p>\n<p>G\u00f8r dine <strong>Partyselfies<\/strong> ekstra festlige med vores <strong>Lamarific Rekvisitter \ud83e\udd99<\/strong>! Pakken indeholder sjove og farverige Mexico-inspirerede lama rekvisitter, perfekt til at fange stemningen fra en festlig og humoristisk dag.<\/p>\n","protected":false},"featured_media":3111,"template":"","meta":{"site-sidebar-layout":"default","site-content-layout":"","ast-site-content-layout":"default","site-content-style":"default","site-sidebar-style":"default","ast-global-header-display":"","ast-banner-title-visibility":"","ast-main-header-display":"","ast-hfb-above-header-display":"","ast-hfb-below-header-display":"","ast-hfb-mobile-header-display":"","site-post-title":"","ast-breadcrumbs-content":"","ast-featured-img":"","footer-sml-layout":"","theme-transparent-header-meta":"default","adv-header-id-meta":"","stick-header-meta":"","header-above-stick-meta":"","header-main-stick-meta":"","header-below-stick-meta":"","astra-migrate-meta-layouts":"default","ast-page-background-enabled":"default","ast-page-background-meta":{"desktop":{"background-color":"var(--ast-global-color-4)","background-image":"","background-repeat":"repeat","background-position":"center center","background-size":"auto","background-attachment":"scroll","background-type":"","background-media":"","overlay-type":"","overlay-color":"","overlay-opacity":"","overlay-gradient":""},"tablet":{"background-color":"","background-image":"","background-repeat":"repeat","background-position":"center center","background-size":"auto","background-attachment":"scroll","background-type":"","background-media":"","overlay-type":"","overlay-color":"","overlay-opacity":"","overlay-gradient":""},"mobile":{"background-color":"","background-image":"","background-repeat":"repeat","background-position":"center center","background-size":"auto","background-attachment":"scroll","background-type":"","background-media":"","overlay-type":"","overlay-color":"","overlay-opacity":"","overlay-gradient":""}},"ast-content-background-meta":{"desktop":{"background-color":"var(--ast-global-color-5)","background-image":"","background-repeat":"repeat","background-position":"center center","background-size":"auto","background-attachment":"scroll","background-type":"","background-media":"","overlay-type":"","overlay-color":"","overlay-opacity":"","overlay-gradient":""},"tablet":{"background-color":"var(--ast-global-color-5)","background-image":"","background-repeat":"repeat","background-position":"center center","background-size":"auto","background-attachment":"scroll","background-type":"","background-media":"","overlay-type":"","overlay-color":"","overlay-opacity":"","overlay-gradient":""},"mobile":{"background-color":"var(--ast-global-color-5)","background-image":"","background-repeat":"repeat","background-position":"center center","background-size":"auto","background-attachment":"scroll","background-type":"","background-media":"","overlay-type":"","overlay-color":"","overlay-opacity":"","overlay-gradient":""}}},"product_cat":[133],"product_tag":[],"mwb_booking_cost":[],"mwb_booking_service":[],"class_list":{"0":"post-3536","1":"product","2":"type-product","3":"status-publish","4":"has-post-thumbnail","6":"product_cat-rekvisitter-sv","7":"desktop-align-left","8":"tablet-align-left","9":"mobile-align-left","11":"first","12":"instock","13":"sale","14":"taxable","15":"shipping-taxable","16":"purchasable","17":"product-type-simple"},"_links":{"self":[{"href":"https:\/\/lamiaselfie.com\/sv\/wp-json\/wp\/v2\/product\/3536","targetHints":{"allow":["GET"]}}],"collection":[{"href":"https:\/\/lamiaselfie.com\/sv\/wp-json\/wp\/v2\/product"}],"about":[{"href":"https:\/\/lamiaselfie.com\/sv\/wp-json\/wp\/v2\/types\/product"}],"version-history":[{"count":0,"href":"https:\/\/lamiaselfie.com\/sv\/wp-json\/wp\/v2\/product\/3536\/revisions"}],"wp:featuredmedia":[{"embeddable":true,"href":"https:\/\/lamiaselfie.com\/sv\/wp-json\/wp\/v2\/media\/3111"}],"wp:attachment":[{"href":"https:\/\/lamiaselfie.com\/sv\/wp-json\/wp\/v2\/media?parent=3536"}],"wp:term":[{"taxonomy":"product_cat","embeddable":true,"href":"https:\/\/lamiaselfie.com\/sv\/wp-json\/wp\/v2\/product_cat?post=3536"},{"taxonomy":"product_tag","embeddable":true,"href":"https:\/\/lamiaselfie.com\/sv\/wp-json\/wp\/v2\/product_tag?post=3536"},{"taxonomy":"mwb_booking_cost","embeddable":true,"href":"https:\/\/lamiaselfie.com\/sv\/wp-json\/wp\/v2\/mwb_booking_cost?post=3536"},{"taxonomy":"mwb_booking_service","embeddable":true,"href":"https:\/\/lamiaselfie.com\/sv\/wp-json\/wp\/v2\/mwb_booking_service?post=3536"}],"curies":[{"name":"wp","href":"https:\/\/api.w.org\/{rel}","templated":true}]}}