{"id":3541,"date":"2024-11-12T07:32:46","date_gmt":"2024-11-12T07:32:46","guid":{"rendered":"https:\/\/lamiaselfie.com\/product\/jule-rekvisitter\/"},"modified":"2024-11-12T07:32:46","modified_gmt":"2024-11-12T07:32:46","slug":"jule-rekvisitter","status":"publish","type":"product","link":"https:\/\/lamiaselfie.com\/sv\/product\/jule-rekvisitter\/","title":{"rendered":"Jule Rekvisitter"},"content":{"rendered":"<p><strong>Jule Rekvisitter &#8211; Skab den perfekta juleatmosf\u00e6ren till din Partyselfie!<\/strong><\/p>\n<p>G\u00f6r din julefejring extra festlig med v\u00e5r <strong>Jule Rekvisitter<\/strong>! Detta paket inneh\u00e5ller 29 olika rekvisitter, som ger dig och dina g\u00e4ster m\u00f6jlighet att ta de b\u00e4sta och roligaste julebillederna. Fr\u00e5n julehuer og nissebriller til sjove skilte og julepynt &#8211; der er noget for alle, der \u00f8nsker at tilf\u00f8je et ekstra festligt touch til deres julebilleder. <\/p>\n<p><strong>Pakken indeholder:<\/strong><\/p>\n<ul>\n<li><strong>29 forskellige rekvisitter<\/strong> &#8211; Alt, hvad du beh\u00f8ver for at skabe de mest festlige og sjove julebilleder.<\/li>\n<li><strong>Juletema<\/strong> &#8211; Fr\u00e5n nisser och juleslips till juletr\u00e6er och gave\u00e6sker, varje rekvisit \u00e4r utformad f\u00f6r att skapa den perfekta julestemningen.<\/li>\n<li><strong>Perfekt till b\u00e5de sm\u00e5 och stora fester<\/strong> &#8211; Oavsett om du h\u00e5ller julefrokost, en julemiddag eller en festlig sammenkomst, kommer dessa rekvisitter att tillf\u00f6ra massor av sjov och hygge till dina bilder.<\/li>\n<\/ul>\n<p>Ta den perfekta <strong>Partyselfien<\/strong> med v\u00e5r <strong>Jule Rekvisitter<\/strong> och skapa uforglemmelige juleminder. Best\u00e4ll din paket i dag och ta med extra festlighet till dina julebilleder!<\/p>\n","protected":false},"excerpt":{"rendered":"<p><strong>Jule Rekvisitter &#8211; Skab den perfekta juleatmosf\u00e6re til dit Partyselfie!<\/strong><\/p>\n<p>Tag de bedste julebilleder med vores <strong>Jule Rekvisitter<\/strong>! Pakken indeholder 29 festlige rekvisitter, der tilf\u00f8jer sjov og hygge til dine <strong>Partyselfies<\/strong> og g\u00f8r din julefejring endnu mere mindev\u00e6rdig.<\/p>\n","protected":false},"featured_media":3106,"template":"","meta":{"site-sidebar-layout":"default","site-content-layout":"","ast-site-content-layout":"default","site-content-style":"default","site-sidebar-style":"default","ast-global-header-display":"","ast-banner-title-visibility":"","ast-main-header-display":"","ast-hfb-above-header-display":"","ast-hfb-below-header-display":"","ast-hfb-mobile-header-display":"","site-post-title":"","ast-breadcrumbs-content":"","ast-featured-img":"","footer-sml-layout":"","theme-transparent-header-meta":"default","adv-header-id-meta":"","stick-header-meta":"","header-above-stick-meta":"","header-main-stick-meta":"","header-below-stick-meta":"","astra-migrate-meta-layouts":"default","ast-page-background-enabled":"default","ast-page-background-meta":{"desktop":{"background-color":"var(--ast-global-color-4)","background-image":"","background-repeat":"repeat","background-position":"center center","background-size":"auto","background-attachment":"scroll","background-type":"","background-media":"","overlay-type":"","overlay-color":"","overlay-opacity":"","overlay-gradient":""},"tablet":{"background-color":"","background-image":"","background-repeat":"repeat","background-position":"center center","background-size":"auto","background-attachment":"scroll","background-type":"","background-media":"","overlay-type":"","overlay-color":"","overlay-opacity":"","overlay-gradient":""},"mobile":{"background-color":"","background-image":"","background-repeat":"repeat","background-position":"center center","background-size":"auto","background-attachment":"scroll","background-type":"","background-media":"","overlay-type":"","overlay-color":"","overlay-opacity":"","overlay-gradient":""}},"ast-content-background-meta":{"desktop":{"background-color":"var(--ast-global-color-5)","background-image":"","background-repeat":"repeat","background-position":"center center","background-size":"auto","background-attachment":"scroll","background-type":"","background-media":"","overlay-type":"","overlay-color":"","overlay-opacity":"","overlay-gradient":""},"tablet":{"background-color":"var(--ast-global-color-5)","background-image":"","background-repeat":"repeat","background-position":"center center","background-size":"auto","background-attachment":"scroll","background-type":"","background-media":"","overlay-type":"","overlay-color":"","overlay-opacity":"","overlay-gradient":""},"mobile":{"background-color":"var(--ast-global-color-5)","background-image":"","background-repeat":"repeat","background-position":"center center","background-size":"auto","background-attachment":"scroll","background-type":"","background-media":"","overlay-type":"","overlay-color":"","overlay-opacity":"","overlay-gradient":""}}},"product_cat":[133],"product_tag":[],"mwb_booking_cost":[],"mwb_booking_service":[],"class_list":{"0":"post-3541","1":"product","2":"type-product","3":"status-publish","4":"has-post-thumbnail","6":"product_cat-rekvisitter-sv","7":"desktop-align-left","8":"tablet-align-left","9":"mobile-align-left","11":"first","12":"instock","13":"sale","14":"taxable","15":"shipping-taxable","16":"purchasable","17":"product-type-simple"},"_links":{"self":[{"href":"https:\/\/lamiaselfie.com\/sv\/wp-json\/wp\/v2\/product\/3541","targetHints":{"allow":["GET"]}}],"collection":[{"href":"https:\/\/lamiaselfie.com\/sv\/wp-json\/wp\/v2\/product"}],"about":[{"href":"https:\/\/lamiaselfie.com\/sv\/wp-json\/wp\/v2\/types\/product"}],"version-history":[{"count":0,"href":"https:\/\/lamiaselfie.com\/sv\/wp-json\/wp\/v2\/product\/3541\/revisions"}],"wp:featuredmedia":[{"embeddable":true,"href":"https:\/\/lamiaselfie.com\/sv\/wp-json\/wp\/v2\/media\/3106"}],"wp:attachment":[{"href":"https:\/\/lamiaselfie.com\/sv\/wp-json\/wp\/v2\/media?parent=3541"}],"wp:term":[{"taxonomy":"product_cat","embeddable":true,"href":"https:\/\/lamiaselfie.com\/sv\/wp-json\/wp\/v2\/product_cat?post=3541"},{"taxonomy":"product_tag","embeddable":true,"href":"https:\/\/lamiaselfie.com\/sv\/wp-json\/wp\/v2\/product_tag?post=3541"},{"taxonomy":"mwb_booking_cost","embeddable":true,"href":"https:\/\/lamiaselfie.com\/sv\/wp-json\/wp\/v2\/mwb_booking_cost?post=3541"},{"taxonomy":"mwb_booking_service","embeddable":true,"href":"https:\/\/lamiaselfie.com\/sv\/wp-json\/wp\/v2\/mwb_booking_service?post=3541"}],"curies":[{"name":"wp","href":"https:\/\/api.w.org\/{rel}","templated":true}]}}