{"id":3577,"date":"2024-11-12T06:32:39","date_gmt":"2024-11-12T06:32:39","guid":{"rendered":"https:\/\/lamiaselfie.com\/product\/julepakken\/"},"modified":"2024-11-12T06:32:39","modified_gmt":"2024-11-12T06:32:39","slug":"julepakken","status":"publish","type":"product","link":"https:\/\/lamiaselfie.com\/sv\/product\/julepakken\/","title":{"rendered":"Julepakken"},"content":{"rendered":"<p><strong>Julepakken &#8211; Skab den perfekta julestemningen till din fest!<\/strong><\/p>\n<p>Ho ho hoo &#8211; Vi har samlat den ultimativa julepakken, s\u00e5 du nemt kan skabe de bedste rammer for dine jule-selfies og julebilleder! Oavsett om du h\u00e5ller julefrokost, en julefest eller bara vill skapa en trevlig julestemning till ditt julearrangement, \u00e4r dette pakke det perfekte valg for at g\u00f8re din fejring ekstra festlig. <\/p>\n<p><strong>Pakken indeholder:<\/strong><\/p>\n<ul>\n<li><strong>Julerekvisitter<\/strong> &#8211; Festliga rekvisitter, som l\u00e4gger till den helt r\u00e4tta julestemningen till dina bilder och g\u00f6r dina selfies sjovere och mer personliga.<\/li>\n<li><strong>Rekvisith\u00e5llare<\/strong> &#8211; En praktisk h\u00e5llare, som organiserar dina rekvisitter, s\u00e5 att g\u00e4sterna enkelt kan v\u00e4lja de roliga tillbeh\u00f6ren.<\/li>\n<li><strong>S\u00f8lvbaggrund<\/strong> &#8211; En elegant och glittrande bakgrund, som ger dina julebilleder en magisk och festlig touch.<\/li>\n<li><strong>&#8221;Tag en selfie&#8221; Plakat<\/strong> &#8211; En rolig och uppmanande plakat, som f\u00e5r alla att ta de b\u00e4sta selfies och skapa fantastiska minder.<\/li>\n<\/ul>\n<p>Julepakken er perfekt til at g\u00f8re dit julearrangement uforglemmeligt. Best\u00e4ll din paket i dag, och skapa de b\u00e4sta bilderna och roligaste \u00f6gonblicken till din julefejring!<\/p>\n","protected":false},"excerpt":{"rendered":"<p><strong>Julepakken &#8211; Skab den perfekta julestemningen!<\/strong><\/p>\n<p>G\u00f6r din julefejring uforglemmelig med v\u00e5r julepakke! Pakken indeholder julerekvisitter, en rekvisitholder, en glitrende s\u00f8lvbaggrund og en &#8221;Tag en selfie&#8221;-plakat &#8211; alt du beh\u00f8ver for at skabe festlige og sjove julebilleder! <\/p>\n","protected":false},"featured_media":3021,"template":"","meta":{"site-sidebar-layout":"default","site-content-layout":"","ast-site-content-layout":"default","site-content-style":"default","site-sidebar-style":"default","ast-global-header-display":"","ast-banner-title-visibility":"","ast-main-header-display":"","ast-hfb-above-header-display":"","ast-hfb-below-header-display":"","ast-hfb-mobile-header-display":"","site-post-title":"","ast-breadcrumbs-content":"","ast-featured-img":"","footer-sml-layout":"","theme-transparent-header-meta":"default","adv-header-id-meta":"","stick-header-meta":"","header-above-stick-meta":"","header-main-stick-meta":"","header-below-stick-meta":"","astra-migrate-meta-layouts":"default","ast-page-background-enabled":"default","ast-page-background-meta":{"desktop":{"background-color":"var(--ast-global-color-4)","background-image":"","background-repeat":"repeat","background-position":"center center","background-size":"auto","background-attachment":"scroll","background-type":"","background-media":"","overlay-type":"","overlay-color":"","overlay-opacity":"","overlay-gradient":""},"tablet":{"background-color":"","background-image":"","background-repeat":"repeat","background-position":"center center","background-size":"auto","background-attachment":"scroll","background-type":"","background-media":"","overlay-type":"","overlay-color":"","overlay-opacity":"","overlay-gradient":""},"mobile":{"background-color":"","background-image":"","background-repeat":"repeat","background-position":"center center","background-size":"auto","background-attachment":"scroll","background-type":"","background-media":"","overlay-type":"","overlay-color":"","overlay-opacity":"","overlay-gradient":""}},"ast-content-background-meta":{"desktop":{"background-color":"var(--ast-global-color-5)","background-image":"","background-repeat":"repeat","background-position":"center center","background-size":"auto","background-attachment":"scroll","background-type":"","background-media":"","overlay-type":"","overlay-color":"","overlay-opacity":"","overlay-gradient":""},"tablet":{"background-color":"var(--ast-global-color-5)","background-image":"","background-repeat":"repeat","background-position":"center center","background-size":"auto","background-attachment":"scroll","background-type":"","background-media":"","overlay-type":"","overlay-color":"","overlay-opacity":"","overlay-gradient":""},"mobile":{"background-color":"var(--ast-global-color-5)","background-image":"","background-repeat":"repeat","background-position":"center center","background-size":"auto","background-attachment":"scroll","background-type":"","background-media":"","overlay-type":"","overlay-color":"","overlay-opacity":"","overlay-gradient":""}}},"product_cat":[111],"product_tag":[],"mwb_booking_cost":[],"mwb_booking_service":[],"class_list":{"0":"post-3577","1":"product","2":"type-product","3":"status-publish","4":"has-post-thumbnail","6":"product_cat-pakker-sv","7":"desktop-align-left","8":"tablet-align-left","9":"mobile-align-left","11":"first","12":"instock","13":"sale","14":"taxable","15":"shipping-taxable","16":"purchasable","17":"product-type-simple"},"_links":{"self":[{"href":"https:\/\/lamiaselfie.com\/sv\/wp-json\/wp\/v2\/product\/3577","targetHints":{"allow":["GET"]}}],"collection":[{"href":"https:\/\/lamiaselfie.com\/sv\/wp-json\/wp\/v2\/product"}],"about":[{"href":"https:\/\/lamiaselfie.com\/sv\/wp-json\/wp\/v2\/types\/product"}],"version-history":[{"count":0,"href":"https:\/\/lamiaselfie.com\/sv\/wp-json\/wp\/v2\/product\/3577\/revisions"}],"wp:featuredmedia":[{"embeddable":true,"href":"https:\/\/lamiaselfie.com\/sv\/wp-json\/wp\/v2\/media\/3021"}],"wp:attachment":[{"href":"https:\/\/lamiaselfie.com\/sv\/wp-json\/wp\/v2\/media?parent=3577"}],"wp:term":[{"taxonomy":"product_cat","embeddable":true,"href":"https:\/\/lamiaselfie.com\/sv\/wp-json\/wp\/v2\/product_cat?post=3577"},{"taxonomy":"product_tag","embeddable":true,"href":"https:\/\/lamiaselfie.com\/sv\/wp-json\/wp\/v2\/product_tag?post=3577"},{"taxonomy":"mwb_booking_cost","embeddable":true,"href":"https:\/\/lamiaselfie.com\/sv\/wp-json\/wp\/v2\/mwb_booking_cost?post=3577"},{"taxonomy":"mwb_booking_service","embeddable":true,"href":"https:\/\/lamiaselfie.com\/sv\/wp-json\/wp\/v2\/mwb_booking_service?post=3577"}],"curies":[{"name":"wp","href":"https:\/\/api.w.org\/{rel}","templated":true}]}}