{"id":3611,"date":"2025-01-23T06:33:04","date_gmt":"2025-01-23T06:33:04","guid":{"rendered":"https:\/\/lamiaselfie.com\/product\/la-mia-selfie\/"},"modified":"2025-01-23T08:56:00","modified_gmt":"2025-01-23T08:56:00","slug":"la-mia-selfie","status":"publish","type":"product","link":"https:\/\/lamiaselfie.com\/sv\/product\/la-mia-selfie\/","title":{"rendered":"La Mia Selfie"},"content":{"rendered":"<p>LamiaSelfie \u00e4r en fantastisk aktivitet f\u00f6r br\u00f6llop, konfirmationer, f\u00f6delsedagar, f\u00f6retagsfester och alla andra festliga tillst\u00e4llningar. Med LamiaSelfie kan du och dina g\u00e4ster ta roliga bilder som automatiskt laddas upp till ditt personliga galleri p\u00e5 lamiaselfie.com, d\u00e4r du enkelt kan ladda ner, dela eller visa dem som ett bildspel. Kaikki voivat my\u00f6s suoraan puhelimitse skannata QR-koodin ja saada kuvansa suoraan puhelimitse. 10 hyv\u00e4\u00e4 syyt\u00e4 LamiaSelfien katsomiseen:   <\/p>\n<ol>\n<li>Paras arvio Trustpilotissa arvosanalla 4,9 ja yli 4300 ilmoitusta!<\/li>\n<li>Bilder i knivskarp kvalitet<\/li>\n<li>Bildspelsfunktion f\u00f6r omedelbar visning p\u00e5 sk\u00e4rmen*.<\/li>\n<li>Tilaa laskut logolla tai hashtagilla oman online editorisi kautta.<\/li>\n<li>K\u00e4yt\u00e4nn\u00f6llinen QR-toiminto uusien laskujen lataamiseen<\/li>\n<li>Laskujen l\u00e4hett\u00e4minen linkin tai QR-koodin kautta.<\/li>\n<li>Ylikansallinen tuki &#8211; me olemme se, joka ei ole viel\u00e4 valmis.<\/li>\n<li>Rekvisita och aktivitetskort ing\u00e5r alltid*.<\/li>\n<li>Fri frakt tur och retur<\/li>\n<li>F\u00f6rs\u00e4kring ing\u00e5r<\/li>\n<\/ol>\n<p>*Med v\u00e5r onlineportal &#8211; kr\u00e4ver WiFi och egen sk\u00e4rm\/dator\/projektor. Gratis partypaket med rekvisita och aktivitetskort ing\u00e5r oavsett vilket event du v\u00e4ljer. Oletko valmis ottamaan LamiaSelfie? Hyr en extra LamiaSelfie hintaan 795 kr. Sopii erinomaisesti juhliin, joissa on yli 100 juhlijaa tai tapahtumaa eri paikkakunnilla. Tilaa se extras, bara varaat f\u00f6rsta LamiaSelfie-esiintymisesi. Prova ocks\u00e5 dess senaste till\u00e4gg: LamiaGreetings &#8211; en ljudg\u00e4stbok. Boka LamiaGreetings tillsammans med LamiaSelfie f\u00f6r endast 400 DKK \ud83e\udd73 Med LamiaGreetings f\u00e5r du b\u00e5de bilder och personliga h\u00e4lsningar fr\u00e5n festen. Dina g\u00e4ster kan l\u00e4mna ett meddelande till brudparet, konfirmanden eller f\u00f6delsedagsfesten. N\u00e4r du l\u00e4mnar tillbaka LamiaGreetings skickar vi dig en l\u00e4nk till alla meddelanden som du kan lyssna p\u00e5 om och om igen \u2728 &#8211; ett bra s\u00e4tt att \u00e5teruppleva de b\u00e4sta \u00f6gonblicken! S\u00e5 h\u00e4r bokar du LamiaGreetings:<br \/>\nLamiaGreetings kan endast bokas tillsammans med LamiaSelfie:          <\/p>\n<ol>\n<li>N\u00e4yt\u00e4 LamiaSelfie ja katso sivulle \ud83d\udc4f\ud83c\udffc<\/li>\n<li>L\u00e4gg till LamiaGreetings via popup-f\u00f6nstret som visas eller l\u00e4gg till det i din kundvagn H\u00c4R<\/li>\n<li>G\u00e5 till kassan &#8211; rabatten p\u00e5 600 DKK dras av automatiskt<\/li>\n<li>Luta dig tillbaka och se fram emot ditt evenemang \ud83e\udef6<\/li>\n<\/ol>\n<p>G\u00f6r din fest \u00e4nnu mer minnesv\u00e4rd med LamiaSelfie &#8211; din garanti f\u00f6r skarpa bilder och bra service!<\/p>\n","protected":false},"excerpt":{"rendered":"<p>Med LamiaSelfie f\u00e5r du underh\u00e5llning i v\u00e4rldsklass till ditt evenemang &#8211; oavsett om det \u00e4r br\u00f6llop, konfirmation, f\u00f6delsedag eller firmafest s\u00e5 \u00e4r LamiaSelfie alltid ett festligt och minnesv\u00e4rt evenemang \ud83e\udd73. Du f\u00e5r rolig och of\u00f6rgl\u00f6mlig underh\u00e5llning p\u00e5 dagen och efter festen f\u00e5r du en samling bilder som f\u00e5ngar st\u00e4mningen i allra b\u00e4sta kvalitet. F\u00f6r din njutning n\u00e4r du vill f\u00e5nga de roliga och goda tiderna fr\u00e5n festen. Katsokaa ja lukekaa \ud83d\udc47\ud83c\udffc&#8230;   <\/p>\n","protected":false},"featured_media":2726,"template":"","meta":{"site-sidebar-layout":"default","site-content-layout":"","ast-site-content-layout":"default","site-content-style":"default","site-sidebar-style":"default","ast-global-header-display":"","ast-banner-title-visibility":"","ast-main-header-display":"","ast-hfb-above-header-display":"","ast-hfb-below-header-display":"","ast-hfb-mobile-header-display":"","site-post-title":"","ast-breadcrumbs-content":"","ast-featured-img":"","footer-sml-layout":"","theme-transparent-header-meta":"default","adv-header-id-meta":"","stick-header-meta":"","header-above-stick-meta":"","header-main-stick-meta":"","header-below-stick-meta":"","astra-migrate-meta-layouts":"default","ast-page-background-enabled":"default","ast-page-background-meta":{"desktop":{"background-color":"var(--ast-global-color-4)","background-image":"","background-repeat":"repeat","background-position":"center center","background-size":"auto","background-attachment":"scroll","background-type":"","background-media":"","overlay-type":"","overlay-color":"","overlay-opacity":"","overlay-gradient":""},"tablet":{"background-color":"","background-image":"","background-repeat":"repeat","background-position":"center center","background-size":"auto","background-attachment":"scroll","background-type":"","background-media":"","overlay-type":"","overlay-color":"","overlay-opacity":"","overlay-gradient":""},"mobile":{"background-color":"","background-image":"","background-repeat":"repeat","background-position":"center center","background-size":"auto","background-attachment":"scroll","background-type":"","background-media":"","overlay-type":"","overlay-color":"","overlay-opacity":"","overlay-gradient":""}},"ast-content-background-meta":{"desktop":{"background-color":"var(--ast-global-color-5)","background-image":"","background-repeat":"repeat","background-position":"center center","background-size":"auto","background-attachment":"scroll","background-type":"","background-media":"","overlay-type":"","overlay-color":"","overlay-opacity":"","overlay-gradient":""},"tablet":{"background-color":"var(--ast-global-color-5)","background-image":"","background-repeat":"repeat","background-position":"center center","background-size":"auto","background-attachment":"scroll","background-type":"","background-media":"","overlay-type":"","overlay-color":"","overlay-opacity":"","overlay-gradient":""},"mobile":{"background-color":"var(--ast-global-color-5)","background-image":"","background-repeat":"repeat","background-position":"center center","background-size":"auto","background-attachment":"scroll","background-type":"","background-media":"","overlay-type":"","overlay-color":"","overlay-opacity":"","overlay-gradient":""}}},"product_cat":[118],"product_tag":[],"mwb_booking_cost":[],"mwb_booking_service":[],"class_list":{"0":"post-3611","1":"product","2":"type-product","3":"status-publish","4":"has-post-thumbnail","6":"product_cat-bokning","7":"desktop-align-left","8":"tablet-align-left","9":"mobile-align-left","11":"first","12":"instock","13":"virtual","14":"taxable","15":"purchasable","16":"product-type-mwb_booking"},"_links":{"self":[{"href":"https:\/\/lamiaselfie.com\/sv\/wp-json\/wp\/v2\/product\/3611","targetHints":{"allow":["GET"]}}],"collection":[{"href":"https:\/\/lamiaselfie.com\/sv\/wp-json\/wp\/v2\/product"}],"about":[{"href":"https:\/\/lamiaselfie.com\/sv\/wp-json\/wp\/v2\/types\/product"}],"version-history":[{"count":1,"href":"https:\/\/lamiaselfie.com\/sv\/wp-json\/wp\/v2\/product\/3611\/revisions"}],"predecessor-version":[{"id":3614,"href":"https:\/\/lamiaselfie.com\/sv\/wp-json\/wp\/v2\/product\/3611\/revisions\/3614"}],"wp:featuredmedia":[{"embeddable":true,"href":"https:\/\/lamiaselfie.com\/sv\/wp-json\/wp\/v2\/media\/2726"}],"wp:attachment":[{"href":"https:\/\/lamiaselfie.com\/sv\/wp-json\/wp\/v2\/media?parent=3611"}],"wp:term":[{"taxonomy":"product_cat","embeddable":true,"href":"https:\/\/lamiaselfie.com\/sv\/wp-json\/wp\/v2\/product_cat?post=3611"},{"taxonomy":"product_tag","embeddable":true,"href":"https:\/\/lamiaselfie.com\/sv\/wp-json\/wp\/v2\/product_tag?post=3611"},{"taxonomy":"mwb_booking_cost","embeddable":true,"href":"https:\/\/lamiaselfie.com\/sv\/wp-json\/wp\/v2\/mwb_booking_cost?post=3611"},{"taxonomy":"mwb_booking_service","embeddable":true,"href":"https:\/\/lamiaselfie.com\/sv\/wp-json\/wp\/v2\/mwb_booking_service?post=3611"}],"curies":[{"name":"wp","href":"https:\/\/api.w.org\/{rel}","templated":true}]}}