{"id":3512,"date":"2024-11-12T06:32:39","date_gmt":"2024-11-12T06:32:39","guid":{"rendered":"https:\/\/lamiaselfie.com\/product\/julepakken\/"},"modified":"2024-11-12T06:32:39","modified_gmt":"2024-11-12T06:32:39","slug":"julepakken","status":"publish","type":"product","link":"https:\/\/lamiaselfie.com\/tr\/product\/julepakken\/","title":{"rendered":"Julepakken"},"content":{"rendered":"<p><strong>Julepakken &#8211; Skab den perfekte julestemning til din fest!<\/strong><\/p>\n<p>Ho ho hoo &#8211; Vi har samlet den ultimative julepakke, s\u00e5 du nemt kan skabe de bedste rammer for dine jule-selfies og julebilleder! Julefrokost, en julefest veya bare vil skabe en hyggelig julestemning til dit julearrangement, er denne pakke det perfekte valg for at g\u00f8re din fejring ekstra festlig. <\/p>\n<p><strong>Pakken indeholder:<\/strong><\/p>\n<ul>\n<li><strong>Julerekvisitter<\/strong> &#8211; Festlige rekvisitter, der tilf\u00f8jer den helt rette julestemning til dine billeder og g\u00f8r dine selfies sjovere og mere personlige.<\/li>\n<li><strong>Rekvisitholder<\/strong> &#8211; En praktisk holder, der organiserer dine rekvisitter, s\u00e5 g\u00e6sterne nemt kan v\u00e6lge de sjove accessoires.<\/li>\n<li><strong>S\u00f8lvbaggrund<\/strong> &#8211; En elegant og glitrende baggrund, der giver dine julebilleder et magisk og festligt touch.<\/li>\n<li><strong>&#8220;Tag en selfie&#8221; Plakas\u0131<\/strong> &#8211; En sjov og opfordrende plakat, der f\u00e5r alle til at tage de bedste selfies og skabe fantastiske minder.<\/li>\n<\/ul>\n<p>Julepakken er perfekt til at g\u00f8re dit julearrangement uforglemmeligt. Pakke&#8217;nizi g\u00fcn i\u00e7inde en iyi \u015fekilde doldurun ve julefejring&#8217;iniz i\u00e7in en iyi faturalar\u0131 ve en iyi jeblikke&#8217;yi se\u00e7in!<\/p>\n","protected":false},"excerpt":{"rendered":"<p><strong>Julepakken &#8211; Skab den perfekte julestemning!<\/strong><\/p>\n<p>Julepakke&#8217;nizle julefejring&#8217;inizi g\u00fczelle\u015ftirin! Pakken indeholder julerekvisitter, en rekvisitholder, en glitrende s\u00f8lvbaggrund og en &#8220;Tag en selfie&#8221;-plakat &#8211; alt du beh\u00f8ver for at skabe festlige og sjove julebilleder! <\/p>\n","protected":false},"featured_media":3022,"template":"","meta":{"site-sidebar-layout":"default","site-content-layout":"","ast-site-content-layout":"default","site-content-style":"default","site-sidebar-style":"default","ast-global-header-display":"","ast-banner-title-visibility":"","ast-main-header-display":"","ast-hfb-above-header-display":"","ast-hfb-below-header-display":"","ast-hfb-mobile-header-display":"","site-post-title":"","ast-breadcrumbs-content":"","ast-featured-img":"","footer-sml-layout":"","theme-transparent-header-meta":"default","adv-header-id-meta":"","stick-header-meta":"","header-above-stick-meta":"","header-main-stick-meta":"","header-below-stick-meta":"","astra-migrate-meta-layouts":"default","ast-page-background-enabled":"default","ast-page-background-meta":{"desktop":{"background-color":"var(--ast-global-color-4)","background-image":"","background-repeat":"repeat","background-position":"center center","background-size":"auto","background-attachment":"scroll","background-type":"","background-media":"","overlay-type":"","overlay-color":"","overlay-opacity":"","overlay-gradient":""},"tablet":{"background-color":"","background-image":"","background-repeat":"repeat","background-position":"center center","background-size":"auto","background-attachment":"scroll","background-type":"","background-media":"","overlay-type":"","overlay-color":"","overlay-opacity":"","overlay-gradient":""},"mobile":{"background-color":"","background-image":"","background-repeat":"repeat","background-position":"center center","background-size":"auto","background-attachment":"scroll","background-type":"","background-media":"","overlay-type":"","overlay-color":"","overlay-opacity":"","overlay-gradient":""}},"ast-content-background-meta":{"desktop":{"background-color":"var(--ast-global-color-5)","background-image":"","background-repeat":"repeat","background-position":"center center","background-size":"auto","background-attachment":"scroll","background-type":"","background-media":"","overlay-type":"","overlay-color":"","overlay-opacity":"","overlay-gradient":""},"tablet":{"background-color":"var(--ast-global-color-5)","background-image":"","background-repeat":"repeat","background-position":"center center","background-size":"auto","background-attachment":"scroll","background-type":"","background-media":"","overlay-type":"","overlay-color":"","overlay-opacity":"","overlay-gradient":""},"mobile":{"background-color":"var(--ast-global-color-5)","background-image":"","background-repeat":"repeat","background-position":"center center","background-size":"auto","background-attachment":"scroll","background-type":"","background-media":"","overlay-type":"","overlay-color":"","overlay-opacity":"","overlay-gradient":""}}},"product_cat":[110],"product_tag":[],"mwb_booking_cost":[],"mwb_booking_service":[],"class_list":{"0":"post-3512","1":"product","2":"type-product","3":"status-publish","4":"has-post-thumbnail","6":"product_cat-pakker-tr","7":"desktop-align-left","8":"tablet-align-left","9":"mobile-align-left","11":"first","12":"instock","13":"sale","14":"taxable","15":"shipping-taxable","16":"purchasable","17":"product-type-simple"},"_links":{"self":[{"href":"https:\/\/lamiaselfie.com\/tr\/wp-json\/wp\/v2\/product\/3512","targetHints":{"allow":["GET"]}}],"collection":[{"href":"https:\/\/lamiaselfie.com\/tr\/wp-json\/wp\/v2\/product"}],"about":[{"href":"https:\/\/lamiaselfie.com\/tr\/wp-json\/wp\/v2\/types\/product"}],"version-history":[{"count":0,"href":"https:\/\/lamiaselfie.com\/tr\/wp-json\/wp\/v2\/product\/3512\/revisions"}],"wp:featuredmedia":[{"embeddable":true,"href":"https:\/\/lamiaselfie.com\/tr\/wp-json\/wp\/v2\/media\/3022"}],"wp:attachment":[{"href":"https:\/\/lamiaselfie.com\/tr\/wp-json\/wp\/v2\/media?parent=3512"}],"wp:term":[{"taxonomy":"product_cat","embeddable":true,"href":"https:\/\/lamiaselfie.com\/tr\/wp-json\/wp\/v2\/product_cat?post=3512"},{"taxonomy":"product_tag","embeddable":true,"href":"https:\/\/lamiaselfie.com\/tr\/wp-json\/wp\/v2\/product_tag?post=3512"},{"taxonomy":"mwb_booking_cost","embeddable":true,"href":"https:\/\/lamiaselfie.com\/tr\/wp-json\/wp\/v2\/mwb_booking_cost?post=3512"},{"taxonomy":"mwb_booking_service","embeddable":true,"href":"https:\/\/lamiaselfie.com\/tr\/wp-json\/wp\/v2\/mwb_booking_service?post=3512"}],"curies":[{"name":"wp","href":"https:\/\/api.w.org\/{rel}","templated":true}]}}