{"id":3565,"date":"2024-11-12T07:18:29","date_gmt":"2024-11-12T07:18:29","guid":{"rendered":"https:\/\/lamiaselfie.com\/product\/kobber-baggrund-2x2-metre\/"},"modified":"2024-11-12T07:18:29","modified_gmt":"2024-11-12T07:18:29","slug":"kobber-baggrund-2x2-metre","status":"publish","type":"product","link":"https:\/\/lamiaselfie.com\/tr\/product\/kobber-baggrund-2x2-metre\/","title":{"rendered":"Kobber Baggrund (2&#215;2 metre)"},"content":{"rendered":"<p><strong>Kobber Baggrund (2&#215;2 metre) &#8211; Den perfekte baggrund til din Partyselfie!<\/strong><\/p>\n<p><strong>Kobber Baggrund (2&#215;2 metre)<\/strong> ile \u015fenli\u011finize \u00e7e\u015fitlilik, zarafet ve k\u00fc\u00e7\u00fck bir cazibe kat\u0131n! Denne smukke kobberfarvede baggrund giver et sofistikeret og moderne pr\u00e6g til dine billeder, hvilket g\u00f8r den ideel til en r\u00e6kke festlige lejligheder som nyt\u00e5r, f\u00f8dselsdage, jubil\u00e6er eller enhver begivenhed, der fortjener et ekstra festligt touch. <strong>Partyselfie<\/strong> &#8216;lerinizi en g\u00fczel ve zarif \u00e7antalar\u0131n\u0131zla birle\u015ftirin. <\/p>\n<p><strong>Spesifikasyon:<\/strong><\/p>\n<ul>\n<li><strong>St\u00f8rrelse:<\/strong> 2&#215;2 metre &#8211; Profesyonel ve dolgun bir g\u00f6r\u00fcn\u00fcm elde etmek isteyen k\u00fc\u00e7\u00fck ve ma\u011faza foto\u011fraf\u00e7\u0131lar\u0131 i\u00e7in idealdir.<\/li>\n<li><strong>Selvkl\u00e6bende tape i toppen<\/strong> &#8211; Nem ops\u00e6tning, der g\u00f8r det hurtigt og problemfrit at h\u00e6nge baggrunden op.<\/li>\n<li><strong>Yerle\u015ftirme:<\/strong> Baggrunden er 2 meter bred og 2 meter h\u00f8j, anbefales det at placere din Partyselfie maks. 1,5 meter fra baggrunden for at f\u00e5 den bedste d\u00e6kning p\u00e5 dine billeder. <\/li>\n<li>Ogs\u00e5 kombinere flere baggrunde for ekstra d\u00e6kning eller placere flere baggrunde ovenp\u00e5 hinanden for at opn\u00e5 et endnu mere imponerende resultat.<\/li>\n<\/ul>\n<p>Med en <strong>Kobber Baggrund<\/strong> f\u00e5r et stilfuldt og glitrende look, der vil g\u00f8re dine billeder og Partyselfies extra specielle. G\u00fcn i\u00e7inde \u00e7antan\u0131z\u0131 en iyi \u015fekilde kullan\u0131n ve \u015fenli\u011finizi en iyi \u015fekilde ge\u00e7irin!<\/p>\n","protected":false},"excerpt":{"rendered":"<p><strong>Kobber Baggrund (2&#215;2 metre) &#8211; Den perfekte baggrund til din Partyselfie!<\/strong><\/p>\n<p>Partilerinize 2&#215;2 metrelik <strong>Kobber Baggrund<\/strong> ile zarif ve modern bir dokunu\u015f kat\u0131n. Den er nem at ops\u00e6tte med selvkl\u00e6bende tape og tilf\u00f8jer varme and glamour til dine billeder. Ekstra esneklik ve etkileyici bir sonu\u00e7 i\u00e7in farkl\u0131 torbalar\u0131 birle\u015ftirin.  <\/p>\n","protected":false},"featured_media":3077,"template":"","meta":{"site-sidebar-layout":"default","site-content-layout":"","ast-site-content-layout":"default","site-content-style":"default","site-sidebar-style":"default","ast-global-header-display":"","ast-banner-title-visibility":"","ast-main-header-display":"","ast-hfb-above-header-display":"","ast-hfb-below-header-display":"","ast-hfb-mobile-header-display":"","site-post-title":"","ast-breadcrumbs-content":"","ast-featured-img":"","footer-sml-layout":"","theme-transparent-header-meta":"default","adv-header-id-meta":"","stick-header-meta":"","header-above-stick-meta":"","header-main-stick-meta":"","header-below-stick-meta":"","astra-migrate-meta-layouts":"default","ast-page-background-enabled":"default","ast-page-background-meta":{"desktop":{"background-color":"var(--ast-global-color-4)","background-image":"","background-repeat":"repeat","background-position":"center center","background-size":"auto","background-attachment":"scroll","background-type":"","background-media":"","overlay-type":"","overlay-color":"","overlay-opacity":"","overlay-gradient":""},"tablet":{"background-color":"","background-image":"","background-repeat":"repeat","background-position":"center center","background-size":"auto","background-attachment":"scroll","background-type":"","background-media":"","overlay-type":"","overlay-color":"","overlay-opacity":"","overlay-gradient":""},"mobile":{"background-color":"","background-image":"","background-repeat":"repeat","background-position":"center center","background-size":"auto","background-attachment":"scroll","background-type":"","background-media":"","overlay-type":"","overlay-color":"","overlay-opacity":"","overlay-gradient":""}},"ast-content-background-meta":{"desktop":{"background-color":"var(--ast-global-color-5)","background-image":"","background-repeat":"repeat","background-position":"center center","background-size":"auto","background-attachment":"scroll","background-type":"","background-media":"","overlay-type":"","overlay-color":"","overlay-opacity":"","overlay-gradient":""},"tablet":{"background-color":"var(--ast-global-color-5)","background-image":"","background-repeat":"repeat","background-position":"center center","background-size":"auto","background-attachment":"scroll","background-type":"","background-media":"","overlay-type":"","overlay-color":"","overlay-opacity":"","overlay-gradient":""},"mobile":{"background-color":"var(--ast-global-color-5)","background-image":"","background-repeat":"repeat","background-position":"center center","background-size":"auto","background-attachment":"scroll","background-type":"","background-media":"","overlay-type":"","overlay-color":"","overlay-opacity":"","overlay-gradient":""}}},"product_cat":[126],"product_tag":[],"mwb_booking_cost":[],"mwb_booking_service":[],"class_list":{"0":"post-3565","1":"product","2":"type-product","3":"status-publish","4":"has-post-thumbnail","6":"product_cat-baggrunde-tr","7":"desktop-align-left","8":"tablet-align-left","9":"mobile-align-left","11":"first","12":"instock","13":"sale","14":"taxable","15":"shipping-taxable","16":"purchasable","17":"product-type-simple"},"_links":{"self":[{"href":"https:\/\/lamiaselfie.com\/tr\/wp-json\/wp\/v2\/product\/3565","targetHints":{"allow":["GET"]}}],"collection":[{"href":"https:\/\/lamiaselfie.com\/tr\/wp-json\/wp\/v2\/product"}],"about":[{"href":"https:\/\/lamiaselfie.com\/tr\/wp-json\/wp\/v2\/types\/product"}],"version-history":[{"count":0,"href":"https:\/\/lamiaselfie.com\/tr\/wp-json\/wp\/v2\/product\/3565\/revisions"}],"wp:featuredmedia":[{"embeddable":true,"href":"https:\/\/lamiaselfie.com\/tr\/wp-json\/wp\/v2\/media\/3077"}],"wp:attachment":[{"href":"https:\/\/lamiaselfie.com\/tr\/wp-json\/wp\/v2\/media?parent=3565"}],"wp:term":[{"taxonomy":"product_cat","embeddable":true,"href":"https:\/\/lamiaselfie.com\/tr\/wp-json\/wp\/v2\/product_cat?post=3565"},{"taxonomy":"product_tag","embeddable":true,"href":"https:\/\/lamiaselfie.com\/tr\/wp-json\/wp\/v2\/product_tag?post=3565"},{"taxonomy":"mwb_booking_cost","embeddable":true,"href":"https:\/\/lamiaselfie.com\/tr\/wp-json\/wp\/v2\/mwb_booking_cost?post=3565"},{"taxonomy":"mwb_booking_service","embeddable":true,"href":"https:\/\/lamiaselfie.com\/tr\/wp-json\/wp\/v2\/mwb_booking_service?post=3565"}],"curies":[{"name":"wp","href":"https:\/\/api.w.org\/{rel}","templated":true}]}}