{"id":3581,"date":"2024-11-12T07:55:49","date_gmt":"2024-11-12T07:55:49","guid":{"rendered":"https:\/\/lamiaselfie.com\/product\/balloner-rod-hvid\/"},"modified":"2024-11-12T07:55:49","modified_gmt":"2024-11-12T07:55:49","slug":"balloner-rod-hvid","status":"publish","type":"product","link":"https:\/\/lamiaselfie.com\/tr\/product\/balloner-rod-hvid\/","title":{"rendered":"Balloner (R\u00f8d + Hvid)"},"content":{"rendered":"<p><strong>Balloner (R\u00f8d + Hvid) &#8211; En iyi festival i\u00e7in m\u00fckemmel dekorasyon!<\/strong><\/p>\n<p>Festivalinizi flotte <strong>bl\u00e5 ve hvide balloner<\/strong> ile ekstra \u015fenlikli hale getirin! <strong>Bl\u00e5 studenterfest<\/strong>, <strong>svendegilde<\/strong>, <strong>konfirmation<\/strong>, <strong>barned\u00e5b<\/strong> veya en <strong>rund f\u00f8dselsdag<\/strong>&#8216;\u0131 kutluyorsan\u0131z, bu balloner&#8217;lar lejlighed&#8217;i geli\u015ftirmek i\u00e7in m\u00fckemmel bir dekorasyon olacakt\u0131r. Bl\u00e5 ve hvid kombinasyonu, b\u00e5de formelle ve mere afslappede arrangementer&#8217;a kadar uzanan zarif ve \u015fenlikli bir stemning olu\u015fturur. <\/p>\n<p><strong>Pakken indeholder:<\/strong><\/p>\n<ul>\n<li><strong>12 balloner (6 bl\u00e5 + 6 hvide)<\/strong> &#8211; Et ideelt antal til at skabe et festligt og livligt milj\u00f8.<\/li>\n<li><strong>Egnet til luft og helium<\/strong> &#8211; Ballonerne kan fyldes med b\u00e5de almindelig luft og helium, hvilket giver fleksibilitet til din dekoration. (Heliumballoner holder cirka 4 timer.) <\/li>\n<li><strong>Alsidige til mange anledninger<\/strong> &#8211; Perfekte til b\u00e5de sm\u00e5 og store fester, fra konfirmationer og barned\u00e5b til studenterfester og f\u00f8dselsdage.<\/li>\n<\/ul>\n<p><strong>Bl\u00e5 ve hvide balloner<\/strong> ile en \u015fenlikli ve g\u00fc\u00e7l\u00fc atmosferi yakalay\u0131n. G\u00fcn\u00fcn en iyi pakke&#8217;sini al\u0131n ve sadece \u00f6zel bir ziyafet \u00e7ekin!<\/p>\n","protected":false},"excerpt":{"rendered":"<p><strong>Balloner (R\u00f8d + Hvid) &#8211; Perfekt til enhver fest!<\/strong><\/p>\n<p>Bu flotte <strong>bl\u00e5 og hvide balloner<\/strong> en <strong>\u00f6\u011frenci festivali<\/strong>, <strong>konfirmasyon<\/strong>, <strong>barned\u00e5b<\/strong>, eller <strong>rund f\u00f8dselsdag<\/strong> i\u00e7in idealdir. Ballonerne kan fyldes med b\u00e5de luft og helium og tilf\u00f8jer en festlig stemning til enhver anledning. Pakken indeholder 12 stk. (6 bl\u00e5 + 6 hvide).   <\/p>\n","protected":false},"featured_media":3147,"template":"","meta":{"site-sidebar-layout":"default","site-content-layout":"","ast-site-content-layout":"default","site-content-style":"default","site-sidebar-style":"default","ast-global-header-display":"","ast-banner-title-visibility":"","ast-main-header-display":"","ast-hfb-above-header-display":"","ast-hfb-below-header-display":"","ast-hfb-mobile-header-display":"","site-post-title":"","ast-breadcrumbs-content":"","ast-featured-img":"","footer-sml-layout":"","theme-transparent-header-meta":"default","adv-header-id-meta":"","stick-header-meta":"","header-above-stick-meta":"","header-main-stick-meta":"","header-below-stick-meta":"","astra-migrate-meta-layouts":"default","ast-page-background-enabled":"default","ast-page-background-meta":{"desktop":{"background-color":"var(--ast-global-color-4)","background-image":"","background-repeat":"repeat","background-position":"center center","background-size":"auto","background-attachment":"scroll","background-type":"","background-media":"","overlay-type":"","overlay-color":"","overlay-opacity":"","overlay-gradient":""},"tablet":{"background-color":"","background-image":"","background-repeat":"repeat","background-position":"center center","background-size":"auto","background-attachment":"scroll","background-type":"","background-media":"","overlay-type":"","overlay-color":"","overlay-opacity":"","overlay-gradient":""},"mobile":{"background-color":"","background-image":"","background-repeat":"repeat","background-position":"center center","background-size":"auto","background-attachment":"scroll","background-type":"","background-media":"","overlay-type":"","overlay-color":"","overlay-opacity":"","overlay-gradient":""}},"ast-content-background-meta":{"desktop":{"background-color":"var(--ast-global-color-5)","background-image":"","background-repeat":"repeat","background-position":"center center","background-size":"auto","background-attachment":"scroll","background-type":"","background-media":"","overlay-type":"","overlay-color":"","overlay-opacity":"","overlay-gradient":""},"tablet":{"background-color":"var(--ast-global-color-5)","background-image":"","background-repeat":"repeat","background-position":"center center","background-size":"auto","background-attachment":"scroll","background-type":"","background-media":"","overlay-type":"","overlay-color":"","overlay-opacity":"","overlay-gradient":""},"mobile":{"background-color":"var(--ast-global-color-5)","background-image":"","background-repeat":"repeat","background-position":"center center","background-size":"auto","background-attachment":"scroll","background-type":"","background-media":"","overlay-type":"","overlay-color":"","overlay-opacity":"","overlay-gradient":""}}},"product_cat":[112],"product_tag":[],"mwb_booking_cost":[],"mwb_booking_service":[],"class_list":{"0":"post-3581","1":"product","2":"type-product","3":"status-publish","4":"has-post-thumbnail","6":"product_cat-ballonner-tal","7":"desktop-align-left","8":"tablet-align-left","9":"mobile-align-left","11":"first","12":"instock","13":"sale","14":"taxable","15":"shipping-taxable","16":"purchasable","17":"product-type-simple"},"_links":{"self":[{"href":"https:\/\/lamiaselfie.com\/tr\/wp-json\/wp\/v2\/product\/3581","targetHints":{"allow":["GET"]}}],"collection":[{"href":"https:\/\/lamiaselfie.com\/tr\/wp-json\/wp\/v2\/product"}],"about":[{"href":"https:\/\/lamiaselfie.com\/tr\/wp-json\/wp\/v2\/types\/product"}],"version-history":[{"count":0,"href":"https:\/\/lamiaselfie.com\/tr\/wp-json\/wp\/v2\/product\/3581\/revisions"}],"wp:featuredmedia":[{"embeddable":true,"href":"https:\/\/lamiaselfie.com\/tr\/wp-json\/wp\/v2\/media\/3147"}],"wp:attachment":[{"href":"https:\/\/lamiaselfie.com\/tr\/wp-json\/wp\/v2\/media?parent=3581"}],"wp:term":[{"taxonomy":"product_cat","embeddable":true,"href":"https:\/\/lamiaselfie.com\/tr\/wp-json\/wp\/v2\/product_cat?post=3581"},{"taxonomy":"product_tag","embeddable":true,"href":"https:\/\/lamiaselfie.com\/tr\/wp-json\/wp\/v2\/product_tag?post=3581"},{"taxonomy":"mwb_booking_cost","embeddable":true,"href":"https:\/\/lamiaselfie.com\/tr\/wp-json\/wp\/v2\/mwb_booking_cost?post=3581"},{"taxonomy":"mwb_booking_service","embeddable":true,"href":"https:\/\/lamiaselfie.com\/tr\/wp-json\/wp\/v2\/mwb_booking_service?post=3581"}],"curies":[{"name":"wp","href":"https:\/\/api.w.org\/{rel}","templated":true}]}}