{"id":3591,"date":"2024-11-12T07:49:36","date_gmt":"2024-11-12T07:49:36","guid":{"rendered":"https:\/\/lamiaselfie.com\/product\/ask-pa-snor\/"},"modified":"2024-11-12T07:49:36","modified_gmt":"2024-11-12T07:49:36","slug":"ask-pa-snor","status":"publish","type":"product","link":"https:\/\/lamiaselfie.com\/tr\/product\/ask-pa-snor\/","title":{"rendered":"A\u015eK &#8211; p\u00e5 snor"},"content":{"rendered":"<p><strong>LOVE &#8211; p\u00e5 snor &#8211; En stilfuld og elegant dekoration til enhver fejring<\/strong><\/p>\n<p>Festivalinize romantik ve zarif bir dokunu\u015f katmak i\u00e7in <strong>LOVE &#8211; p\u00e5 snor<\/strong> guirlande! Best\u00e5ende af <strong>hvid tekst p\u00e5 sort pap<\/strong>, h\u00e6ngt op p\u00e5 en <strong>sort snor<\/strong>, er denne guirlande perfekt til bryllupper, romantiske fester, eller som som en del af din dekoration til Valentinsdag orre k\u00e6rlighedsfester. Den kontrastfyldte farvekombination giver et moderne og tidl\u00f8st udtryk, der let passer ind i enhver indretning.  <\/p>\n<p><strong>Pakken indeholder:<\/strong><\/p>\n<ul>\n<li><strong>&#8220;LOVE&#8221; guirlande p\u00e5 snor<\/strong> &#8211; Bogstaverne &#8220;LOVE&#8221; er trykt i hvid tekst p\u00e5 sort pap og h\u00e6ngt op p\u00e5 en sort snor for et sofistikeret og stilfuldt udseende.<\/li>\n<li><strong>Enkel og elegant<\/strong> &#8211; Denne guirlande skaber en romantisk og festlig stemning uden at v\u00e6re for overdrevet, perfekt til b\u00e5de intime og st\u00f8rre fester.<\/li>\n<li><strong>Passer til alle lejligheder<\/strong> &#8211; Uanset om you fejrer et bryllup, en romantisk middag, or en anden k\u00e6rlighedsfuld begivenhed, vil denne guirlande s\u00e6tte den rette stemning.<\/li>\n<\/ul>\n<p><strong>Snor<\/strong> guirlande&#8217;da bu <strong>LOVE<\/strong> ile ho\u015f ve romantik bir atmosfer yarat\u0131n. G\u00fcn i\u00e7inde \u00e7antan\u0131z\u0131 en iyi \u015fekilde kullan\u0131n ve festivalinize zarif bir unsur kat\u0131n.<\/p>\n","protected":false},"excerpt":{"rendered":"<p><strong>LOVE &#8211; p\u00e5 snor &#8211; En stilfuld og elegant guirlande til enhver fejring!<\/strong><\/p>\n<p><strong>LOVE<\/strong> ile \u015fenli\u011finize romantik bir dokunu\u015f kat\u0131n <strong>&#8211; p\u00e5 snor<\/strong>. Hvid tekst p\u00e5 sort pap og sort snor skaber enkel, men sofistikeret guirlande, der er perfekt til bryllupper, romantiske fester eller enhver k\u00e6rlighedsfuld begivenhed. <\/p>\n","protected":false},"featured_media":3137,"template":"","meta":{"site-sidebar-layout":"default","site-content-layout":"","ast-site-content-layout":"default","site-content-style":"default","site-sidebar-style":"default","ast-global-header-display":"","ast-banner-title-visibility":"","ast-main-header-display":"","ast-hfb-above-header-display":"","ast-hfb-below-header-display":"","ast-hfb-mobile-header-display":"","site-post-title":"","ast-breadcrumbs-content":"","ast-featured-img":"","footer-sml-layout":"","theme-transparent-header-meta":"default","adv-header-id-meta":"","stick-header-meta":"","header-above-stick-meta":"","header-main-stick-meta":"","header-below-stick-meta":"","astra-migrate-meta-layouts":"default","ast-page-background-enabled":"default","ast-page-background-meta":{"desktop":{"background-color":"var(--ast-global-color-4)","background-image":"","background-repeat":"repeat","background-position":"center center","background-size":"auto","background-attachment":"scroll","background-type":"","background-media":"","overlay-type":"","overlay-color":"","overlay-opacity":"","overlay-gradient":""},"tablet":{"background-color":"","background-image":"","background-repeat":"repeat","background-position":"center center","background-size":"auto","background-attachment":"scroll","background-type":"","background-media":"","overlay-type":"","overlay-color":"","overlay-opacity":"","overlay-gradient":""},"mobile":{"background-color":"","background-image":"","background-repeat":"repeat","background-position":"center center","background-size":"auto","background-attachment":"scroll","background-type":"","background-media":"","overlay-type":"","overlay-color":"","overlay-opacity":"","overlay-gradient":""}},"ast-content-background-meta":{"desktop":{"background-color":"var(--ast-global-color-5)","background-image":"","background-repeat":"repeat","background-position":"center center","background-size":"auto","background-attachment":"scroll","background-type":"","background-media":"","overlay-type":"","overlay-color":"","overlay-opacity":"","overlay-gradient":""},"tablet":{"background-color":"var(--ast-global-color-5)","background-image":"","background-repeat":"repeat","background-position":"center center","background-size":"auto","background-attachment":"scroll","background-type":"","background-media":"","overlay-type":"","overlay-color":"","overlay-opacity":"","overlay-gradient":""},"mobile":{"background-color":"var(--ast-global-color-5)","background-image":"","background-repeat":"repeat","background-position":"center center","background-size":"auto","background-attachment":"scroll","background-type":"","background-media":"","overlay-type":"","overlay-color":"","overlay-opacity":"","overlay-gradient":""}}},"product_cat":[129],"product_tag":[],"mwb_booking_cost":[],"mwb_booking_service":[],"class_list":{"0":"post-3591","1":"product","2":"type-product","3":"status-publish","4":"has-post-thumbnail","6":"product_cat-plakater-guirlander-tr","7":"desktop-align-left","8":"tablet-align-left","9":"mobile-align-left","11":"first","12":"instock","13":"sale","14":"taxable","15":"shipping-taxable","16":"purchasable","17":"product-type-simple"},"_links":{"self":[{"href":"https:\/\/lamiaselfie.com\/tr\/wp-json\/wp\/v2\/product\/3591","targetHints":{"allow":["GET"]}}],"collection":[{"href":"https:\/\/lamiaselfie.com\/tr\/wp-json\/wp\/v2\/product"}],"about":[{"href":"https:\/\/lamiaselfie.com\/tr\/wp-json\/wp\/v2\/types\/product"}],"version-history":[{"count":0,"href":"https:\/\/lamiaselfie.com\/tr\/wp-json\/wp\/v2\/product\/3591\/revisions"}],"wp:featuredmedia":[{"embeddable":true,"href":"https:\/\/lamiaselfie.com\/tr\/wp-json\/wp\/v2\/media\/3137"}],"wp:attachment":[{"href":"https:\/\/lamiaselfie.com\/tr\/wp-json\/wp\/v2\/media?parent=3591"}],"wp:term":[{"taxonomy":"product_cat","embeddable":true,"href":"https:\/\/lamiaselfie.com\/tr\/wp-json\/wp\/v2\/product_cat?post=3591"},{"taxonomy":"product_tag","embeddable":true,"href":"https:\/\/lamiaselfie.com\/tr\/wp-json\/wp\/v2\/product_tag?post=3591"},{"taxonomy":"mwb_booking_cost","embeddable":true,"href":"https:\/\/lamiaselfie.com\/tr\/wp-json\/wp\/v2\/mwb_booking_cost?post=3591"},{"taxonomy":"mwb_booking_service","embeddable":true,"href":"https:\/\/lamiaselfie.com\/tr\/wp-json\/wp\/v2\/mwb_booking_service?post=3591"}],"curies":[{"name":"wp","href":"https:\/\/api.w.org\/{rel}","templated":true}]}}