{"id":3612,"date":"2025-01-23T06:33:04","date_gmt":"2025-01-23T06:33:04","guid":{"rendered":"https:\/\/lamiaselfie.com\/product\/la-mia-selfie\/"},"modified":"2025-01-23T09:01:10","modified_gmt":"2025-01-23T09:01:10","slug":"la-mia-selfie","status":"publish","type":"product","link":"https:\/\/lamiaselfie.com\/tr\/product\/la-mia-selfie\/","title":{"rendered":"La Mia Selfie"},"content":{"rendered":"<p>LamiaSelfie d\u00fc\u011f\u00fcnler, onaylar, do\u011fum g\u00fcnleri, \u015firket partileri ve di\u011fer t\u00fcm festival etkinlikleri i\u00e7in harika bir etkinliktir. LamiaSelfie ile siz ve misafirleriniz, otomatik olarak lamiaselfie.com&#8217;daki ki\u015fisel galerinize y\u00fcklenen e\u011flenceli foto\u011fraflar \u00e7ekebilir ve bunlar\u0131 kolayca indirebilir, payla\u015fabilir veya slayt g\u00f6sterisi olarak g\u00f6sterebilirsiniz. Kaikki voivat my\u00f6s suoraan puhelimitse skannata QR-koodin ja saada kuvansa suoraan puhelimitse. 10 hyv\u00e4\u00e4 syyt\u00e4 LamiaSelfien katsomiseen:<\/p>\n<ol>\n<li>Paras arvio Trustpilotissa arvosanalla 4,9 ja yli 4300 ilmoitusta!<\/li>\n<li>Jilet keskinli\u011finde g\u00f6r\u00fcnt\u00fcler<\/li>\n<li>Ekranda an\u0131nda g\u00f6r\u00fcnt\u00fcleme i\u00e7in slayt g\u00f6sterisi \u00f6zelli\u011fi*<\/li>\n<li>Tilaa laskut logolla tai hashtagilla oman online editorisi kautta.<\/li>\n<li>K\u00e4yt\u00e4nn\u00f6llinen QR-toiminto uusien laskujen lataamiseen<\/li>\n<li>Laskujen l\u00e4hett\u00e4minen linkin tai QR-koodin kautta.<\/li>\n<li>Ylikansallinen tuki &#8211; me olemme se, joka ei ole viel\u00e4 valmis.<\/li>\n<li>Aksesuarlar ve etkinlik kartlar\u0131 her zaman dahildir*<\/li>\n<li>Gidi\u015f-d\u00f6n\u00fc\u015f \u00fccretsiz kargo<\/li>\n<li>Sigorta dahildir<\/li>\n<\/ol>\n<p>*\u00c7evrimi\u00e7i portal\u0131m\u0131zla &#8211; WiFi ve kendi ekran\u0131n\u0131z\/bilgisayar\u0131n\u0131z\/projekt\u00f6r\u00fcn\u00fcz gerekir. Hangi etkinli\u011fi se\u00e7erseniz se\u00e7in, aksesuarlar ve etkinlik kartlar\u0131 i\u00e7eren \u00fccretsiz parti paketi dahildir. LamiaSelfie&#8217;ye sahip olmak ister misiniz? Ekstra bir LamiaSelfie kiralamak 795 kr. Sopii erinomaisesti juhliin, joissa on yli 100 juhlijaa tai tapahtumaa eri paikkakunnilla. Ekstralar sadece ilk LamiaSelfie-esiintymisesi&#8217;nde var. Ayr\u0131ca son eklentisini de deneyin: LamiaGreetings &#8211; sesli bir ziyaret\u00e7i defteri. LamiaSelfie ile birlikte LamiaGreetings&#8217;i sadece 400 DKK&#8217;ya ay\u0131rt\u0131n \ud83e\udd73 LamiaGreetings ile partiden hem resimler hem de ki\u015fisel selamlar al\u0131rs\u0131n\u0131z. Misafirleriniz gelin ve damat, onay veya do\u011fum g\u00fcn\u00fc partisi i\u00e7in bir mesaj b\u0131rakabilir. LamiaGreetings&#8217;i iade etti\u011finizde, size t\u00fcm mesajlar\u0131n bir ba\u011flant\u0131s\u0131n\u0131 g\u00f6nderece\u011fiz, bunlar\u0131 tekrar tekrar dinleyebilirsiniz \u2728 &#8211; en g\u00fczel anlar\u0131 yeniden ya\u015faman\u0131n harika bir yolu! LamiaGreetings nas\u0131l rezerve edilir:<br \/>\nLamiaGreetings sadece LamiaSelfie ile birlikte rezerve edilebilir:<\/p>\n<ol>\n<li>N\u00e4yt\u00e4 LamiaSelfie ja katso sivulle \ud83d\udc4f\ud83c\udffc<\/li>\n<li>G\u00f6r\u00fcnen a\u00e7\u0131l\u0131r pencere arac\u0131l\u0131\u011f\u0131yla LamiaGreetings&#8217;i ekleyin veya BURADAN sepetinize ekleyin<\/li>\n<li>\u00d6deme sayfas\u0131na gidin &#8211; 600 DKK indirim otomatik olarak d\u00fc\u015f\u00fcl\u00fcr<\/li>\n<li>Arkan\u0131za yaslan\u0131n ve etkinli\u011finizi d\u00f6rt g\u00f6zle bekleyin \ud83e\udef6<\/li>\n<\/ol>\n<p>Keskin g\u00f6r\u00fcnt\u00fcler ve m\u00fckemmel hizmet i\u00e7in garantiniz olan LamiaSelfie ile partinizi daha da unutulmaz k\u0131l\u0131n!<\/p>\n","protected":false},"excerpt":{"rendered":"<p>LamiaSelfie ile etkinli\u011finiz i\u00e7in birinci s\u0131n\u0131f e\u011flence elde edersiniz &#8211; ister d\u00fc\u011f\u00fcn, ister onay, do\u011fum g\u00fcn\u00fc veya \u015firket partisi olsun, LamiaSelfie her zaman \u015fenlikli ve unutulmaz bir etkinliktir \ud83e\udd73. O g\u00fcn e\u011flenceli ve unutulmaz bir e\u011flence ya\u015fayacaks\u0131n\u0131z ve partiden sonra atmosferi en iyi kalitede yakalayan bir g\u00f6r\u00fcnt\u00fc koleksiyonuyla ba\u015f ba\u015fa kalacaks\u0131n\u0131z. Partideki e\u011flenceyi ve g\u00fczel zamanlar\u0131 yakalamak istedi\u011finizde keyif alman\u0131z i\u00e7in. Katsokaa ja lukekaa \ud83d\udc47\ud83c\udffc&#8230;<\/p>\n","protected":false},"featured_media":2727,"template":"","meta":{"site-sidebar-layout":"default","site-content-layout":"","ast-site-content-layout":"default","site-content-style":"default","site-sidebar-style":"default","ast-global-header-display":"","ast-banner-title-visibility":"","ast-main-header-display":"","ast-hfb-above-header-display":"","ast-hfb-below-header-display":"","ast-hfb-mobile-header-display":"","site-post-title":"","ast-breadcrumbs-content":"","ast-featured-img":"","footer-sml-layout":"","theme-transparent-header-meta":"default","adv-header-id-meta":"","stick-header-meta":"","header-above-stick-meta":"","header-main-stick-meta":"","header-below-stick-meta":"","astra-migrate-meta-layouts":"set","ast-page-background-enabled":"default","ast-page-background-meta":{"desktop":{"background-color":"var(--ast-global-color-4)","background-image":"","background-repeat":"repeat","background-position":"center center","background-size":"auto","background-attachment":"scroll","background-type":"","background-media":"","overlay-type":"","overlay-color":"","overlay-opacity":"","overlay-gradient":""},"tablet":{"background-color":"","background-image":"","background-repeat":"repeat","background-position":"center center","background-size":"auto","background-attachment":"scroll","background-type":"","background-media":"","overlay-type":"","overlay-color":"","overlay-opacity":"","overlay-gradient":""},"mobile":{"background-color":"","background-image":"","background-repeat":"repeat","background-position":"center center","background-size":"auto","background-attachment":"scroll","background-type":"","background-media":"","overlay-type":"","overlay-color":"","overlay-opacity":"","overlay-gradient":""}},"ast-content-background-meta":{"desktop":{"background-color":"var(--ast-global-color-5)","background-image":"","background-repeat":"repeat","background-position":"center center","background-size":"auto","background-attachment":"scroll","background-type":"","background-media":"","overlay-type":"","overlay-color":"","overlay-opacity":"","overlay-gradient":""},"tablet":{"background-color":"var(--ast-global-color-5)","background-image":"","background-repeat":"repeat","background-position":"center center","background-size":"auto","background-attachment":"scroll","background-type":"","background-media":"","overlay-type":"","overlay-color":"","overlay-opacity":"","overlay-gradient":""},"mobile":{"background-color":"var(--ast-global-color-5)","background-image":"","background-repeat":"repeat","background-position":"center center","background-size":"auto","background-attachment":"scroll","background-type":"","background-media":"","overlay-type":"","overlay-color":"","overlay-opacity":"","overlay-gradient":""}}},"product_cat":[117],"product_tag":[],"mwb_booking_cost":[],"mwb_booking_service":[],"class_list":{"0":"post-3612","1":"product","2":"type-product","3":"status-publish","4":"has-post-thumbnail","6":"product_cat-rezervasyon","7":"desktop-align-left","8":"tablet-align-left","9":"mobile-align-left","11":"first","12":"instock","13":"virtual","14":"taxable","15":"purchasable","16":"product-type-mwb_booking"},"_links":{"self":[{"href":"https:\/\/lamiaselfie.com\/tr\/wp-json\/wp\/v2\/product\/3612","targetHints":{"allow":["GET"]}}],"collection":[{"href":"https:\/\/lamiaselfie.com\/tr\/wp-json\/wp\/v2\/product"}],"about":[{"href":"https:\/\/lamiaselfie.com\/tr\/wp-json\/wp\/v2\/types\/product"}],"version-history":[{"count":2,"href":"https:\/\/lamiaselfie.com\/tr\/wp-json\/wp\/v2\/product\/3612\/revisions"}],"predecessor-version":[{"id":3619,"href":"https:\/\/lamiaselfie.com\/tr\/wp-json\/wp\/v2\/product\/3612\/revisions\/3619"}],"wp:featuredmedia":[{"embeddable":true,"href":"https:\/\/lamiaselfie.com\/tr\/wp-json\/wp\/v2\/media\/2727"}],"wp:attachment":[{"href":"https:\/\/lamiaselfie.com\/tr\/wp-json\/wp\/v2\/media?parent=3612"}],"wp:term":[{"taxonomy":"product_cat","embeddable":true,"href":"https:\/\/lamiaselfie.com\/tr\/wp-json\/wp\/v2\/product_cat?post=3612"},{"taxonomy":"product_tag","embeddable":true,"href":"https:\/\/lamiaselfie.com\/tr\/wp-json\/wp\/v2\/product_tag?post=3612"},{"taxonomy":"mwb_booking_cost","embeddable":true,"href":"https:\/\/lamiaselfie.com\/tr\/wp-json\/wp\/v2\/mwb_booking_cost?post=3612"},{"taxonomy":"mwb_booking_service","embeddable":true,"href":"https:\/\/lamiaselfie.com\/tr\/wp-json\/wp\/v2\/mwb_booking_service?post=3612"}],"curies":[{"name":"wp","href":"https:\/\/api.w.org\/{rel}","templated":true}]}}